{"id":141,"date":"2024-12-10T10:49:21","date_gmt":"2024-12-10T10:49:21","guid":{"rendered":"https:\/\/chateaugort-wijntoerisme.nl\/?page_id=141"},"modified":"2025-04-10T10:19:48","modified_gmt":"2025-04-10T10:19:48","slug":"kontakt","status":"publish","type":"page","link":"https:\/\/chateaugort-wijntoerisme.nl\/de\/contact\/","title":{"rendered":"Kontakt"},"content":{"rendered":"<div class='breakdance'><section class=\"bde-section-141-100 bde-section\">\n  \n  \n\t\n\n\n\n<div class=\"section-container\"><h1 class=\"bde-heading-141-148 bde-heading\">\nKontakt\n<\/h1><div class=\"bde-fancy-divider-141-102 bde-fancy-divider\">\n\n\n<div class=\"bde-fancy-divider__wrapper\">\n  <div class=\"bde-fancy-divider__separator has-content\">\n  \t    \t    \t    \t\t\t    \t\t<div class=\"bde-fancy-divider__content bde-fancy-divider__content--icon\"><svg xmlns=\"http:\/\/www.w3.org\/2000\/svg\" viewbox=\"0 0 288 512\"><!-- Font Awesome Free 5.15.1 by @fontawesome - https:\/\/fontawesome.com License - https:\/\/fontawesome.com\/license\/free (Icons: CC BY 4.0, Fonts: SIL OFL 1.1, Code: MIT License) --><path d=\"M216 464h-40V346.81c68.47-15.89 118.05-79.91 111.4-154.16l-15.95-178.1C270.71 6.31 263.9 0 255.74 0H32.26c-8.15 0-14.97 6.31-15.7 14.55L.6 192.66C-6.05 266.91 43.53 330.93 112 346.82V464H72c-22.09 0-40 17.91-40 40 0 4.42 3.58 8 8 8h208c4.42 0 8-3.58 8-8 0-22.09-17.91-40-40-40zM61.75 48h164.5l7.17 80H54.58l7.17-80z\"\/><\/svg><\/div>\n    \t                  <\/div>\n<\/div>\n\n<\/div><\/div>\n<\/section><section class=\"bde-section-141-118 bde-section\">\n  \n  \n\t\n\n\n\n<div class=\"section-container\"><h2 class=\"bde-heading-141-119 bde-heading\">\nAdressen und \u00d6ffnungszeiten\n<\/h2><div class=\"bde-fancy-divider-141-121 bde-fancy-divider\">\n\n\n<div class=\"bde-fancy-divider__wrapper\">\n  <div class=\"bde-fancy-divider__separator has-content\">\n  \t    \t    \t    \t\t\t    \t\t<div class=\"bde-fancy-divider__content bde-fancy-divider__content--icon\"><svg xmlns=\"http:\/\/www.w3.org\/2000\/svg\" viewbox=\"0 0 288 512\"><!-- Font Awesome Free 5.15.1 by @fontawesome - https:\/\/fontawesome.com License - https:\/\/fontawesome.com\/license\/free (Icons: CC BY 4.0, Fonts: SIL OFL 1.1, Code: MIT License) --><path d=\"M216 464h-40V346.81c68.47-15.89 118.05-79.91 111.4-154.16l-15.95-178.1C270.71 6.31 263.9 0 255.74 0H32.26c-8.15 0-14.97 6.31-15.7 14.55L.6 192.66C-6.05 266.91 43.53 330.93 112 346.82V464H72c-22.09 0-40 17.91-40 40 0 4.42 3.58 8 8 8h208c4.42 0 8-3.58 8-8 0-22.09-17.91-40-40-40zM61.75 48h164.5l7.17 80H54.58l7.17-80z\"\/><\/svg><\/div>\n    \t                  <\/div>\n<\/div>\n\n<\/div><div class=\"bde-text-141-122 bde-text\">\nCh\u00e2teau Gort &amp; Gort befindet sich in Saint-Romain-la-Virv\u00e9e, 20 km n\u00f6rdlich von Bordeaux und 20 km s\u00fcdlich von St. Emillion.<br><br><b> Adresse Ch\u00e2teau Gort &amp; Gort: <\/b><br>235, Route du Chemin Court<br>33240 Saint-Romain-la-Virv\u00e9e<br><br><b> Adresse Bed &amp; Breakfast\/Ferienhaus: <\/b> <br>80, rue des P\u00eacheurs<br>33240 Asques<br><br>Bei Fragen zu den F\u00fchrungen, Verkostungen, dem Ferienhaus und den Weinkursen: Mail an <a href=\"mailto:visite@chateaugort.fr\">visite@chateaugort.fr<\/a> f\u00fcr weitere Informationen.\n<\/div><\/div>\n<\/section><section class=\"bde-section-141-124 bde-section\">\n  \n  \n\t\n\n\n\n<div class=\"section-container\"><div class=\"bde-columns-141-125 bde-columns\"><div class=\"bde-column-141-126 bde-column\">\n  \n  \n\t\n\n\n\n<img decoding=\"async\" class=\"bde-image2-141-127 bde-image2\" src=\"https:\/\/chateaugort-wijntoerisme.nl\/wp-content\/uploads\/2024\/12\/Chateau-mooi-cour_edit2-scaled.jpg\" loading=\"lazy\" srcset=\"https:\/\/chateaugort-wijntoerisme.nl\/wp-content\/uploads\/2024\/12\/Chateau-mooi-cour_edit2-scaled.jpg 2560w, https:\/\/chateaugort-wijntoerisme.nl\/wp-content\/uploads\/2024\/12\/Chateau-mooi-cour_edit2-300x237.jpg 300w, https:\/\/chateaugort-wijntoerisme.nl\/wp-content\/uploads\/2024\/12\/Chateau-mooi-cour_edit2-1024x808.jpg 1024w, https:\/\/chateaugort-wijntoerisme.nl\/wp-content\/uploads\/2024\/12\/Chateau-mooi-cour_edit2-768x606.jpg 768w, https:\/\/chateaugort-wijntoerisme.nl\/wp-content\/uploads\/2024\/12\/Chateau-mooi-cour_edit2-1536x1212.jpg 1536w, https:\/\/chateaugort-wijntoerisme.nl\/wp-content\/uploads\/2024\/12\/Chateau-mooi-cour_edit2-2048x1616.jpg 2048w\" sizes=\"(max-width: 2560px) 100vw, 2560px\">\n<\/div><div class=\"bde-column-141-128 bde-column\">\n              \n  \n  \n\t\n\n  <div class=\"section-background-overlay\"><\/div>\n\n\n<h2 class=\"bde-heading-141-129 bde-heading\">\nDie \u00d6ffnungszeiten\n<\/h2><div class=\"bde-fancy-divider-141-130 bde-fancy-divider\">\n\n\n<div class=\"bde-fancy-divider__wrapper\">\n  <div class=\"bde-fancy-divider__separator has-content\">\n  \t    \t    \t    \t\t\t    \t\t<div class=\"bde-fancy-divider__content bde-fancy-divider__content--icon\"><svg xmlns=\"http:\/\/www.w3.org\/2000\/svg\" viewbox=\"0 0 288 512\"><!-- Font Awesome Free 5.15.1 by @fontawesome - https:\/\/fontawesome.com License - https:\/\/fontawesome.com\/license\/free (Icons: CC BY 4.0, Fonts: SIL OFL 1.1, Code: MIT License) --><path d=\"M216 464h-40V346.81c68.47-15.89 118.05-79.91 111.4-154.16l-15.95-178.1C270.71 6.31 263.9 0 255.74 0H32.26c-8.15 0-14.97 6.31-15.7 14.55L.6 192.66C-6.05 266.91 43.53 330.93 112 346.82V464H72c-22.09 0-40 17.91-40 40 0 4.42 3.58 8 8 8h208c4.42 0 8-3.58 8-8 0-22.09-17.91-40-40-40zM61.75 48h164.5l7.17 80H54.58l7.17-80z\"\/><\/svg><\/div>\n    \t                  <\/div>\n<\/div>\n\n<\/div><h3 class=\"bde-heading-141-131 bde-heading\">\nTouren:<br>\n<\/h3><div class=\"bde-text-141-132 bde-text\">\nMontag bis Freitag um 16:00 Uhr:<br><i>Nur nach Vereinbarung<\/i>\n<\/div><div class=\"bde-button-141-145 bde-button\">\n    \n                                    \n    \n    \n    \n    \n            \n                    \n            \n            \n\n    \n    \n    \n    \n    \n    <a class=\"breakdance-link button-atom button-atom--primary bde-button__button\" href=\"\/de\/besichtigung\/\" target=\"_self\" data-type=\"url\"  >\n\n    \n        <span class=\"button-atom__text\">Informationen \u00fcber gef\u00fchrte Touren<\/span>\n\n        \n        \n                <\/a>\n\n    \n\n\n<\/div><h3 class=\"bde-heading-141-133 bde-heading\">\nCh\u00e2teaushop:\n<\/h3><div class=\"bde-text-141-134 bde-text\">\nVon Mai bis August:<br><i>Mo bis Fr von 13:00 bis 16:00<\/i><br><br>Von September bis April: <br><i>Nur nach Vereinbarung<\/i>\n<\/div><div class=\"bde-button-141-146 bde-button\">\n    \n                                    \n    \n    \n    \n    \n            \n                    \n            \n            \n\n    \n    \n    \n    \n    \n    <a class=\"breakdance-link button-atom button-atom--primary bde-button__button\" href=\"\/de\/chateauhop\/\" target=\"_self\" data-type=\"url\"  >\n\n    \n        <span class=\"button-atom__text\">Informationen \u00fcber den Schlossladen<\/span>\n\n        \n        \n                <\/a>\n\n    \n\n\n<\/div>\n<\/div><\/div><\/div>\n<\/section><section class=\"bde-section-141-135 bde-section\">\n  \n  \n\t\n\n\n\n<div class=\"section-container\"><div class=\"bde-columns-141-136 bde-columns\"><div class=\"bde-column-141-137 bde-column\">\n  \n  \n\t\n\n\n\n<h3 class=\"bde-heading-141-138 bde-heading\">\nSamstag, Sonntag und w\u00e4hrend der Weinlese ist das Ch\u00e2teau geschlossen.\n<\/h3><div class=\"bde-fancy-divider-141-139 bde-fancy-divider\">\n\n\n<div class=\"bde-fancy-divider__wrapper\">\n  <div class=\"bde-fancy-divider__separator has-content\">\n  \t    \t    \t    \t\t\t    \t\t<div class=\"bde-fancy-divider__content bde-fancy-divider__content--icon\"><svg xmlns=\"http:\/\/www.w3.org\/2000\/svg\" viewbox=\"0 0 288 512\"><!-- Font Awesome Free 5.15.1 by @fontawesome - https:\/\/fontawesome.com License - https:\/\/fontawesome.com\/license\/free (Icons: CC BY 4.0, Fonts: SIL OFL 1.1, Code: MIT License) --><path d=\"M216 464h-40V346.81c68.47-15.89 118.05-79.91 111.4-154.16l-15.95-178.1C270.71 6.31 263.9 0 255.74 0H32.26c-8.15 0-14.97 6.31-15.7 14.55L.6 192.66C-6.05 266.91 43.53 330.93 112 346.82V464H72c-22.09 0-40 17.91-40 40 0 4.42 3.58 8 8 8h208c4.42 0 8-3.58 8-8 0-22.09-17.91-40-40-40zM61.75 48h164.5l7.17 80H54.58l7.17-80z\"\/><\/svg><\/div>\n    \t                  <\/div>\n<\/div>\n\n<\/div><div class=\"bde-text-141-140 bde-text\">\nDie Schlie\u00dfung der Weinlese f\u00e4llt in der Regel in die Zeit zwischen Mitte September und Mitte Oktober, in der das Ch\u00e2teau nicht besucht werden kann.<br><br>In dieser Zeit ist auch der Laden geschlossen und es werden keine F\u00fchrungen oder Verkostungen organisiert.\n<\/div>\n<\/div><div class=\"bde-column-141-141 bde-column\">\n  \n  \n\t\n\n\n\n\n<\/div><\/div><\/div>\n<\/section><\/div>","protected":false},"excerpt":{"rendered":"<p>Contact Adressen en openingstijden Ch\u00e2teau Gort &#038; Gort bevindt zich in Saint-Romain-la-Virv\u00e9e, op 20 km ten noorden van Bordeaux en 20 km te zuiden van St. Emillion. Adres Ch\u00e2teau Gort &#038; Gort: 235, Route du Chemin Court33240 Saint-Romain-la-Virv\u00e9e Adres Bed &#038; Breakfast\/vakantiehuis: 80, rue des P\u00eacheurs33240 AsquesVoor vragen over de rondleidingen, proeverijen, het vakantiehuis en [&hellip;]<\/p>\n","protected":false},"author":2,"featured_media":0,"parent":0,"menu_order":0,"comment_status":"closed","ping_status":"closed","template":"","meta":{"_acf_changed":false,"_breakdance_hide_in_design_set":false,"_breakdance_tags":"","footnotes":""},"class_list":["post-141","page","type-page","status-publish","hentry"],"acf":[],"_links":{"self":[{"href":"https:\/\/chateaugort-wijntoerisme.nl\/de\/wp-json\/wp\/v2\/pages\/141","targetHints":{"allow":["GET"]}}],"collection":[{"href":"https:\/\/chateaugort-wijntoerisme.nl\/de\/wp-json\/wp\/v2\/pages"}],"about":[{"href":"https:\/\/chateaugort-wijntoerisme.nl\/de\/wp-json\/wp\/v2\/types\/page"}],"author":[{"embeddable":true,"href":"https:\/\/chateaugort-wijntoerisme.nl\/de\/wp-json\/wp\/v2\/users\/2"}],"replies":[{"embeddable":true,"href":"https:\/\/chateaugort-wijntoerisme.nl\/de\/wp-json\/wp\/v2\/comments?post=141"}],"version-history":[{"count":27,"href":"https:\/\/chateaugort-wijntoerisme.nl\/de\/wp-json\/wp\/v2\/pages\/141\/revisions"}],"predecessor-version":[{"id":677,"href":"https:\/\/chateaugort-wijntoerisme.nl\/de\/wp-json\/wp\/v2\/pages\/141\/revisions\/677"}],"wp:attachment":[{"href":"https:\/\/chateaugort-wijntoerisme.nl\/de\/wp-json\/wp\/v2\/media?parent=141"}],"curies":[{"name":"wp","href":"https:\/\/api.w.org\/{rel}","templated":true}]}}