{"id":23,"date":"2024-09-21T10:29:41","date_gmt":"2024-09-21T10:29:41","guid":{"rendered":"https:\/\/chateaugort-visite.nl\/?page_id=23"},"modified":"2026-02-24T13:59:52","modified_gmt":"2026-02-24T13:59:52","slug":"bnb","status":"publish","type":"page","link":"https:\/\/chateaugort-wijntoerisme.nl\/de\/bnb\/","title":{"rendered":"\u00dcBERNACHTUNG MIT FR\u00dcHST\u00dcCK"},"content":{"rendered":"<div class='breakdance'><section class=\"bde-section-23-100 bde-section\">\n  \n  \n\t\n\n\n\n<div class=\"section-container\"><h1 class=\"bde-heading-23-101 bde-heading\">\n\u00dcbernachtung und Fr\u00fchst\u00fcck\n<\/h1><div class=\"bde-fancy-divider-23-102 bde-fancy-divider\">\n\n\n<div class=\"bde-fancy-divider__wrapper\">\n  <div class=\"bde-fancy-divider__separator has-content\">\n  \t    \t    \t    \t\t\t    \t\t<div class=\"bde-fancy-divider__content bde-fancy-divider__content--icon\"><svg xmlns=\"http:\/\/www.w3.org\/2000\/svg\" viewbox=\"0 0 288 512\"><!-- Font Awesome Free 5.15.1 by @fontawesome - https:\/\/fontawesome.com License - https:\/\/fontawesome.com\/license\/free (Icons: CC BY 4.0, Fonts: SIL OFL 1.1, Code: MIT License) --><path d=\"M216 464h-40V346.81c68.47-15.89 118.05-79.91 111.4-154.16l-15.95-178.1C270.71 6.31 263.9 0 255.74 0H32.26c-8.15 0-14.97 6.31-15.7 14.55L.6 192.66C-6.05 266.91 43.53 330.93 112 346.82V464H72c-22.09 0-40 17.91-40 40 0 4.42 3.58 8 8 8h208c4.42 0 8-3.58 8-8 0-22.09-17.91-40-40-40zM61.75 48h164.5l7.17 80H54.58l7.17-80z\"\/><\/svg><\/div>\n    \t                  <\/div>\n<\/div>\n\n<\/div><\/div>\n<\/section><section class=\"bde-section-23-122 bde-section\">\n  \n  \n\t\n\n\n\n<div class=\"section-container\"><h2 class=\"bde-heading-23-123 bde-heading\">\n\u00dcbernachtung in einem Nebengeb\u00e4ude des Ch\u00e2teau\n<\/h2><h3 class=\"bde-heading-23-124 bde-heading\">\n\n<\/h3><div class=\"bde-fancy-divider-23-125 bde-fancy-divider\">\n\n\n<div class=\"bde-fancy-divider__wrapper\">\n  <div class=\"bde-fancy-divider__separator has-content\">\n  \t    \t    \t    \t\t\t    \t\t<div class=\"bde-fancy-divider__content bde-fancy-divider__content--icon\"><svg xmlns=\"http:\/\/www.w3.org\/2000\/svg\" viewbox=\"0 0 288 512\"><!-- Font Awesome Free 5.15.1 by @fontawesome - https:\/\/fontawesome.com License - https:\/\/fontawesome.com\/license\/free (Icons: CC BY 4.0, Fonts: SIL OFL 1.1, Code: MIT License) --><path d=\"M216 464h-40V346.81c68.47-15.89 118.05-79.91 111.4-154.16l-15.95-178.1C270.71 6.31 263.9 0 255.74 0H32.26c-8.15 0-14.97 6.31-15.7 14.55L.6 192.66C-6.05 266.91 43.53 330.93 112 346.82V464H72c-22.09 0-40 17.91-40 40 0 4.42 3.58 8 8 8h208c4.42 0 8-3.58 8-8 0-22.09-17.91-40-40-40zM61.75 48h164.5l7.17 80H54.58l7.17-80z\"\/><\/svg><\/div>\n    \t                  <\/div>\n<\/div>\n\n<\/div><div class=\"bde-text-23-126 bde-text\">\nNur wenige Kilometer von Ch\u00e2teau Gort &amp; Gort entfernt, in dem vertr\u00e4umten Fischerdorf Asques, liegt ein wundersch\u00f6nes Maison de Ma\u00eetre aus dem 18. Jahrhundert direkt am Ufer der Dordogne. Es wurde aus wei\u00dfen Steinbl\u00f6cken im Stil der traditionellen Bordeaux-Weinkellereien erbaut und beherbergt vier stimmungsvolle Weinkeller, eine gut ausgestattete K\u00fcche, einen \u00fcppigen Garten und eine Panoramaterrasse mit Blick auf das Wasser. <br><br>Ab dem 1. Mai 2025 vermieten wir diesen idyllischen Ort komplett als Ferienhaus und nicht mehr einzelne B&amp;B-Zimmer mit Fr\u00fchst\u00fcck.<br><br>Bei einem Aufenthalt in diesem fantastischen Ferienhaus ist eine Besichtigung von Ch\u00e2teau Gort &amp; Gort inbegriffen - nat\u00fcrlich mit einer ausgiebigen Weinverkostung.\n<\/div><\/div>\n<\/section><section class=\"bde-section-23-156 bde-section\">\n  \n  \n\t\n\n\n\n<div class=\"section-container\"><div class=\"bde-columns-23-157 bde-columns\"><div class=\"bde-column-23-158 bde-column\">\n              \n  \n  \n\t\n\n  <div class=\"section-background-overlay\"><\/div>\n\n\n<h2 class=\"bde-heading-23-159 bde-heading\">\nUnser neues Ferienhaus\n<\/h2><h3 class=\"bde-heading-23-160 bde-heading\">\nan der Dordogne\n<\/h3><div class=\"bde-fancy-divider-23-161 bde-fancy-divider\">\n\n\n<div class=\"bde-fancy-divider__wrapper\">\n  <div class=\"bde-fancy-divider__separator has-content\">\n  \t    \t    \t    \t\t\t    \t\t<div class=\"bde-fancy-divider__content bde-fancy-divider__content--icon\"><svg xmlns=\"http:\/\/www.w3.org\/2000\/svg\" viewbox=\"0 0 288 512\"><!-- Font Awesome Free 5.15.1 by @fontawesome - https:\/\/fontawesome.com License - https:\/\/fontawesome.com\/license\/free (Icons: CC BY 4.0, Fonts: SIL OFL 1.1, Code: MIT License) --><path d=\"M216 464h-40V346.81c68.47-15.89 118.05-79.91 111.4-154.16l-15.95-178.1C270.71 6.31 263.9 0 255.74 0H32.26c-8.15 0-14.97 6.31-15.7 14.55L.6 192.66C-6.05 266.91 43.53 330.93 112 346.82V464H72c-22.09 0-40 17.91-40 40 0 4.42 3.58 8 8 8h208c4.42 0 8-3.58 8-8 0-22.09-17.91-40-40-40zM61.75 48h164.5l7.17 80H54.58l7.17-80z\"\/><\/svg><\/div>\n    \t                  <\/div>\n<\/div>\n\n<\/div><div class=\"bde-text-23-162 bde-text\">\nAb dem 1. Mai 2025 wird das B&amp;B eine G\u00eete sein, ein Ferienhaus, das Sie komplett mieten k\u00f6nnen. \n<\/div><div class=\"bde-button-23-163 bde-button\">\n    \n                        \n                        \n    \n    \n    \n    \n            \n                    \n            \n            \n\n    \n    \n    \n    \n    \n    <a class=\"breakdance-link button-atom button-atom--primary bde-button__button\" href=\"\/de\/gite\/\" target=\"_self\" data-type=\"url\"  >\n\n    \n        <span class=\"button-atom__text\">Zum Ferienhaus<\/span>\n\n        \n        \n                <\/a>\n\n    \n\n\n<\/div>\n<\/div><div class=\"bde-column-23-164 bde-column\">\n  \n  \n\t\n\n\n\n<img decoding=\"async\" class=\"bde-image2-23-165 bde-image2\" src=\"https:\/\/chateaugort-wijntoerisme.nl\/wp-content\/uploads\/2024\/12\/BB_HuisTerrasedit_HR.jpg\" loading=\"lazy\" srcset=\"https:\/\/chateaugort-wijntoerisme.nl\/wp-content\/uploads\/2024\/12\/BB_HuisTerrasedit_HR.jpg 1600w, https:\/\/chateaugort-wijntoerisme.nl\/wp-content\/uploads\/2024\/12\/BB_HuisTerrasedit_HR-300x225.jpg 300w, https:\/\/chateaugort-wijntoerisme.nl\/wp-content\/uploads\/2024\/12\/BB_HuisTerrasedit_HR-1024x768.jpg 1024w, https:\/\/chateaugort-wijntoerisme.nl\/wp-content\/uploads\/2024\/12\/BB_HuisTerrasedit_HR-768x576.jpg 768w, https:\/\/chateaugort-wijntoerisme.nl\/wp-content\/uploads\/2024\/12\/BB_HuisTerrasedit_HR-1536x1152.jpg 1536w\" sizes=\"(max-width: 1600px) 100vw, 1600px\">\n<\/div><\/div><\/div>\n<\/section><\/div>","protected":false},"excerpt":{"rendered":"<p>Bed &#038; Breakfast Overnachten in een d\u00e9pendance van het Ch\u00e2teau Op een paar kilometer afstand van Ch\u00e2teau Gort &#038; Gort, in het dromerige vissersdorpje Asques, ligt een prachtig achttiende-eeuws Maison de Ma\u00eetre, direct aan de oever van de Dordogne. Opgetrokken uit witte steenblokken in de stijl van de traditionele Bordeaux-wijnhuizen, herbergt het vier sfeervolle wijnboerenkamers, [&hellip;]<\/p>\n","protected":false},"author":2,"featured_media":0,"parent":0,"menu_order":0,"comment_status":"closed","ping_status":"closed","template":"","meta":{"_acf_changed":false,"_breakdance_hide_in_design_set":false,"_breakdance_tags":"","footnotes":""},"class_list":["post-23","page","type-page","status-publish","hentry"],"acf":[],"_links":{"self":[{"href":"https:\/\/chateaugort-wijntoerisme.nl\/de\/wp-json\/wp\/v2\/pages\/23","targetHints":{"allow":["GET"]}}],"collection":[{"href":"https:\/\/chateaugort-wijntoerisme.nl\/de\/wp-json\/wp\/v2\/pages"}],"about":[{"href":"https:\/\/chateaugort-wijntoerisme.nl\/de\/wp-json\/wp\/v2\/types\/page"}],"author":[{"embeddable":true,"href":"https:\/\/chateaugort-wijntoerisme.nl\/de\/wp-json\/wp\/v2\/users\/2"}],"replies":[{"embeddable":true,"href":"https:\/\/chateaugort-wijntoerisme.nl\/de\/wp-json\/wp\/v2\/comments?post=23"}],"version-history":[{"count":22,"href":"https:\/\/chateaugort-wijntoerisme.nl\/de\/wp-json\/wp\/v2\/pages\/23\/revisions"}],"predecessor-version":[{"id":960,"href":"https:\/\/chateaugort-wijntoerisme.nl\/de\/wp-json\/wp\/v2\/pages\/23\/revisions\/960"}],"wp:attachment":[{"href":"https:\/\/chateaugort-wijntoerisme.nl\/de\/wp-json\/wp\/v2\/media?parent=23"}],"curies":[{"name":"wp","href":"https:\/\/api.w.org\/{rel}","templated":true}]}}