{"id":358,"date":"2024-12-19T17:47:38","date_gmt":"2024-12-19T17:47:38","guid":{"rendered":"https:\/\/chateaugort-wijntoerisme.nl\/?page_id=358"},"modified":"2024-12-24T14:54:32","modified_gmt":"2024-12-24T14:54:32","slug":"buchung-erfolgreich","status":"publish","type":"page","link":"https:\/\/chateaugort-wijntoerisme.nl\/de\/gite\/boeking-geslaagd\/","title":{"rendered":"Boeking geslaagd"},"content":{"rendered":"<div class='breakdance'><section class=\"bde-section-358-209 bde-section\">\n  \n  \n\t\n\n\n\n<div class=\"section-container\"><h1 class=\"bde-heading-358-210 bde-heading\">\nIhre Buchung war erfolgreich!\n<\/h1><div class=\"bde-fancy-divider-358-211 bde-fancy-divider\">\n\n\n<div class=\"bde-fancy-divider__wrapper\">\n  <div class=\"bde-fancy-divider__separator has-content\">\n  \t    \t    \t    \t\t\t    \t\t<div class=\"bde-fancy-divider__content bde-fancy-divider__content--icon\"><svg xmlns=\"http:\/\/www.w3.org\/2000\/svg\" viewbox=\"0 0 288 512\"><!-- Font Awesome Free 5.15.1 by @fontawesome - https:\/\/fontawesome.com License - https:\/\/fontawesome.com\/license\/free (Icons: CC BY 4.0, Fonts: SIL OFL 1.1, Code: MIT License) --><path d=\"M216 464h-40V346.81c68.47-15.89 118.05-79.91 111.4-154.16l-15.95-178.1C270.71 6.31 263.9 0 255.74 0H32.26c-8.15 0-14.97 6.31-15.7 14.55L.6 192.66C-6.05 266.91 43.53 330.93 112 346.82V464H72c-22.09 0-40 17.91-40 40 0 4.42 3.58 8 8 8h208c4.42 0 8-3.58 8-8 0-22.09-17.91-40-40-40zM61.75 48h164.5l7.17 80H54.58l7.17-80z\"\/><\/svg><\/div>\n    \t                  <\/div>\n<\/div>\n\n<\/div><\/div>\n<\/section><section class=\"bde-section-358-301 bde-section\">\n  \n  \n\t\n\n\n\n<div class=\"section-container\"><h2 class=\"bde-heading-358-302 bde-heading\">\nSie kommen und bleiben in der G\u00eete\n<\/h2><div class=\"bde-fancy-divider-358-304 bde-fancy-divider\">\n\n\n<div class=\"bde-fancy-divider__wrapper\">\n  <div class=\"bde-fancy-divider__separator has-content\">\n  \t    \t    \t    \t\t\t    \t\t<div class=\"bde-fancy-divider__content bde-fancy-divider__content--icon\"><svg xmlns=\"http:\/\/www.w3.org\/2000\/svg\" viewbox=\"0 0 288 512\"><!-- Font Awesome Free 5.15.1 by @fontawesome - https:\/\/fontawesome.com License - https:\/\/fontawesome.com\/license\/free (Icons: CC BY 4.0, Fonts: SIL OFL 1.1, Code: MIT License) --><path d=\"M216 464h-40V346.81c68.47-15.89 118.05-79.91 111.4-154.16l-15.95-178.1C270.71 6.31 263.9 0 255.74 0H32.26c-8.15 0-14.97 6.31-15.7 14.55L.6 192.66C-6.05 266.91 43.53 330.93 112 346.82V464H72c-22.09 0-40 17.91-40 40 0 4.42 3.58 8 8 8h208c4.42 0 8-3.58 8-8 0-22.09-17.91-40-40-40zM61.75 48h164.5l7.17 80H54.58l7.17-80z\"\/><\/svg><\/div>\n    \t                  <\/div>\n<\/div>\n\n<\/div><div class=\"bde-text-358-305 bde-text\">\nHurra! Ihre Buchung war erfolgreich. Bald werden Sie und Ihre Gruppe in unserer sch\u00f6nen G\u00eete in der Dordogne wohnen. <br><br>Wenn alles in Ordnung ist, sollten Sie inzwischen eine Best\u00e4tigung in Ihrem E-Mail-Posteingang erhalten haben. Wenn Sie in einer Stunde noch nichts erhalten haben, kontaktieren Sie uns bitte unter <a href=\"mailto:visite@chateaugort.fr\">visite@chateaugort.fr<\/a>.<br><br>Bis bald, wir freuen uns schon darauf! \n<\/div><div class=\"bde-button-358-306 bde-button\">\n    \n                        \n                        \n    \n    \n    \n    \n            \n                    \n            \n            \n\n    \n    \n    \n    \n    \n    <a class=\"breakdance-link button-atom button-atom--primary bde-button__button\" href=\"\/de\/\" target=\"_self\" data-type=\"url\"  >\n\n    \n        <span class=\"button-atom__text\">Zur\u00fcck zur Startseite<\/span>\n\n        \n        \n                <\/a>\n\n    \n\n\n<\/div><\/div>\n<\/section><\/div>","protected":false},"excerpt":{"rendered":"<p>Je boeking is geslaagd! Je komt logeren in de G\u00eete Hoera! Je boeking is geslaagd. Binnenkort verblijf je met je gezelschap in onze prachtige g\u00eete aan de Dordogne. Als het goed is heb je inmiddels een bevestiging ontvangen in je e-mail inbox. Mocht je over een uur nog niks hebben ontvangen neem dan even contact [&hellip;]<\/p>\n","protected":false},"author":2,"featured_media":0,"parent":25,"menu_order":0,"comment_status":"closed","ping_status":"closed","template":"","meta":{"_acf_changed":false,"_breakdance_hide_in_design_set":false,"_breakdance_tags":"","footnotes":""},"class_list":["post-358","page","type-page","status-publish","hentry"],"acf":[],"_links":{"self":[{"href":"https:\/\/chateaugort-wijntoerisme.nl\/de\/wp-json\/wp\/v2\/pages\/358","targetHints":{"allow":["GET"]}}],"collection":[{"href":"https:\/\/chateaugort-wijntoerisme.nl\/de\/wp-json\/wp\/v2\/pages"}],"about":[{"href":"https:\/\/chateaugort-wijntoerisme.nl\/de\/wp-json\/wp\/v2\/types\/page"}],"author":[{"embeddable":true,"href":"https:\/\/chateaugort-wijntoerisme.nl\/de\/wp-json\/wp\/v2\/users\/2"}],"replies":[{"embeddable":true,"href":"https:\/\/chateaugort-wijntoerisme.nl\/de\/wp-json\/wp\/v2\/comments?post=358"}],"version-history":[{"count":5,"href":"https:\/\/chateaugort-wijntoerisme.nl\/de\/wp-json\/wp\/v2\/pages\/358\/revisions"}],"predecessor-version":[{"id":466,"href":"https:\/\/chateaugort-wijntoerisme.nl\/de\/wp-json\/wp\/v2\/pages\/358\/revisions\/466"}],"up":[{"embeddable":true,"href":"https:\/\/chateaugort-wijntoerisme.nl\/de\/wp-json\/wp\/v2\/pages\/25"}],"wp:attachment":[{"href":"https:\/\/chateaugort-wijntoerisme.nl\/de\/wp-json\/wp\/v2\/media?parent=358"}],"curies":[{"name":"wp","href":"https:\/\/api.w.org\/{rel}","templated":true}]}}