{"id":404,"date":"2024-12-23T13:15:17","date_gmt":"2024-12-23T13:15:17","guid":{"rendered":"https:\/\/chateaugort-wijntoerisme.nl\/?page_id=404"},"modified":"2025-06-03T10:15:31","modified_gmt":"2025-06-03T10:15:31","slug":"bedingungen-und-konditionen","status":"publish","type":"page","link":"https:\/\/chateaugort-wijntoerisme.nl\/de\/gite\/algemene-voorwaarden\/","title":{"rendered":"Allgemeine Bedingungen und Konditionen"},"content":{"rendered":"<div class='breakdance'><section class=\"bde-section-404-100 bde-section\">\n  \n  \n\t\n\n\n\n<div class=\"section-container\"><h1 class=\"bde-heading-404-101 bde-heading\">\nAllgemeine Bedingungen und Konditionen\n<\/h1><div class=\"bde-fancy-divider-404-102 bde-fancy-divider\">\n\n\n<div class=\"bde-fancy-divider__wrapper\">\n  <div class=\"bde-fancy-divider__separator has-content\">\n  \t    \t    \t    \t\t\t    \t\t<div class=\"bde-fancy-divider__content bde-fancy-divider__content--icon\"><svg xmlns=\"http:\/\/www.w3.org\/2000\/svg\" viewbox=\"0 0 288 512\"><!-- Font Awesome Free 5.15.1 by @fontawesome - https:\/\/fontawesome.com License - https:\/\/fontawesome.com\/license\/free (Icons: CC BY 4.0, Fonts: SIL OFL 1.1, Code: MIT License) --><path d=\"M216 464h-40V346.81c68.47-15.89 118.05-79.91 111.4-154.16l-15.95-178.1C270.71 6.31 263.9 0 255.74 0H32.26c-8.15 0-14.97 6.31-15.7 14.55L.6 192.66C-6.05 266.91 43.53 330.93 112 346.82V464H72c-22.09 0-40 17.91-40 40 0 4.42 3.58 8 8 8h208c4.42 0 8-3.58 8-8 0-22.09-17.91-40-40-40zM61.75 48h164.5l7.17 80H54.58l7.17-80z\"\/><\/svg><\/div>\n    \t                  <\/div>\n<\/div>\n\n<\/div><\/div>\n<\/section><section class=\"bde-section-404-103 bde-section\">\n  \n  \n\t\n\n\n\n<div class=\"section-container\"><h2 class=\"bde-heading-404-104 bde-heading\">\nKleingedrucktes<br>G\u00eete Ch\u00e2teau Gort\n<\/h2><div class=\"bde-fancy-divider-404-106 bde-fancy-divider\">\n\n\n<div class=\"bde-fancy-divider__wrapper\">\n  <div class=\"bde-fancy-divider__separator has-content\">\n  \t    \t    \t    \t\t\t    \t\t<div class=\"bde-fancy-divider__content bde-fancy-divider__content--icon\"><svg xmlns=\"http:\/\/www.w3.org\/2000\/svg\" viewbox=\"0 0 288 512\"><!-- Font Awesome Free 5.15.1 by @fontawesome - https:\/\/fontawesome.com License - https:\/\/fontawesome.com\/license\/free (Icons: CC BY 4.0, Fonts: SIL OFL 1.1, Code: MIT License) --><path d=\"M216 464h-40V346.81c68.47-15.89 118.05-79.91 111.4-154.16l-15.95-178.1C270.71 6.31 263.9 0 255.74 0H32.26c-8.15 0-14.97 6.31-15.7 14.55L.6 192.66C-6.05 266.91 43.53 330.93 112 346.82V464H72c-22.09 0-40 17.91-40 40 0 4.42 3.58 8 8 8h208c4.42 0 8-3.58 8-8 0-22.09-17.91-40-40-40zM61.75 48h164.5l7.17 80H54.58l7.17-80z\"\/><\/svg><\/div>\n    \t                  <\/div>\n<\/div>\n\n<\/div><div class=\"bde-rich-text-404-109 bde-rich-text breakdance-rich-text-styles\">\n<p style=\"text-align: left;\"><span style=\"font-weight: 400;\">G\u00eete Ch\u00e2teau Gort<\/span><span style=\"font-weight: 400;\"><br \/><\/span><span style=\"font-weight: 400;\">80 rue des P\u00eacheurs<\/span><span style=\"font-weight: 400;\"><br \/><\/span><span style=\"font-weight: 400;\">33240 Asques<\/span><span style=\"font-weight: 400;\"><br \/><\/span><span style=\"font-weight: 400;\">Frankreich\u00a0<\/span><\/p><h3 style=\"text-align: left;\"><b>Handelsname<\/b><\/h3><p style=\"text-align: left;\"><span style=\"font-weight: 400;\">SARL Ch\u00e2teau Gort &amp; Gort<\/span><span style=\"font-weight: 400;\"><br \/><\/span><span style=\"font-weight: 400;\">235 route du Chemin Court<\/span><span style=\"font-weight: 400;\"><br \/><\/span><span style=\"font-weight: 400;\">33240 Saint-Romain-la-Virv\u00e9e<\/span><span style=\"font-weight: 400;\"><br \/><\/span><span style=\"font-weight: 400;\">Frankreich <\/span><span style=\"font-weight: 400;\"><br \/><\/span><span style=\"font-weight: 400;\">SIRENE 398 043 778<\/span><span style=\"font-weight: 400;\"><br \/><\/span><span style=\"font-weight: 400;\">visite@chateaugort.fr<\/span><\/p><h3 style=\"text-align: left;\"><b>Preise\u00a0<\/b><\/h3><p style=\"text-align: left;\">Ch\u00e2teau Gort G\u00eete kann f\u00fcr eine Gruppe von bis zu acht Personen gebucht werden. Ein zus\u00e4tzliches Kinderbett und\/oder Babybett kann gebucht werden. <br \/><br \/>Auch Hunde sind willkommen.\u00a0<\/p><p style=\"text-align: left;\">Sie k\u00f6nnen das Ferienhaus f\u00fcr mindestens drei N\u00e4chte mieten. Der Check-in ist von Montag bis Freitag m\u00f6glich. Bei einem Aufenthalt von sieben N\u00e4chten erhalten Sie eine Nacht gratis.<\/p><p style=\"text-align: left;\"><span style=\"font-weight: 400;\">Die Preise variieren je nach Saison:<\/span><span style=\"font-weight: 400;\"><br \/><\/span><span style=\"font-weight: 400;\">- Hochsaison vom 1. Mai bis 30. September<\/span><span style=\"font-weight: 400;\"><br \/><\/span><span style=\"font-weight: 400;\">- Nebensaison vom 1. Oktober bis 30. April<\/span><\/p><p style=\"text-align: left;\"><b>Hochsaison-Tarif <\/b><b><br \/><\/b><span style=\"font-weight: 400;\">1. Mai bis 30. September: 290 \u20ac pro Nacht.<br \/><\/span><span style=\"font-weight: 400;\">1.740 \u20ac f\u00fcr eine ganze Woche (7 N\u00e4chte)*<\/span><b><br \/><\/b><b><br \/><\/b><b>Nebensaison-Tarif<\/b><b><br \/><\/b><span style=\"font-weight: 400;\">1. Oktober bis 30. April: 220 \u20ac pro Nacht<\/span><b><br \/><\/b><span style=\"font-weight: 400;\">1.320 \u20ac f\u00fcr eine ganze Woche (7 N\u00e4chte)*<\/span><\/p><p style=\"text-align: left;\"><em><span style=\"font-weight: 400;\">*Bei einer Buchung von 7 N\u00e4chten erhalten Sie 1 Nacht Rabatt.<\/span><\/em><\/p><p style=\"text-align: left;\"><span style=\"font-weight: 400;\">Zus\u00e4tzliche Optionen:<\/span><\/p><ul style=\"text-align: left;\"><li style=\"font-weight: 400;\" aria-level=\"1\"><span style=\"font-weight: 400;\">Ich m\u00f6chte einen Hund mitbringen: 50 \u20ac pro Buchung;\u00a0<\/span><\/li><li style=\"font-weight: 400;\" aria-level=\"1\"><span style=\"font-weight: 400;\">Ich m\u00f6chte zus\u00e4tzlich ein Kinderbett: 50 \u20ac;\u00a0<\/span><\/li><li style=\"font-weight: 400;\" aria-level=\"1\"><span style=\"font-weight: 400;\">Ich m\u00f6chte zus\u00e4tzlich ein konfektioniertes Kinderbett: 50 \u20ac.\u00a0<\/span><\/li><\/ul><p style=\"text-align: left;\"><span style=\"font-weight: 400;\">Der Preis beinhaltet:<\/span><\/p><ul style=\"text-align: left;\"><li style=\"font-weight: 400;\" aria-level=\"1\"><span style=\"font-weight: 400;\">Betten und Handt\u00fccher gemacht;<\/span><\/li><li style=\"font-weight: 400;\" aria-level=\"1\"><span style=\"font-weight: 400;\">Eine Flasche Wein bei der Ankunft;\u00a0<\/span><\/li><li style=\"font-weight: 400;\" aria-level=\"1\"><span style=\"font-weight: 400;\">Endreinigung;<\/span><\/li><li style=\"font-weight: 400;\" aria-level=\"1\"><span style=\"font-weight: 400;\">Kurtaxe von 1,09 \u20ac pro Person und Nacht;\u00a0<\/span><\/li><li style=\"font-weight: 400;\" aria-level=\"1\"><span style=\"font-weight: 400;\">Ausf\u00fchrliche F\u00fchrung mit Weinverkostung auf Ch\u00e2teau Gort &amp; Gort f\u00fcr alle G\u00e4ste <\/span><span style=\"font-weight: 400;\">(buchbar von Montag bis Freitag um 16 Uhr).\u00a0<\/span><\/li><\/ul><p style=\"text-align: left;\"><span style=\"font-weight: 400;\">Es gibt auch die M\u00f6glichkeit, Wein im Ch\u00e2teaushop au Ch\u00e2teau Gort &amp; Gort zu kaufen, von Montag bis Freitag innerhalb der \u00d6ffnungszeiten. Die Bezahlung ist in bar und per Pin m\u00f6glich.\u00a0<\/span><\/p><p style=\"text-align: left;\"><b>Hinweis<\/b><span style=\"font-weight: 400;\">An den Wochenenden ist das Ch\u00e2teau geschlossen. F\u00fchrungen sind nur von Montag bis Freitag um 16 Uhr m\u00f6glich.\u00a0<\/span><\/p><p style=\"text-align: left;\"><span style=\"font-weight: 400;\">Das Ch\u00e2teau ist auch w\u00e4hrend der Weinlese geschlossen. Die Schlie\u00dfung der Weinlese f\u00e4llt in der Regel in die Zeit zwischen Mitte September und Mitte Oktober. In dieser Zeit ist auch der Schlossladen geschlossen und es werden keine F\u00fchrungen oder Verkostungen organisiert.<\/span> <span style=\"font-weight: 400;\">Aber die gute Nachricht ist, dass die G\u00eete ge\u00f6ffnet ist und es in der Umgebung viele M\u00f6glichkeiten gibt, etwas zu unternehmen, also herzlich willkommen!<\/span><\/p><h3 style=\"text-align: left;\"><b>Buchungen<\/b><\/h3><p style=\"text-align: left;\"><span style=\"font-weight: 400;\">Ch\u00e2teau Gort G\u00eete kann \u00fcber das Buchungsmodul auf der Website www.chateaugort-wijntoerisme.nl\/gite gebucht werden. Die Zahlung erfolgt direkt bei der Buchung, verf\u00fcgbare Zahlungsarten: iDeal, PayPal und Kreditkarte. Die Zahlung wird \u00fcber die Zahlungsplattform Mollie abgewickelt. Die Buchungsbest\u00e4tigung wird Ihnen umgehend per E-Mail zugesandt.<\/span><\/p><h3 style=\"text-align: left;\"><b>Allgemeine Bedingungen und Konditionen<\/b><\/h3><p style=\"text-align: left;\"><b>Zahlung<\/b><b><br \/><\/b><span style=\"font-weight: 400;\">Die Zahlung erfolgt w\u00e4hrend des Buchungsvorgangs, verf\u00fcgbare Zahlungsarten: iDeal, PayPal und Kreditkarte. Alle Extras werden bei der Abreise beglichen (Pin oder bar).<\/span><span style=\"font-weight: 400;\"><br \/><\/span>Die Schl\u00fcsselkaution betr\u00e4gt 100 \u20ac und wird direkt bei der Buchung bezahlt. 7 Tage nach Ihrem Aufenthalt wird die Kaution auf Ihr Konto zur\u00fcckerstattet.<\/p><p style=\"text-align: left;\"><b>Annullierungspolitik<\/b><b><br \/><\/b><span style=\"font-weight: 400;\">Ch\u00e2teau Gort G\u00eete ist eine kleine G\u00eete, daher ist es f\u00fcr uns besonders \u00e4rgerlich, wenn Sie stornieren. <\/span><span style=\"font-weight: 400;\"><br \/><\/span><span style=\"font-weight: 400;\">F\u00fcr die Stornierung gelten die folgenden Bedingungen:<\/span><span style=\"font-weight: 400;\"><br \/><\/span><span style=\"font-weight: 400;\">- 100% Erstattung bis zu 4 Wochen vor dem Anreisedatum;<\/span><span style=\"font-weight: 400;\"><br \/><\/span><span style=\"font-weight: 400;\">- 50% Erstattung bis zu 2 Wochen vor dem Anreisedatum;<\/span><span style=\"font-weight: 400;\"><br \/><\/span><span style=\"font-weight: 400;\">- Keine R\u00fcckerstattung innerhalb von 2 Wochen vor dem Anreisedatum oder bei unangek\u00fcndigter Abwesenheit.<\/span><\/p><p style=\"text-align: left;\"><span style=\"font-weight: 400;\">Im Falle einer vorzeitigen Abreise ist leider keine R\u00fcckerstattung m\u00f6glich. <\/span><span style=\"font-weight: 400;\"><br \/><\/span><span style=\"font-weight: 400;\">Wir empfehlen Ihnen, selbst eine angemessene Reise- und R\u00fccktrittsversicherung abzuschlie\u00dfen.<\/span><\/p><p style=\"text-align: left;\"><span style=\"font-weight: 400;\">Ch\u00e2teau Gort G\u00eete kann die Reservierungsvereinbarung im Falle von h\u00f6herer Gewalt, Naturkatastrophen, au\u00dfergew\u00f6hnlichen Wetterbedingungen, Feuer, Tod des Eigent\u00fcmers oder eines nahen Angeh\u00f6rigen und Krankenhausaufenthalt stornieren.<\/span><\/p><p style=\"text-align: left;\"><b>Ankunft und Abreise<\/b><b><br \/><\/b>Der Check-in ist zwischen 16:00 und 19:00 Uhr im Ch\u00e2teau Gort &amp; Gort m\u00f6glich.<br \/>Wenn es keine andere M\u00f6glichkeit gibt und Sie voraussichtlich sp\u00e4ter ankommen, senden Sie bitte vorab eine E-Mail an visite@chateaugort.fr oder rufen Sie Meriam unter der Nummer +31 6 42 83 04 04 an, um entsprechende Vereinbarungen zu treffen!<\/p><p style=\"text-align: left;\"><span style=\"font-weight: 400;\">Nach Absprache k\u00f6nnen Sie Ihr Hab und Gut auch fr\u00fcher deponieren.<\/span><\/p><p style=\"text-align: left;\"><span style=\"font-weight: 400;\">Beim Check-in f\u00fcllt der Hauptbucher die Fiche d'H\u00f4tel aus, ein von der franz\u00f6sischen Regierung vorgeschriebenes Anmeldeformular, in dem Name, Geburtsort und -datum, Staatsangeh\u00f6rigkeit und Kontaktdaten des Hauptbuchers abgefragt werden.\u00a0<\/span><\/p><p style=\"text-align: left;\"><b>Auschecken bis 10 Uhr;<\/b><span style=\"font-weight: 400;\"> Das bedeutet auch, dass Sie die Schl\u00fcssel zur\u00fcckgeben m\u00fcssen. Die Kaution wird Ihnen ca. 7 Tage nach der Abreise auf Ihr Konto zur\u00fcckerstattet. Vergewissern Sie sich, dass Backofen, K\u00fchlschrank, Gefrierschrank, Geschirrsp\u00fcler, Waschmaschine und Trockner leer sind und der M\u00fcll in den entsprechenden Beh\u00e4ltern in der K\u00fcche sortiert ist. <\/span><span style=\"font-weight: 400;\"><br \/><\/span><span style=\"font-weight: 400;\"><br \/><\/span><span style=\"font-weight: 400;\">C'est tout! Wir machen den Rest der Reinigung.\u00a0<\/span><\/p><p style=\"text-align: left;\"><b>Schl\u00fcssel hinterlegen<\/b><b><br \/><\/b><span style=\"font-weight: 400;\">Beim Einchecken erhalten die G\u00e4ste die Schl\u00fcssel f\u00fcr das Ch\u00e2teau Gort G\u00eete.<\/span><\/p><p style=\"text-align: left;\"><span style=\"font-weight: 400;\">Als Anzahlung zahlt der Gast bei der Buchung des Aufenthalts 100 \u20ac.<\/span><span style=\"font-weight: 400;\"><br \/><\/span><span style=\"font-weight: 400;\">Bei der Abreise gibt der Gast die Schl\u00fcssel an Meriam oder ein anderes Mitglied der Gort &amp; Gort \u00e9quipe zur\u00fcck; zu diesem Zweck werden wir am Tag der Abreise in der G\u00eete anwesend sein. Die Kaution wird etwa 7 Tage nach der Abreise auf das Konto des Buchers zur\u00fcckerstattet. Bei Verlust, Bruch oder Nichtr\u00fcckgabe der Schl\u00fcssel verliert der Gast die Kaution.<\/span><\/p><p style=\"text-align: left;\"><b>Interne Vorschriften<\/b><b><br \/><\/b><span style=\"font-weight: 400;\">Ch\u00e2teau Gort G\u00eete hat eine Reihe von Hausregeln:<\/span><\/p><ul style=\"text-align: left;\"><li style=\"font-weight: 400;\" aria-level=\"1\"><i><span style=\"font-weight: 400;\">Erstattung<\/span><\/i><span style=\"font-weight: 400;\"><br \/><\/span><span style=\"font-weight: 400;\">Wenn der Gast ein Chaos anrichtet und wir ihn im schlimmsten Fall bitten m\u00fcssen, zu gehen, k\u00f6nnen wir den restlichen Aufenthalt nicht erstatten.<\/span><span style=\"font-weight: 400;\"><br \/><\/span><\/li><li style=\"font-weight: 400;\" aria-level=\"1\"><i><span style=\"font-weight: 400;\">Haustiere<\/span><\/i><i><span style=\"font-weight: 400;\"><br \/><\/span><\/i><span style=\"font-weight: 400;\">Hunde sind willkommen, gem\u00fctlich! Sie k\u00f6nnen Ihren treuen vierbeinigen Freund in die G\u00eete mitbringen, wof\u00fcr eine zus\u00e4tzliche Reinigungsgeb\u00fchr von 50 \u20ac pro Buchung berechnet wird.<\/span><span style=\"font-weight: 400;\"><br \/><\/span><\/li><li style=\"font-weight: 400;\" aria-level=\"1\"><i><span style=\"font-weight: 400;\">Rauchen<\/span><\/i><i><span style=\"font-weight: 400;\"><br \/><\/span><\/i><span style=\"font-weight: 400;\">Das Rauchen ist auf dem Gel\u00e4nde nicht gestattet. Bitte lassen Sie auch keine Zigarettenstummel auf der Stra\u00dfe oder im Garten liegen. Bitte machen Sie sie ordnungsgem\u00e4\u00df aus und werfen Sie sie in den Aschenbecher oder den Papierkorb.<\/span><span style=\"font-weight: 400;\"><br \/><\/span><\/li><li style=\"font-weight: 400;\" aria-level=\"1\"><i><span style=\"font-weight: 400;\">Bel\u00e4stigung<\/span><\/i><i><span style=\"font-weight: 400;\"><br \/><\/span><\/i><span style=\"font-weight: 400;\">Die G\u00eete Ch\u00e2teau Gort befindet sich in einer kleinen Stra\u00dfe mit lieben Nachbarn; achten Sie also darauf, nicht zu viel L\u00e4rm au\u00dferhalb der G\u00eete zu machen. Um die Ruhe der Nachbarn nicht zu st\u00f6ren, bitten wir Sie, nicht die ganze Stra\u00dfe entlang zu fahren. Falls n\u00f6tig, k\u00f6nnen Sie Ihr Gep\u00e4ck in der G\u00eete abstellen und dann den gleichen Weg zur\u00fcck zum Parkplatz fahren. Achten Sie darauf, nicht in den Graben zu fahren!\u00a0<br \/><\/span><\/li><li style=\"font-weight: 400;\" aria-level=\"1\"><i><span style=\"font-weight: 400;\">Besucher aufnehmen<\/span><\/i><i><span style=\"font-weight: 400;\"><br \/><\/span><\/i><span style=\"font-weight: 400;\">Dies ist nur in Absprache und mit Genehmigung der Gort &amp; Gort \u00e9quipe erlaubt.<\/span><span style=\"font-weight: 400;\"><br \/><\/span><\/li><li style=\"font-weight: 400;\" aria-level=\"1\"><i><span style=\"font-weight: 400;\">Bitte bringen Sie keine M\u00f6bel oder anderes Inventar nach drau\u00dfen.<\/span><\/i><i><span style=\"font-weight: 400;\"><br \/><\/span><\/i><span style=\"font-weight: 400;\">Es ist jedoch erlaubt, Gl\u00e4ser, Teller, Besteck und Tischt\u00fccher drau\u00dfen zu benutzen.<\/span><span style=\"font-weight: 400;\"><br \/><\/span><\/li><li style=\"font-weight: 400;\" aria-level=\"1\"><i><span style=\"font-weight: 400;\">Feuerl\u00f6scher und Erste-Hilfe-Kasten sind vorhanden<\/span><\/i><span style=\"font-weight: 400;\"><br \/><\/span><span style=\"font-weight: 400;\">Feuerl\u00f6scher befinden sich in der K\u00fcche, in der Diele und im Flur auf beiden Etagen. Der Erste-Hilfe-Kasten h\u00e4ngt im Treppenschrank bei den Reinigungsutensilien.<\/span><span style=\"font-weight: 400;\"><br \/><\/span><\/li><li style=\"font-weight: 400;\" aria-level=\"1\"><i><span style=\"font-weight: 400;\">Nachhaltig<\/span><\/i><i><span style=\"font-weight: 400;\"><br \/><\/span><\/i><span style=\"font-weight: 400;\">Wir von Ch\u00e2teau Gort G\u00eete lieben die Natur und tun unser Bestes, um sie so gut wie m\u00f6glich zu behandeln. Wir trennen den Abfall, helfen Sie uns? <br \/><br \/><\/span>Die Abfalleimer befinden sich in der K\u00fcche. Pappe, Dosen und Plastik k\u00f6nnen in die Recycling-Tonne, organische Abf\u00e4lle in die Biotonne, Glas in den Altglascontainer und der restliche Abfall in den daf\u00fcr vorgesehenen Beh\u00e4lter geworfen werden.<\/li><\/ul><ul style=\"text-align: left;\"><li style=\"font-weight: 400;\" aria-level=\"1\"><i><span style=\"font-weight: 400;\">Zugang und Verriegelung<\/span><\/i><i><span style=\"font-weight: 400;\"><br \/><\/span><\/i><span style=\"font-weight: 400;\">Die G\u00eete Ch\u00e2teau Gort geh\u00f6rt Ihnen w\u00e4hrend Ihres Aufenthalts, wir sind nur beim Auschecken in der G\u00eete anwesend. Wenn Sie sich nicht in unmittelbarer N\u00e4he der G\u00eete aufhalten, schlie\u00dfen Sie bitte T\u00fcren und Fenster ab. Die Versicherung deckt keine Sch\u00e4den im Falle eines Einbruchs. Eigentum der G\u00eete Ch\u00e2teau Gort, das durch Ihr Verschulden verloren geht, m\u00fcssen wir leider von Ihnen zur\u00fcckfordern.<\/span><span style=\"font-weight: 400;\"><br \/><\/span><\/li><li style=\"font-weight: 400;\" aria-level=\"1\"><i><span style=\"font-weight: 400;\">Parken<\/span><\/i><i><span style=\"font-weight: 400;\"><br \/><\/span><\/i><span style=\"font-weight: 400;\">Sie k\u00f6nnen am Anfang der Stra\u00dfe parken, neben den M\u00fcllcontainern. Bei Bedarf k\u00f6nnen Sie Ihr Gep\u00e4ck an der Herberge abstellen und dann denselben Weg zur\u00fcck zum Parkplatz fahren; achten Sie darauf, nicht in den Graben zu fahren! <\/span><span style=\"font-weight: 400;\"><br \/><\/span><span style=\"font-weight: 400;\">Die G\u00eete Ch\u00e2teau Gort liegt an einer engen Stra\u00dfe, die wir mit unseren lieben franz\u00f6sischen Nachbarn teilen. Um deren Ruhe nicht zu st\u00f6ren, bitten wir Sie, nicht die ganze Stra\u00dfe entlang zu fahren. <\/span><span style=\"font-weight: 400;\">Parken auf eigene Gefahr.<\/span><\/li><\/ul><p style=\"text-align: left;\"><b>Haftung<\/b><b><br \/><\/b><span style=\"font-weight: 400;\">Die G\u00e4ste des Ch\u00e2teau Gort G\u00eete sind selbst f\u00fcr die Sicherheit der mitgebrachten Kinder und Haustiere verantwortlich. Dies gilt f\u00fcr das Innere der G\u00eete, aber auch f\u00fcr den Au\u00dfenbereich, wie den Garten, die Terrasse und den Spielplatz.<\/span><span style=\"font-weight: 400;\"><br \/><\/span><span style=\"font-weight: 400;\">Die G\u00eete Ch\u00e2teau Gort verpflichtet sich, nach Meldung von Bel\u00e4stigungen durch G\u00e4ste geeignete Ma\u00dfnahmen zu ergreifen.<\/span><\/p><p style=\"text-align: left;\"><span style=\"font-weight: 400;\">Ist etwas kaputt gegangen? Wenn ja, melden Sie dies so schnell wie m\u00f6glich der Gort &amp; Gort \u00e9quipe. Bei schwerwiegenden Sch\u00e4den, die der Gast verursacht hat, kann die Kaution einbehalten werden und auch die Versicherung kann eingeschaltet werden.\u00a0<\/span><\/p><p style=\"text-align: left;\"><span style=\"font-weight: 400;\">Wir empfehlen, selbst eine gute Reise- und Reiser\u00fccktrittsversicherung abzuschlie\u00dfen.\u00a0<\/span><\/p><p style=\"text-align: left;\"><b>Datenschutz<\/b><b><br \/><\/b><span style=\"font-weight: 400;\">Das Ch\u00e2teau Gort G\u00eete ist verantwortlich f\u00fcr die Verarbeitung der pers\u00f6nlichen Daten, wie sie in unserem <a href=\"https:\/\/chateaugort-wijntoerisme.nl\/de\/erklarung-zum-datenschutz\/\">Erkl\u00e4rung zum Datenschutz<\/a>.<\/span><\/p><p style=\"text-align: left;\"><b>Beanstandungen<\/b><b><br \/><\/b><span style=\"font-weight: 400;\">Haben Sie eine Beschwerde? Wenn ja, melden Sie sie Meriam noch w\u00e4hrend Ihres Aufenthalts; sie wird alles tun, um das Problem so schnell wie m\u00f6glich zu l\u00f6sen. <\/span><span style=\"font-weight: 400;\"><br \/><\/span><span style=\"font-weight: 400;\">In dringenden F\u00e4llen, die nicht bis zum n\u00e4chsten Tag warten k\u00f6nnen, ist sie unter der Nummer +31 6 42 83 04 04 erreichbar.<\/span><\/p><p style=\"text-align: left;\"><span style=\"font-weight: 400;\">Die Allgemeinen Gesch\u00e4ftsbedingungen sind auf www.chateaugort-wijntoerisme.nl aufgef\u00fchrt und werden mit der Buchungsbest\u00e4tigung zugesandt. Eine Kopie liegt auch auf dem Zimmer aus. Wir w\u00fcnschen Ihnen einen sch\u00f6nen Aufenthalt in der G\u00eete Ch\u00e2teau Gort.<\/span><\/p><p style=\"text-align: left;\"><span style=\"font-weight: 400;\">Klaas Gort und Meriam Last<\/span><span style=\"font-weight: 400;\"><br \/><\/span><em><span style=\"font-weight: 400;\">Saint-Romain-la-Virv\u00e9e\/Asques, November 2024<\/span><\/em><\/p>\n<\/div><div class=\"bde-button-404-115 bde-button\">\n    \n                        \n                        \n    \n    \n    \n    \n            \n                    \n            \n            \n\n    \n    \n    \n    \n    \n    <a class=\"breakdance-link button-atom button-atom--primary bde-button__button\" href=\"\/de\/\" target=\"_self\" data-type=\"url\"  >\n\n    \n        <span class=\"button-atom__text\">Zur\u00fcck nach Hause<\/span>\n\n        \n        \n                <\/a>\n\n    \n\n\n<\/div><\/div>\n<\/section><\/div>","protected":false},"excerpt":{"rendered":"<p>Algemene voorwaarden Kleine lettertjesCh\u00e2teau Gort G\u00eete Ch\u00e2teau Gort G\u00eete80 rue des P\u00eacheurs33240 AsquesFrankrijk\u00a0HandelsnaamSARL Ch\u00e2teau Gort &amp; Gort235 route du Chemin Court33240 Saint-Romain-la-Virv\u00e9eFrankrijk SIREN 398 043 778visite@chateaugort.frTarieven\u00a0Ch\u00e2teau Gort G\u00eete is te boeken voor een gezelschap tot acht personen. Een extra kinderbed en\/of babyledikantje is bij te boeken. Honden zijn ook welkom.\u00a0Je kan het vakantiehuis huren voor [&hellip;]<\/p>\n","protected":false},"author":2,"featured_media":0,"parent":25,"menu_order":0,"comment_status":"closed","ping_status":"closed","template":"","meta":{"_acf_changed":false,"_breakdance_hide_in_design_set":false,"_breakdance_tags":"","footnotes":""},"class_list":["post-404","page","type-page","status-publish","hentry"],"acf":[],"_links":{"self":[{"href":"https:\/\/chateaugort-wijntoerisme.nl\/de\/wp-json\/wp\/v2\/pages\/404","targetHints":{"allow":["GET"]}}],"collection":[{"href":"https:\/\/chateaugort-wijntoerisme.nl\/de\/wp-json\/wp\/v2\/pages"}],"about":[{"href":"https:\/\/chateaugort-wijntoerisme.nl\/de\/wp-json\/wp\/v2\/types\/page"}],"author":[{"embeddable":true,"href":"https:\/\/chateaugort-wijntoerisme.nl\/de\/wp-json\/wp\/v2\/users\/2"}],"replies":[{"embeddable":true,"href":"https:\/\/chateaugort-wijntoerisme.nl\/de\/wp-json\/wp\/v2\/comments?post=404"}],"version-history":[{"count":16,"href":"https:\/\/chateaugort-wijntoerisme.nl\/de\/wp-json\/wp\/v2\/pages\/404\/revisions"}],"predecessor-version":[{"id":778,"href":"https:\/\/chateaugort-wijntoerisme.nl\/de\/wp-json\/wp\/v2\/pages\/404\/revisions\/778"}],"up":[{"embeddable":true,"href":"https:\/\/chateaugort-wijntoerisme.nl\/de\/wp-json\/wp\/v2\/pages\/25"}],"wp:attachment":[{"href":"https:\/\/chateaugort-wijntoerisme.nl\/de\/wp-json\/wp\/v2\/media?parent=404"}],"curies":[{"name":"wp","href":"https:\/\/api.w.org\/{rel}","templated":true}]}}