{"id":406,"date":"2024-12-23T13:15:44","date_gmt":"2024-12-23T13:15:44","guid":{"rendered":"https:\/\/chateaugort-wijntoerisme.nl\/?page_id=406"},"modified":"2025-01-02T15:15:52","modified_gmt":"2025-01-02T15:15:52","slug":"erklarung-zum-datenschutz","status":"publish","type":"page","link":"https:\/\/chateaugort-wijntoerisme.nl\/de\/privacyverklaring\/","title":{"rendered":"Erkl\u00e4rung zum Datenschutz"},"content":{"rendered":"<div class='breakdance'><section class=\"bde-section-406-100 bde-section\">\n  \n  \n\t\n\n\n\n<div class=\"section-container\"><h1 class=\"bde-heading-406-101 bde-heading\">\nErkl\u00e4rung zum Datenschutz\n<\/h1><div class=\"bde-fancy-divider-406-102 bde-fancy-divider\">\n\n\n<div class=\"bde-fancy-divider__wrapper\">\n  <div class=\"bde-fancy-divider__separator has-content\">\n  \t    \t    \t    \t\t\t    \t\t<div class=\"bde-fancy-divider__content bde-fancy-divider__content--icon\"><svg xmlns=\"http:\/\/www.w3.org\/2000\/svg\" viewbox=\"0 0 288 512\"><!-- Font Awesome Free 5.15.1 by @fontawesome - https:\/\/fontawesome.com License - https:\/\/fontawesome.com\/license\/free (Icons: CC BY 4.0, Fonts: SIL OFL 1.1, Code: MIT License) --><path d=\"M216 464h-40V346.81c68.47-15.89 118.05-79.91 111.4-154.16l-15.95-178.1C270.71 6.31 263.9 0 255.74 0H32.26c-8.15 0-14.97 6.31-15.7 14.55L.6 192.66C-6.05 266.91 43.53 330.93 112 346.82V464H72c-22.09 0-40 17.91-40 40 0 4.42 3.58 8 8 8h208c4.42 0 8-3.58 8-8 0-22.09-17.91-40-40-40zM61.75 48h164.5l7.17 80H54.58l7.17-80z\"\/><\/svg><\/div>\n    \t                  <\/div>\n<\/div>\n\n<\/div><\/div>\n<\/section><section class=\"bde-section-406-103 bde-section\">\n  \n  \n\t\n\n\n\n<div class=\"section-container\"><h2 class=\"bde-heading-406-104 bde-heading\">\nErkl\u00e4rung zum Datenschutz Gort &amp; Gort Wine Tourism\n<\/h2><div class=\"bde-fancy-divider-406-106 bde-fancy-divider\">\n\n\n<div class=\"bde-fancy-divider__wrapper\">\n  <div class=\"bde-fancy-divider__separator has-content\">\n  \t    \t    \t    \t\t\t    \t\t<div class=\"bde-fancy-divider__content bde-fancy-divider__content--icon\"><svg xmlns=\"http:\/\/www.w3.org\/2000\/svg\" viewbox=\"0 0 288 512\"><!-- Font Awesome Free 5.15.1 by @fontawesome - https:\/\/fontawesome.com License - https:\/\/fontawesome.com\/license\/free (Icons: CC BY 4.0, Fonts: SIL OFL 1.1, Code: MIT License) --><path d=\"M216 464h-40V346.81c68.47-15.89 118.05-79.91 111.4-154.16l-15.95-178.1C270.71 6.31 263.9 0 255.74 0H32.26c-8.15 0-14.97 6.31-15.7 14.55L.6 192.66C-6.05 266.91 43.53 330.93 112 346.82V464H72c-22.09 0-40 17.91-40 40 0 4.42 3.58 8 8 8h208c4.42 0 8-3.58 8-8 0-22.09-17.91-40-40-40zM61.75 48h164.5l7.17 80H54.58l7.17-80z\"\/><\/svg><\/div>\n    \t                  <\/div>\n<\/div>\n\n<\/div><div class=\"bde-text-406-107 bde-text\">\n'Ch\u00e2teau Gort &amp; Gort Weintourismus' ist kategorisiert unter:<br><br>SARL Ch\u00e2teau Gort &amp; Gort<br>235 route du Chemin Court<br>33240 Saint-Romain-la-Virv\u00e9e<br>Frankreich <br><br>Ch\u00e2teau Gort &amp; Gort ist verantwortlich f\u00fcr die Verarbeitung personenbezogener Daten, wie in dieser Datenschutzerkl\u00e4rung beschrieben.<br><br>Ch\u00e2teau Gort &amp; Gort verarbeitet die folgenden personenbezogenen Daten seiner G\u00e4ste: Vor- und Nachname, Telefonnummer, E-Mail-Adresse und andere Daten, um den Aufenthalt unserer G\u00e4ste so angenehm wie m\u00f6glich zu gestalten. <br><br>Ch\u00e2teau Gort &amp; Gort verarbeitet diese personenbezogenen Daten f\u00fcr folgende Zwecke: Kontaktaufnahme vor, w\u00e4hrend und kurz nach dem Aufenthalt, Versand eines Newsletters.<br><br>Ch\u00e2teau Gort &amp; Gort verarbeitet auch personenbezogene Daten, f\u00fcr die eine gesetzliche Verpflichtung besteht. Die bei der Ankunft auszuf\u00fcllende Fiche d'H\u00f4tel (Name, Geburtsort und -datum, Staatsangeh\u00f6rigkeit und Kontaktdaten) wird sechs Monate lang aufbewahrt. Die Daten werden auch zu Steuerzahlungszwecken aufbewahrt.<br><br>Ch\u00e2teau Gort &amp; Gort bewahrt personenbezogene Daten nur so lange auf, wie es unbedingt notwendig ist, um die Zwecke zu erf\u00fcllen, f\u00fcr die Ihre Daten erhoben wurden oder zu denen wir gesetzlich verpflichtet sind. Das Anmeldeformular Fiche d'H\u00f4tel sollte sechs Monate lang aufbewahrt werden; danach wird es vernichtet. <br><br>Ch\u00e2teau Gort &amp; Gort gibt nur dann Informationen an Dritte weiter, wenn dies f\u00fcr die Erf\u00fcllung unserer Vereinbarung mit den G\u00e4sten oder zur Erf\u00fcllung einer gesetzlichen Verpflichtung erforderlich ist.<br><br>Ch\u00e2teau Gort &amp; Gort nimmt den Schutz Ihrer Daten ernst und ergreift geeignete Ma\u00dfnahmen, um Missbrauch, Verlust, unbefugten Zugriff, unerw\u00fcnschte Offenlegung und unbefugte \u00c4nderung zu verhindern.<br>Wenn Sie den Eindruck haben, dass Ihre Daten nicht ordnungsgem\u00e4\u00df gesichert sind oder es Hinweise auf einen Missbrauch gibt, wenden Sie sich bitte an Ch\u00e2teau Gort &amp; Gort unter <a href=\"mailto:visite@chateaugort.fr\">visite@chateaugort.fr<\/a>.<br><br>21. November 2024\n<\/div><div class=\"bde-button-406-108 bde-button\">\n    \n                        \n                        \n    \n    \n    \n    \n            \n                    \n            \n            \n\n    \n    \n    \n    \n    \n    <a class=\"breakdance-link button-atom button-atom--primary bde-button__button\" href=\"\/de\/\" target=\"_self\" data-type=\"url\"  >\n\n    \n        <span class=\"button-atom__text\">Zur Homepage<\/span>\n\n        \n        \n                <\/a>\n\n    \n\n\n<\/div><\/div>\n<\/section><\/div>","protected":false},"excerpt":{"rendered":"<p>Privacy statement Privacyverklaring Gort &#038; Gort Wijntoerisme &#8216;Ch\u00e2teau Gort &#038; Gort Wijntoerisme&#8217; valt onder:SARL Ch\u00e2teau Gort &#038; Gort235 route du Chemin Court33240 Saint-Romain-la-Virv\u00e9eFrankrijk Ch\u00e2teau Gort &#038; Gort is verantwoordelijk voor de verwerking van persoonsgegevens zoals weergegeven in deze privacyverklaring.Ch\u00e2teau Gort &#038; Gort verwerkt de volgende persoonsgegevens van haar gasten: voor- en achternaam, telefoonnummer, e-mailadres en [&hellip;]<\/p>\n","protected":false},"author":2,"featured_media":0,"parent":0,"menu_order":0,"comment_status":"closed","ping_status":"closed","template":"","meta":{"_acf_changed":false,"_breakdance_hide_in_design_set":false,"_breakdance_tags":"","footnotes":""},"class_list":["post-406","page","type-page","status-publish","hentry"],"acf":[],"_links":{"self":[{"href":"https:\/\/chateaugort-wijntoerisme.nl\/de\/wp-json\/wp\/v2\/pages\/406","targetHints":{"allow":["GET"]}}],"collection":[{"href":"https:\/\/chateaugort-wijntoerisme.nl\/de\/wp-json\/wp\/v2\/pages"}],"about":[{"href":"https:\/\/chateaugort-wijntoerisme.nl\/de\/wp-json\/wp\/v2\/types\/page"}],"author":[{"embeddable":true,"href":"https:\/\/chateaugort-wijntoerisme.nl\/de\/wp-json\/wp\/v2\/users\/2"}],"replies":[{"embeddable":true,"href":"https:\/\/chateaugort-wijntoerisme.nl\/de\/wp-json\/wp\/v2\/comments?post=406"}],"version-history":[{"count":8,"href":"https:\/\/chateaugort-wijntoerisme.nl\/de\/wp-json\/wp\/v2\/pages\/406\/revisions"}],"predecessor-version":[{"id":533,"href":"https:\/\/chateaugort-wijntoerisme.nl\/de\/wp-json\/wp\/v2\/pages\/406\/revisions\/533"}],"wp:attachment":[{"href":"https:\/\/chateaugort-wijntoerisme.nl\/de\/wp-json\/wp\/v2\/media?parent=406"}],"curies":[{"name":"wp","href":"https:\/\/api.w.org\/{rel}","templated":true}]}}