{"id":874,"date":"2025-06-27T14:07:12","date_gmt":"2025-06-27T14:07:12","guid":{"rendered":"https:\/\/chateaugort-wijntoerisme.nl\/?page_id=874"},"modified":"2025-06-27T14:07:12","modified_gmt":"2025-06-27T14:07:12","slug":"bedingungen-und-konditionen","status":"publish","type":"page","link":"https:\/\/chateaugort-wijntoerisme.nl\/de\/wijncursussen\/algemene-voorwaarden\/","title":{"rendered":"Allgemeine Bedingungen und Konditionen"},"content":{"rendered":"<div class='breakdance'><section class=\"bde-section-874-100 bde-section\">\n  \n  \n\t\n\n\n\n<div class=\"section-container\"><h1 class=\"bde-heading-874-101 bde-heading\">\nAllgemeine Bedingungen und Konditionen\n<\/h1><div class=\"bde-fancy-divider-874-102 bde-fancy-divider\">\n\n\n<div class=\"bde-fancy-divider__wrapper\">\n  <div class=\"bde-fancy-divider__separator has-content\">\n  \t    \t    \t    \t\t\t    \t\t<div class=\"bde-fancy-divider__content bde-fancy-divider__content--icon\"><svg xmlns=\"http:\/\/www.w3.org\/2000\/svg\" viewbox=\"0 0 288 512\"><!-- Font Awesome Free 5.15.1 by @fontawesome - https:\/\/fontawesome.com License - https:\/\/fontawesome.com\/license\/free (Icons: CC BY 4.0, Fonts: SIL OFL 1.1, Code: MIT License) --><path d=\"M216 464h-40V346.81c68.47-15.89 118.05-79.91 111.4-154.16l-15.95-178.1C270.71 6.31 263.9 0 255.74 0H32.26c-8.15 0-14.97 6.31-15.7 14.55L.6 192.66C-6.05 266.91 43.53 330.93 112 346.82V464H72c-22.09 0-40 17.91-40 40 0 4.42 3.58 8 8 8h208c4.42 0 8-3.58 8-8 0-22.09-17.91-40-40-40zM61.75 48h164.5l7.17 80H54.58l7.17-80z\"\/><\/svg><\/div>\n    \t                  <\/div>\n<\/div>\n\n<\/div><\/div>\n<\/section><section class=\"bde-section-874-103 bde-section\">\n  \n  \n\t\n\n\n\n<div class=\"section-container\"><h2 class=\"bde-heading-874-104 bde-heading\">\nKleingedrucktes<br>\u00dcberlebenskurs Wein\n<\/h2><div class=\"bde-fancy-divider-874-106 bde-fancy-divider\">\n\n\n<div class=\"bde-fancy-divider__wrapper\">\n  <div class=\"bde-fancy-divider__separator has-content\">\n  \t    \t    \t    \t\t\t    \t\t<div class=\"bde-fancy-divider__content bde-fancy-divider__content--icon\"><svg xmlns=\"http:\/\/www.w3.org\/2000\/svg\" viewbox=\"0 0 288 512\"><!-- Font Awesome Free 5.15.1 by @fontawesome - https:\/\/fontawesome.com License - https:\/\/fontawesome.com\/license\/free (Icons: CC BY 4.0, Fonts: SIL OFL 1.1, Code: MIT License) --><path d=\"M216 464h-40V346.81c68.47-15.89 118.05-79.91 111.4-154.16l-15.95-178.1C270.71 6.31 263.9 0 255.74 0H32.26c-8.15 0-14.97 6.31-15.7 14.55L.6 192.66C-6.05 266.91 43.53 330.93 112 346.82V464H72c-22.09 0-40 17.91-40 40 0 4.42 3.58 8 8 8h208c4.42 0 8-3.58 8-8 0-22.09-17.91-40-40-40zM61.75 48h164.5l7.17 80H54.58l7.17-80z\"\/><\/svg><\/div>\n    \t                  <\/div>\n<\/div>\n\n<\/div><div class=\"bde-rich-text-874-109 bde-rich-text breakdance-rich-text-styles\">\n<p class=\"p1\"><b>Handelsname<\/b><br \/>SARL Ch\u00e2teau Gort &amp; Gort <br \/>SIREN 398043778<br \/><a href=\"mailto:visite@chateaugort.fr\"><span class=\"s1\">visite@chateaugort.fr<\/span><\/a><br \/><br \/>235 Route du Chemin Court<br \/>33240 Saint-Romain-la-Virv\u00e9e<\/p><p class=\"p1\"><b>Allgemeine Gesch\u00e4ftsbedingungen f\u00fcr Kurse und Ferienh\u00e4user<\/b><\/p><p class=\"p1\"><b>Anmeldung<br \/><\/b>Sie k\u00f6nnen das Kontaktformular auf der Website und die E-Mail-Adresse verwenden <a href=\"mailto:visite@chateaugort.fr\"><span class=\"s1\">visite@chateaugort.fr<\/span><\/a> Ihr Interesse an einem Weinkurs bekunden. Meriam wird sich dann mit Ihnen in Verbindung setzen, die erforderlichen Angaben von Ihnen anfordern und einen Platz f\u00fcr Sie reservieren. Die Anmeldung f\u00fcr den Kurs erfolgt ausschlie\u00dflich per E-Mail und kann nicht online gebucht werden.<\/p><p class=\"p1\"><b>Buchung und Bezahlung<\/b><br \/>Meriam wird Ihnen eine Rechnung und die Bankverbindung von Ch\u00e2teau Gort &amp; Gort nach Erhalt der Buchungsdaten zusenden. Die Anzahlung besteht aus 20% des Gesamtbetrags und muss innerhalb eines Monats nach der Buchung bezahlt werden. Der Restbetrag muss sp\u00e4testens 8 Wochen vor Beginn des Kurses bezahlt werden.<\/p><p class=\"p1\"><b>Annullierungspolitik<\/b><br \/>F\u00fcr die Stornierung gelten die folgenden Regeln:<br \/>- 100% Erstattung bis zu 8 Wochen vor dem Starttermin<br \/>- 50% Erstattung bis zu 4 Wochen vor dem Starttermin<br \/>- Keine R\u00fcckerstattung innerhalb von 4 Wochen vor dem Anreisedatum oder bei unangek\u00fcndigter Abwesenheit.<\/p><p class=\"p1\">Im Falle einer vorzeitigen Abreise ist leider keine R\u00fcckerstattung m\u00f6glich.<br \/>Wir empfehlen Ihnen, eine eigene Reise- und Reiser\u00fccktrittsversicherung abzuschlie\u00dfen.<br \/>Ch\u00e2teau Gort &amp; Gort kann den Buchungsvertrag im Falle von h\u00f6herer Gewalt, Naturkatastrophen, au\u00dfergew\u00f6hnlichen Witterungsbedingungen, Feuer, Tod des Eigent\u00fcmers oder seiner n\u00e4chsten Angeh\u00f6rigen sowie Krankheit und Krankenhausaufenthalt des Tutors k\u00fcndigen.<br \/><br \/><b>R\u00fcckzahlungen<br \/><\/b>Wenn Ch\u00e2teau Gort &amp; Gort aufgrund der genannten Umst\u00e4nde eine (teilweise) R\u00fcckerstattung vornimmt, wird diese nur auf die Kontonummer \u00fcberwiesen, von der die Zahlung geleistet wurde.<\/p><p class=\"p1\"><b>Programm<\/b><br \/>Das online ver\u00f6ffentlichte Programm ist ein Hinweis, aus dem keine Rechte abgeleitet werden k\u00f6nnen. Zeiten, Reihenfolge, Programmbestandteile und Orte k\u00f6nnen sich je nach Verf\u00fcgbarkeit \u00e4ndern. Wir werden nat\u00fcrlich unser Bestes tun, um Sie so klar und schnell wie m\u00f6glich zu informieren, sollte sich etwas \u00e4ndern.<\/p><p class=\"p1\"><b>Ankunft und Abreise<br \/><\/b>Vor Beginn des Kurses erhalten Sie eine Begr\u00fc\u00dfungs-E-Mail mit dem endg\u00fcltigen Programm. Darin sind die Anfangs- und Endzeiten des Kurses angegeben und wo Sie sich melden k\u00f6nnen. Wir bitten Sie, diese Zeiten zu respektieren, damit der Unterricht und andere Arbeiten auf dem Schloss ungest\u00f6rt stattfinden k\u00f6nnen.<br \/>Wenn es keine andere M\u00f6glichkeit gibt und Sie voraussichtlich sp\u00e4ter ankommen, senden Sie bitte im Voraus eine E-Mail an <a href=\"mailto:visite@chateaugort.fr\">visite@chateaugort.fr<\/a> oder rufen Sie Meriam unter +316 42 83 04 04 an, um etwas zu vereinbaren!<\/p><p class=\"p1\"><b>Parken<\/b><br \/>Parken Sie Ihr Auto oder Zweirad auf dem Parkplatz, in der N\u00e4he der anderen Autos. Bitte halten Sie den Eingang zum Laden und zum Weingut frei. Achten Sie darauf, dass Sie nicht zu nahe am Weinberg parken: Wir m\u00fcssen manchmal mit dem Traktor daran vorbeifahren. Das Parken erfolgt auf eigene Gefahr.<\/p><p class=\"p1\"><b>Zugang <\/b><i><br \/><\/i>Sie haben Zugang zu dem daf\u00fcr vorgesehenen Kursraum, dem dazugeh\u00f6rigen Toilettengeb\u00e4ude, dem Parkplatz und dem \u00f6ffentlichen Bereich au\u00dferhalb des Zauns. Der Rest kann nur mit dem Personal von Ch\u00e2teau Gort &amp; Gort betreten werden. Wir bitten Sie, unsere Privatsph\u00e4re und unsere H\u00e4user zu respektieren und nicht auf eigene Faust durch das Ch\u00e2teau oder den Garten zu gehen.<br \/>Es ist nicht erlaubt, auf dem Grundst\u00fcck innerhalb oder au\u00dferhalb des Zauns zu campen. Es gibt einen Wohnmobilstellplatz 5 Minuten zu Fu\u00df vom Ch\u00e2teau entfernt oder fragen Sie Meriam nach der Adresse eines sch\u00f6nen Campingplatzes in der N\u00e4he.<\/p><p class=\"p1\"><b>Keine Haftung f\u00fcr Alkoholkonsum<\/b><br \/>Ch\u00e2teau Gort &amp; Gort\/Meriam wird die Kursteilnehmer niemals zum \u00fcberm\u00e4\u00dfigen Alkoholkonsum ermuntern. Die ausgeschenkten Weine sind als Degustationsweine gedacht; zum Ausspucken des Weins stehen Crachoirs zur Verf\u00fcgung. Ch\u00e2teau Gort &amp; Gort haftet nicht f\u00fcr die Folgen des Alkoholkonsums vor, w\u00e4hrend und nach dem Kurs. Der Kursteilnehmer ist selbst f\u00fcr einen umsichtigen Alkoholkonsum verantwortlich, insbesondere was die Verkehrssicherheit und die Einnahme von Medikamenten betrifft.<br \/><br \/><b>Rauchen<\/b><br \/>Das Rauchen ist im oder vor dem Eingang des Gel\u00e4ndes nicht gestattet. Bitte werfen Sie Ihre Zigarettenstummel nicht auf den Boden, sondern werfen Sie sie ordnungsgem\u00e4\u00df gel\u00f6scht in den Papierkorb oder in einen Aschenbecher.<\/p><p class=\"p1\"><b>Im Falle eines Notfalls<\/b><br \/>Feuerl\u00f6scher und E.H.B.O. Box sind vorhanden.<br \/>Informieren Sie in Notf\u00e4llen immer Meriam oder einen der anderen Mitarbeiter von Ch\u00e2teau Gort &amp; Gort. Dies sind die Notrufnummern in Frankreich:<br \/>15: Ambulanz f\u00fcr medizinische Notf\u00e4lle<br \/>17: Polizei <br \/>18: Feuerwehr <br \/>114: Notfallbenachrichtigung per App (f\u00fcr geh\u00f6rlose oder schwerh\u00f6rige Personen)<br \/>112: Allgemeine Notrufnummer<\/p><p class=\"p1\"><b>Haftung<\/b><br \/>G\u00e4ste von Ch\u00e2teau Gort &amp; Gort<span class=\"Apple-converted-space\">\u00a0 <\/span>sind f\u00fcr ihre eigene Sicherheit verantwortlich.<br \/>Die G\u00e4ste des Ferienhauses von Ch\u00e2teau Gort &amp; Gort sind selbst f\u00fcr die Sicherheit von mitgebrachten Kindern und Haustieren verantwortlich. Dies gilt f\u00fcr das Innere des Ferienhauses, aber auch f\u00fcr den Au\u00dfenbereich, wie den Garten, den Spielplatz und die Terrasse.<br \/>Ch\u00e2teau Gort &amp; Gort verpflichtet sich, nach der Meldung von durch G\u00e4ste verursachten Bel\u00e4stigungen geeignete Ma\u00dfnahmen zu ergreifen. Wenn der Gast eine Unordnung macht und wir im schlimmsten Fall diesen Gast bitten m\u00fcssen, zu gehen, k\u00f6nnen wir den restlichen Aufenthalt nicht erstatten.<\/p><p class=\"p1\">Ist etwas kaputt gegangen? Bitte informieren Sie unser Team so schnell wie m\u00f6glich. Bei schwerwiegenden Sch\u00e4den, die durch den Gast verursacht wurden, kann die Kaution einbehalten werden und auch die Versicherung kann in Anspruch genommen werden.<\/p><p class=\"p1\"><b>Reise- und Reiser\u00fccktrittsversicherung<\/b><br \/>Wir empfehlen jedem Kursteilnehmer dringend, eine eigene (Reise- und) R\u00fccktrittsversicherung abzuschlie\u00dfen. Ch\u00e2teau Gort &amp; Gort schlie\u00dft keine Versicherung f\u00fcr Kursteilnehmer ab.<\/p><p class=\"p1\"><b>Datenschutz<\/b><br \/>Ch\u00e2teau Gort<span class=\"Apple-converted-space\">\u00a0 <\/span>ist f\u00fcr die Verarbeitung personenbezogener Daten verantwortlich, wie in unserer Datenschutzerkl\u00e4rung auf unserer Website beschrieben.<\/p><p class=\"p1\"><b>Beanstandungen<\/b><br \/>Haben Sie eine Beschwerde? Wenn ja, melden Sie sie Meriam noch w\u00e4hrend Ihres Aufenthalts; sie wird alles tun, um das Problem so schnell wie m\u00f6glich zu l\u00f6sen.<br \/>In dringenden F\u00e4llen, die nicht bis zum n\u00e4chsten Tag warten k\u00f6nnen, ist sie unter der Nummer +31 6 42 83 04 04 erreichbar.<\/p><p class=\"p1\"><b>Interne Vorschriften<br \/><\/b>Das Ferienhaus von Ch\u00e2teau Gort &amp; Gort hat eine Reihe von Hausregeln:<\/p><ul class=\"ul1\"><li class=\"li2\"><i>Erstattung<\/i><br \/>Wenn der Gast ein Chaos anrichtet und wir ihn im schlimmsten Fall bitten m\u00fcssen, zu gehen, k\u00f6nnen wir den restlichen Aufenthalt nicht erstatten.<\/li><li class=\"li2\"><i>Haustiere<br \/><\/i>Hunde sind willkommen, gem\u00fctlich! Sie k\u00f6nnen Ihren treuen Vierbeiner mit in das Ferienhaus bringen, wof\u00fcr eine zus\u00e4tzliche Reinigungsgeb\u00fchr von 50 \u20ac pro Buchung berechnet wird. <\/li><li class=\"li2\"><i>Rauchen<br \/><\/i>Das Rauchen ist auf dem Gel\u00e4nde nicht gestattet. Bitte lassen Sie auch keine Zigarettenstummel auf der Stra\u00dfe oder im Garten liegen. Bitte l\u00f6schen Sie sie ordnungsgem\u00e4\u00df und werfen Sie sie in den Abfallbeh\u00e4lter oder Aschenbecher. <\/li><li class=\"li2\"><i>Bel\u00e4stigung<br \/><\/i>Das Ch\u00e2teau Gort &amp; Gort Holiday Home liegt in einer kleinen Stra\u00dfe mit netten Nachbarn; achten Sie darauf, dass Sie drau\u00dfen nicht zu viel L\u00e4rm machen. Wenn Sie Ihr Gep\u00e4ck bei der Ankunft ausgeladen haben, fahren Sie denselben Weg zur\u00fcck zum Parkplatz (also nicht den Weg weiterfahren und links um die Ecke biegen). <span class=\"s2\">Passen Sie auf, dass Sie nicht in den Graben fahren!<\/span> <\/li><li class=\"li2\"><i>Besucher aufnehmen<br \/><\/i>Dies ist nur nach Vereinbarung und mit Erlaubnis der \u00e9quipe erlaubt. <\/li><li class=\"li2\"><i>Bitte bringen Sie keine M\u00f6bel oder anderes Inventar nach drau\u00dfen.<br \/><\/i>Es ist jedoch erlaubt, Gl\u00e4ser, Teller, Besteck und Tischt\u00fccher drau\u00dfen zu benutzen. <\/li><li class=\"li2\"><i>Feuerl\u00f6scher und Erste-Hilfe-Kasten sind vorhanden<\/i><br \/>Feuerl\u00f6scher befinden sich in der K\u00fcche, in der Diele und im Flur auf beiden Etagen. Der Erste-Hilfe-Kasten h\u00e4ngt im Treppenschrank bei den Reinigungsutensilien. <\/li><li class=\"li1\"><i>Nachhaltig<br \/><\/i>Wir von Ch\u00e2teau Gort &amp; Gort lieben die Natur und tun unser Bestes, um sie so gut wie m\u00f6glich zu behandeln. Wir trennen den Abfall, helfen Sie uns? Der SMICVAL-Ausweis in der Schublade des Wohnzimmertisches \u00f6ffnet die Abfallbeh\u00e4lter in der N\u00e4he des Parkplatzes. Bitte stellen Sie sicher, dass der Ausweis wieder an seinem Platz ist.<\/li><\/ul><p class=\"p3\">Pappe, Dosen und Plastik k\u00f6nnen zusammen in die daf\u00fcr vorgesehene gr\u00fcne Tonne im Ferienhaus geworfen werden. VGF-Abf\u00e4lle geh\u00f6ren in die Biotonne, Restm\u00fcll in den normalen Container und Glas in den Glascontainer.<\/p><ul class=\"ul1\"><li class=\"li2\"><i>Zugang und Verriegelung<br \/><\/i>Wenn Sie sich nicht in unmittelbarer N\u00e4he des Ferienhauses aufhalten, schlie\u00dfen Sie T\u00fcren und Fenster ab. Die Versicherung deckt keine Sch\u00e4den im Falle eines Einbruchs. Eigentum von Ch\u00e2teau Gort &amp; Gort, das durch Ihr Verschulden abhanden gekommen ist, muss leider von Ihnen wiederbeschafft werden.<\/li><li class=\"li1\"><i>Parken<br \/><\/i>Das Haus liegt an einer engen Stra\u00dfe, die wir mit unseren lieben franz\u00f6sischen Nachbarn teilen. Um deren Ruhe nicht zu st\u00f6ren, bitten wir Sie, nicht die ganze Stra\u00dfe entlang zu fahren. Falls n\u00f6tig, k\u00f6nnen Sie Ihr Gep\u00e4ck vor der T\u00fcr abstellen und dann den gleichen Weg zur\u00fcck zum Parkplatz fahren; Sie k\u00f6nnen Ihr Auto am Anfang der Stra\u00dfe parken. Achten Sie darauf, nicht in den Graben zu fahren!<\/li><\/ul><p class=\"p3\">Das Parken erfolgt auf eigene Gefahr.<\/p><p class=\"p1\">Diese Bedingungen k\u00f6nnen unter www.chateaugort-wijntoerisme.nl eingesehen werden. Wir w\u00fcnschen Ihnen einen sch\u00f6nen Aufenthalt im Ch\u00e2teau Gort &amp; Gort.<\/p><p class=\"p1\">Klaas Gort und Meriam Last<br \/>Saint-Romain-la-Virv\u00e9e\/Asques, Juni 2025<\/p>\n<\/div><div class=\"bde-button-874-115 bde-button\">\n    \n                        \n                        \n    \n    \n    \n    \n            \n                    \n            \n            \n\n    \n    \n    \n    \n    \n    <a class=\"breakdance-link button-atom button-atom--primary bde-button__button\" href=\"\/de\/\" target=\"_self\" data-type=\"url\"  >\n\n    \n        <span class=\"button-atom__text\">Zur\u00fcck nach Hause<\/span>\n\n        \n        \n                <\/a>\n\n    \n\n\n<\/div><\/div>\n<\/section><\/div>","protected":false},"excerpt":{"rendered":"<p>Algemene voorwaarden Kleine lettertjesWijnsurvivalcursus HandelsnaamSARL Ch\u00e2teau Gort &amp; Gort SIREN 398043778visite@chateaugort.fr235 Route du Chemin Court33240 Saint-Romain-la-Virv\u00e9eAlgemene voorwaarden Cursussen en VakantiehuisInschrijvingJe kunt via het contactformulier op de website en via e-mailadres visite@chateaugort.fr aangeven dat je interesse hebt in een wijncursus. Meriam zal vervolgens contact met je opnemen, de benodigde gegevens bij je opvragen en een plekje [&hellip;]<\/p>\n","protected":false},"author":2,"featured_media":0,"parent":723,"menu_order":0,"comment_status":"closed","ping_status":"closed","template":"","meta":{"_acf_changed":false,"_breakdance_hide_in_design_set":false,"_breakdance_tags":"","footnotes":""},"class_list":["post-874","page","type-page","status-publish","hentry"],"acf":[],"_links":{"self":[{"href":"https:\/\/chateaugort-wijntoerisme.nl\/de\/wp-json\/wp\/v2\/pages\/874","targetHints":{"allow":["GET"]}}],"collection":[{"href":"https:\/\/chateaugort-wijntoerisme.nl\/de\/wp-json\/wp\/v2\/pages"}],"about":[{"href":"https:\/\/chateaugort-wijntoerisme.nl\/de\/wp-json\/wp\/v2\/types\/page"}],"author":[{"embeddable":true,"href":"https:\/\/chateaugort-wijntoerisme.nl\/de\/wp-json\/wp\/v2\/users\/2"}],"replies":[{"embeddable":true,"href":"https:\/\/chateaugort-wijntoerisme.nl\/de\/wp-json\/wp\/v2\/comments?post=874"}],"version-history":[{"count":2,"href":"https:\/\/chateaugort-wijntoerisme.nl\/de\/wp-json\/wp\/v2\/pages\/874\/revisions"}],"predecessor-version":[{"id":876,"href":"https:\/\/chateaugort-wijntoerisme.nl\/de\/wp-json\/wp\/v2\/pages\/874\/revisions\/876"}],"up":[{"embeddable":true,"href":"https:\/\/chateaugort-wijntoerisme.nl\/de\/wp-json\/wp\/v2\/pages\/723"}],"wp:attachment":[{"href":"https:\/\/chateaugort-wijntoerisme.nl\/de\/wp-json\/wp\/v2\/media?parent=874"}],"curies":[{"name":"wp","href":"https:\/\/api.w.org\/{rel}","templated":true}]}}