{"id":985,"date":"2026-03-24T15:25:11","date_gmt":"2026-03-24T15:25:11","guid":{"rendered":"https:\/\/chateaugort-wijntoerisme.nl\/?page_id=985"},"modified":"2026-03-26T16:31:04","modified_gmt":"2026-03-26T16:31:04","slug":"stellenausschreibung","status":"publish","type":"page","link":"https:\/\/chateaugort-wijntoerisme.nl\/de\/vacature\/","title":{"rendered":"Stellenausschreibung"},"content":{"rendered":"<div class='breakdance'><section class=\"bde-section-985-100 bde-section\">\n  \n  \n\t\n\n\n\n<div class=\"section-container\"><h1 class=\"bde-heading-985-101 bde-heading\">\nStellenausschreibung\n<\/h1><div class=\"bde-fancy-divider-985-102 bde-fancy-divider\">\n\n\n<div class=\"bde-fancy-divider__wrapper\">\n  <div class=\"bde-fancy-divider__separator has-content\">\n  \t    \t    \t    \t\t\t    \t\t<div class=\"bde-fancy-divider__content bde-fancy-divider__content--icon\"><svg xmlns=\"http:\/\/www.w3.org\/2000\/svg\" viewbox=\"0 0 288 512\"><!-- Font Awesome Free 5.15.1 by @fontawesome - https:\/\/fontawesome.com License - https:\/\/fontawesome.com\/license\/free (Icons: CC BY 4.0, Fonts: SIL OFL 1.1, Code: MIT License) --><path d=\"M216 464h-40V346.81c68.47-15.89 118.05-79.91 111.4-154.16l-15.95-178.1C270.71 6.31 263.9 0 255.74 0H32.26c-8.15 0-14.97 6.31-15.7 14.55L.6 192.66C-6.05 266.91 43.53 330.93 112 346.82V464H72c-22.09 0-40 17.91-40 40 0 4.42 3.58 8 8 8h208c4.42 0 8-3.58 8-8 0-22.09-17.91-40-40-40zM61.75 48h164.5l7.17 80H54.58l7.17-80z\"\/><\/svg><\/div>\n    \t                  <\/div>\n<\/div>\n\n<\/div><\/div>\n<\/section><section class=\"bde-section-985-130 bde-section\">\n  \n  \n\t\n\n\n\n<div class=\"section-container\"><h2 class=\"bde-heading-985-131 bde-heading\">\nMitarbeiter Tourismus &amp; Gastgewerbe\n<\/h2><h3 class=\"bde-heading-985-160 bde-heading\">\n35 Stunden pro Woche bei Ch\u00e2teau Gort &amp; Gort <br>in Bordeaux, Frankreich\n<\/h3><div class=\"bde-fancy-divider-985-133 bde-fancy-divider\">\n\n\n<div class=\"bde-fancy-divider__wrapper\">\n  <div class=\"bde-fancy-divider__separator has-content\">\n  \t    \t    \t    \t\t\t    \t\t<div class=\"bde-fancy-divider__content bde-fancy-divider__content--icon\"><svg xmlns=\"http:\/\/www.w3.org\/2000\/svg\" viewbox=\"0 0 288 512\"><!-- Font Awesome Free 5.15.1 by @fontawesome - https:\/\/fontawesome.com License - https:\/\/fontawesome.com\/license\/free (Icons: CC BY 4.0, Fonts: SIL OFL 1.1, Code: MIT License) --><path d=\"M216 464h-40V346.81c68.47-15.89 118.05-79.91 111.4-154.16l-15.95-178.1C270.71 6.31 263.9 0 255.74 0H32.26c-8.15 0-14.97 6.31-15.7 14.55L.6 192.66C-6.05 266.91 43.53 330.93 112 346.82V464H72c-22.09 0-40 17.91-40 40 0 4.42 3.58 8 8 8h208c4.42 0 8-3.58 8-8 0-22.09-17.91-40-40-40zM61.75 48h164.5l7.17 80H54.58l7.17-80z\"\/><\/svg><\/div>\n    \t                  <\/div>\n<\/div>\n\n<\/div><div class=\"bde-text-985-134 bde-text\">\nK\u00f6nnen Sie Ihren G\u00e4sten ein unvergessliches Weinerlebnis bieten? <br>M\u00f6chten Sie inmitten von Weinbergen in der Region Bordeaux leben? <br>Und auf einem Schloss arbeiten, wo kein Tag wie der andere ist?<br><br>Dann sind Sie bei uns genau richtig.<br><br><b>Starttermin: ab M\u00e4rz 2027<\/b><br>(Probewochen im Sommer\/Herbst 2026 m\u00f6glich)\n<\/div><\/div>\n<\/section><section class=\"bde-section-985-145 bde-section\">\n  \n  \n\t\n\n\n\n<div class=\"section-container\"><div class=\"bde-columns-985-146 bde-columns\"><div class=\"bde-column-985-147 bde-column\">\n  \n  \n\t\n\n\n\n<img decoding=\"async\" class=\"bde-image2-985-148 bde-image2\" src=\"https:\/\/chateaugort-wijntoerisme.nl\/wp-content\/uploads\/2026\/03\/Familie-scaled.jpg\" loading=\"lazy\" srcset=\"https:\/\/chateaugort-wijntoerisme.nl\/wp-content\/uploads\/2026\/03\/Familie-scaled.jpg 2560w, https:\/\/chateaugort-wijntoerisme.nl\/wp-content\/uploads\/2026\/03\/Familie-300x225.jpg 300w, https:\/\/chateaugort-wijntoerisme.nl\/wp-content\/uploads\/2026\/03\/Familie-1024x768.jpg 1024w, https:\/\/chateaugort-wijntoerisme.nl\/wp-content\/uploads\/2026\/03\/Familie-768x576.jpg 768w, https:\/\/chateaugort-wijntoerisme.nl\/wp-content\/uploads\/2026\/03\/Familie-1536x1152.jpg 1536w, https:\/\/chateaugort-wijntoerisme.nl\/wp-content\/uploads\/2026\/03\/Familie-2048x1536.jpg 2048w, https:\/\/chateaugort-wijntoerisme.nl\/wp-content\/uploads\/2026\/03\/Familie-16x12.jpg 16w\" sizes=\"(max-width: 2560px) 100vw, 2560px\">\n<\/div><div class=\"bde-column-985-149 bde-column\">\n              \n  \n  \n\t\n\n  <div class=\"section-background-overlay\"><\/div>\n\n\n<h2 class=\"bde-heading-985-150 bde-heading\">\n\u00dcber Ch\u00e2teau Gort &amp; Gort<br><br>\n<\/h2><div class=\"bde-fancy-divider-985-152 bde-fancy-divider\">\n\n\n<div class=\"bde-fancy-divider__wrapper\">\n  <div class=\"bde-fancy-divider__separator has-content\">\n  \t    \t    \t    \t\t\t    \t\t<div class=\"bde-fancy-divider__content bde-fancy-divider__content--icon\"><svg xmlns=\"http:\/\/www.w3.org\/2000\/svg\" viewbox=\"0 0 288 512\"><!-- Font Awesome Free 5.15.1 by @fontawesome - https:\/\/fontawesome.com License - https:\/\/fontawesome.com\/license\/free (Icons: CC BY 4.0, Fonts: SIL OFL 1.1, Code: MIT License) --><path d=\"M216 464h-40V346.81c68.47-15.89 118.05-79.91 111.4-154.16l-15.95-178.1C270.71 6.31 263.9 0 255.74 0H32.26c-8.15 0-14.97 6.31-15.7 14.55L.6 192.66C-6.05 266.91 43.53 330.93 112 346.82V464H72c-22.09 0-40 17.91-40 40 0 4.42 3.58 8 8 8h208c4.42 0 8-3.58 8-8 0-22.09-17.91-40-40-40zM61.75 48h164.5l7.17 80H54.58l7.17-80z\"\/><\/svg><\/div>\n    \t                  <\/div>\n<\/div>\n\n<\/div><div class=\"bde-text-985-123 bde-text\">\nCh\u00e2teau Gort &amp; Gort ist das Weinch\u00e2teau von Klaas und Ilja Gort. Es ist ein Familienbetrieb mit niederl\u00e4ndischen und franz\u00f6sischen Mitarbeitern.<br>Neben der Herstellung k\u00f6stlicher Weine empfangen wir das ganze Jahr \u00fcber G\u00e4ste zu F\u00fchrungen, Verkostungen, Kursen und \u00dcbernachtungen.<br>Gastfreundschaft, pers\u00f6nliche Aufmerksamkeit und Genuss wie Gort in Frankreich stehen bei uns im Mittelpunkt.\n<\/div>\n<\/div><\/div><\/div>\n<\/section><section class=\"bde-section-985-155 bde-section\">\n  \n  \n\t\n\n\n\n<div class=\"section-container\"><h2 class=\"bde-heading-985-156 bde-heading\">\nDie Funktion<br>\n<\/h2><div class=\"bde-fancy-divider-985-157 bde-fancy-divider\">\n\n\n<div class=\"bde-fancy-divider__wrapper\">\n  <div class=\"bde-fancy-divider__separator has-content\">\n  \t    \t    \t    \t\t\t    \t\t<div class=\"bde-fancy-divider__content bde-fancy-divider__content--icon\"><svg xmlns=\"http:\/\/www.w3.org\/2000\/svg\" viewbox=\"0 0 288 512\"><!-- Font Awesome Free 5.15.1 by @fontawesome - https:\/\/fontawesome.com License - https:\/\/fontawesome.com\/license\/free (Icons: CC BY 4.0, Fonts: SIL OFL 1.1, Code: MIT License) --><path d=\"M216 464h-40V346.81c68.47-15.89 118.05-79.91 111.4-154.16l-15.95-178.1C270.71 6.31 263.9 0 255.74 0H32.26c-8.15 0-14.97 6.31-15.7 14.55L.6 192.66C-6.05 266.91 43.53 330.93 112 346.82V464H72c-22.09 0-40 17.91-40 40 0 4.42 3.58 8 8 8h208c4.42 0 8-3.58 8-8 0-22.09-17.91-40-40-40zM61.75 48h164.5l7.17 80H54.58l7.17-80z\"\/><\/svg><\/div>\n    \t                  <\/div>\n<\/div>\n\n<\/div><div class=\"bde-rich-text-985-159 bde-rich-text breakdance-rich-text-styles\">\n<p style=\"font-weight: 400;\">Als Assistent f\u00fcr Tourismus und Gastgewerbe sind Sie die rechte Hand der Schwiegertochter des Winzers und Schlosswinzerin Meriam Last. Die Arbeit ist abwechslungsreich und saisonabh\u00e4ngig: Im Sommer ist mehr los als im Winter, aber im Durchschnitt werden Sie 35 Stunden pro Woche arbeiten.\u00a0<\/p><p style=\"font-weight: 400;\">Zu Ihren Aufgaben geh\u00f6ren:<\/p><ul style=\"font-weight: 400;\"><li>Betrieb der Weinhandlung<\/li><li>Verwaltung der Ferienh\u00e4user<\/li><li>F\u00fchrungen und Weinverkostungen<\/li><li>Unterst\u00fctzende Weinkurse<\/li><li>Gelegentliches Zubereiten von Fr\u00fchst\u00fcck, Abendessen und Getr\u00e4nketafeln\u00a0<\/li><li>Erstellung von Inhalten f\u00fcr Newsletter und soziale Medien<\/li><li>Mithilfe bei der Weinlese und gegebenenfalls bei der Weinherstellung<\/li><\/ul><p style=\"font-weight: 400;\"><strong>Sie sorgen vor allem f\u00fcr einen herzlichen Empfang und ein unvergessliches Erlebnis f\u00fcr unsere G\u00e4ste. <\/strong>Mit der Zeit sollen Sie den Tourismus (gr\u00f6\u00dftenteils) selbst\u00e4ndig organisieren und durchf\u00fchren k\u00f6nnen.<\/p>\n<\/div><\/div>\n<\/section><section class=\"bde-section-985-136 bde-section\">\n  \n  \n\t\n\n\n\n<div class=\"section-container\"><div class=\"bde-columns-985-137 bde-columns\"><div class=\"bde-column-985-138 bde-column\">\n  \n  \n\t\n\n\n\n<h2 class=\"bde-heading-985-140 bde-heading\">\nWir suchen jemanden, der:\n<\/h2><div class=\"bde-fancy-divider-985-141 bde-fancy-divider\">\n\n\n<div class=\"bde-fancy-divider__wrapper\">\n  <div class=\"bde-fancy-divider__separator has-content\">\n  \t    \t    \t    \t\t\t    \t\t<div class=\"bde-fancy-divider__content bde-fancy-divider__content--icon\"><svg xmlns=\"http:\/\/www.w3.org\/2000\/svg\" viewbox=\"0 0 288 512\"><!-- Font Awesome Free 5.15.1 by @fontawesome - https:\/\/fontawesome.com License - https:\/\/fontawesome.com\/license\/free (Icons: CC BY 4.0, Fonts: SIL OFL 1.1, Code: MIT License) --><path d=\"M216 464h-40V346.81c68.47-15.89 118.05-79.91 111.4-154.16l-15.95-178.1C270.71 6.31 263.9 0 255.74 0H32.26c-8.15 0-14.97 6.31-15.7 14.55L.6 192.66C-6.05 266.91 43.53 330.93 112 346.82V464H72c-22.09 0-40 17.91-40 40 0 4.42 3.58 8 8 8h208c4.42 0 8-3.58 8-8 0-22.09-17.91-40-40-40zM61.75 48h164.5l7.17 80H54.58l7.17-80z\"\/><\/svg><\/div>\n    \t                  <\/div>\n<\/div>\n\n<\/div><div class=\"bde-rich-text-985-161 bde-rich-text breakdance-rich-text-styles\">\n<ul style=\"font-weight: 400;\"><li>ist gastfreundlich, kontaktfreudig und dienstleistungsorientiert<\/li><li>Flexibel und motiviert durch abwechslungsreiche Arbeit<\/li><li>zeigt Eigeninitiative und kann selbst\u00e4ndig arbeiten<\/li><li>Affinit\u00e4t zu und Erfahrung in den Bereichen Gastgewerbe, Tourismus oder Hotellerie\u00a0<\/li><li>Kann sich in einem anderen Land gut zurechtfinden<\/li><\/ul>\n<\/div>\n<\/div><div class=\"bde-column-985-144 bde-column\">\n  \n  \n\t\n\n\n\n\n<\/div><\/div><\/div>\n<\/section><section class=\"bde-section-985-162 bde-section\">\n  \n  \n\t\n\n\n\n<div class=\"section-container\"><div class=\"bde-columns-985-163 bde-columns\"><div class=\"bde-column-985-164 bde-column\">\n  \n  \n\t\n\n\n\n<img decoding=\"async\" class=\"bde-image2-985-165 bde-image2\" src=\"https:\/\/chateaugort-wijntoerisme.nl\/wp-content\/uploads\/2026\/03\/DSC_0554-768x509.jpg\" loading=\"lazy\" srcset=\"https:\/\/chateaugort-wijntoerisme.nl\/wp-content\/uploads\/2026\/03\/DSC_0554-scaled.jpg 2560w, https:\/\/chateaugort-wijntoerisme.nl\/wp-content\/uploads\/2026\/03\/DSC_0554-300x199.jpg 300w, https:\/\/chateaugort-wijntoerisme.nl\/wp-content\/uploads\/2026\/03\/DSC_0554-1024x678.jpg 1024w, https:\/\/chateaugort-wijntoerisme.nl\/wp-content\/uploads\/2026\/03\/DSC_0554-768x509.jpg 768w, https:\/\/chateaugort-wijntoerisme.nl\/wp-content\/uploads\/2026\/03\/DSC_0554-1536x1017.jpg 1536w, https:\/\/chateaugort-wijntoerisme.nl\/wp-content\/uploads\/2026\/03\/DSC_0554-2048x1356.jpg 2048w, https:\/\/chateaugort-wijntoerisme.nl\/wp-content\/uploads\/2026\/03\/DSC_0554-18x12.jpg 18w\" sizes=\"(max-width: 2560px) 100vw, 2560px\">\n<\/div><div class=\"bde-column-985-166 bde-column\">\n              \n  \n  \n\t\n\n  <div class=\"section-background-overlay\"><\/div>\n\n\n<h2 class=\"bde-heading-985-167 bde-heading\">\nDar\u00fcber hinaus:\n<\/h2><div class=\"bde-fancy-divider-985-168 bde-fancy-divider\">\n\n\n<div class=\"bde-fancy-divider__wrapper\">\n  <div class=\"bde-fancy-divider__separator has-content\">\n  \t    \t    \t    \t\t\t    \t\t<div class=\"bde-fancy-divider__content bde-fancy-divider__content--icon\"><svg xmlns=\"http:\/\/www.w3.org\/2000\/svg\" viewbox=\"0 0 288 512\"><!-- Font Awesome Free 5.15.1 by @fontawesome - https:\/\/fontawesome.com License - https:\/\/fontawesome.com\/license\/free (Icons: CC BY 4.0, Fonts: SIL OFL 1.1, Code: MIT License) --><path d=\"M216 464h-40V346.81c68.47-15.89 118.05-79.91 111.4-154.16l-15.95-178.1C270.71 6.31 263.9 0 255.74 0H32.26c-8.15 0-14.97 6.31-15.7 14.55L.6 192.66C-6.05 266.91 43.53 330.93 112 346.82V464H72c-22.09 0-40 17.91-40 40 0 4.42 3.58 8 8 8h208c4.42 0 8-3.58 8-8 0-22.09-17.91-40-40-40zM61.75 48h164.5l7.17 80H54.58l7.17-80z\"\/><\/svg><\/div>\n    \t                  <\/div>\n<\/div>\n\n<\/div><div class=\"bde-rich-text-985-170 bde-rich-text breakdance-rich-text-styles\">\n<ul style=\"font-weight: 400;\"><li>Sie sind im Besitz eines F\u00fchrerscheins und verf\u00fcgen \u00fcber ein eigenes Fahrzeug<\/li><li>Sie sprechen Franz\u00f6sisch oder sind motiviert, es zu lernen (sehr empfehlenswert f\u00fcr die Integration in der Region)<\/li><\/ul>\n<\/div>\n<\/div><\/div><\/div>\n<\/section><section class=\"bde-section-985-171 bde-section\">\n  \n  \n\t\n\n\n\n<div class=\"section-container\"><h2 class=\"bde-heading-985-172 bde-heading\">\nWas bieten wir an?\n<\/h2><div class=\"bde-fancy-divider-985-173 bde-fancy-divider\">\n\n\n<div class=\"bde-fancy-divider__wrapper\">\n  <div class=\"bde-fancy-divider__separator has-content\">\n  \t    \t    \t    \t\t\t    \t\t<div class=\"bde-fancy-divider__content bde-fancy-divider__content--icon\"><svg xmlns=\"http:\/\/www.w3.org\/2000\/svg\" viewbox=\"0 0 288 512\"><!-- Font Awesome Free 5.15.1 by @fontawesome - https:\/\/fontawesome.com License - https:\/\/fontawesome.com\/license\/free (Icons: CC BY 4.0, Fonts: SIL OFL 1.1, Code: MIT License) --><path d=\"M216 464h-40V346.81c68.47-15.89 118.05-79.91 111.4-154.16l-15.95-178.1C270.71 6.31 263.9 0 255.74 0H32.26c-8.15 0-14.97 6.31-15.7 14.55L.6 192.66C-6.05 266.91 43.53 330.93 112 346.82V464H72c-22.09 0-40 17.91-40 40 0 4.42 3.58 8 8 8h208c4.42 0 8-3.58 8-8 0-22.09-17.91-40-40-40zM61.75 48h164.5l7.17 80H54.58l7.17-80z\"\/><\/svg><\/div>\n    \t                  <\/div>\n<\/div>\n\n<\/div><div class=\"bde-rich-text-985-174 bde-rich-text breakdance-rich-text-styles\">\n<ul style=\"font-weight: 400;\"><li>Einzigartiger Arbeitsplatz in einem Ch\u00e2teau in der Region Bordeaux<\/li><li>Gelegenheit zum Erwerb umfassender Weinkenntnisse und Erfahrungen\u00a0\u00a0<\/li><li>Arbeit in einem kleinen, engagierten, kreativen und internationalen Team<\/li><li>Aussicht auf einen unbefristeten Vertrag bei guter \u00dcbereinstimmung<\/li><li>Ein Arbeitsvertrag nach franz\u00f6sischem Recht (durchschnittlich 35 Stunden pro Woche, mit saisonaler Verteilung der Arbeitszeit)<\/li><li>Gehalt entsprechend dem SMIC oder h\u00f6her, je nach Erfahrung und Verantwortung<\/li><li>J\u00e4hrliches Fortbildungsbudget und Wachstumsm\u00f6glichkeiten<\/li><li>M\u00f6glichkeit der Anmietung von Unterk\u00fcnften zu Vorzugspreisen 3 km vom Ch\u00e2teau entfernt<\/li><\/ul>\n<\/div><\/div>\n<\/section><section class=\"bde-section-985-175 bde-section\">\n  \n  \n\t\n\n\n\n<div class=\"section-container\"><h2 class=\"bde-heading-985-176 bde-heading\">\nInteressiert?\n<\/h2><div class=\"bde-fancy-divider-985-177 bde-fancy-divider\">\n\n\n<div class=\"bde-fancy-divider__wrapper\">\n  <div class=\"bde-fancy-divider__separator has-content\">\n  \t    \t    \t    \t\t\t    \t\t<div class=\"bde-fancy-divider__content bde-fancy-divider__content--icon\"><svg xmlns=\"http:\/\/www.w3.org\/2000\/svg\" viewbox=\"0 0 288 512\"><!-- Font Awesome Free 5.15.1 by @fontawesome - https:\/\/fontawesome.com License - https:\/\/fontawesome.com\/license\/free (Icons: CC BY 4.0, Fonts: SIL OFL 1.1, Code: MIT License) --><path d=\"M216 464h-40V346.81c68.47-15.89 118.05-79.91 111.4-154.16l-15.95-178.1C270.71 6.31 263.9 0 255.74 0H32.26c-8.15 0-14.97 6.31-15.7 14.55L.6 192.66C-6.05 266.91 43.53 330.93 112 346.82V464H72c-22.09 0-40 17.91-40 40 0 4.42 3.58 8 8 8h208c4.42 0 8-3.58 8-8 0-22.09-17.91-40-40-40zM61.75 48h164.5l7.17 80H54.58l7.17-80z\"\/><\/svg><\/div>\n    \t                  <\/div>\n<\/div>\n\n<\/div><div class=\"bde-rich-text-985-178 bde-rich-text breakdance-rich-text-styles\">\n<p style=\"font-weight: 400; text-align: center;\">Senden Sie Ihre Motivation und Ihren Lebenslauf an Meriam per E-Mail <a href=\"mailto:visite@chateaugort.fr\">visite@chateaugort.fr<\/a><br \/>und sagen Sie uns, warum Sie die Person sind, die unseren G\u00e4sten ein unvergessliches Erlebnis bieten wird. Wenn Sie Fragen zur Stelle haben, k\u00f6nnen Sie sich gerne an uns wenden.\u00a0<\/p>\n<\/div><\/div>\n<\/section><\/div>","protected":false},"excerpt":{"rendered":"<p>Vacature Medewerker Toerisme &#038; Hospitality 35 uur per week bij Ch\u00e2teau Gort &#038; Gort in Bordeaux, Frankrijk Kun jij gasten een onvergetelijke wijnervaring bieden? Wil jij wonen tussen de wijngaarden in de Bordeauxstreek en werken op een ch\u00e2teau waar geen dag hetzelfde is?Dan zijn wij op zoek naar jou.Startdatum: vanaf maart 2027(proefweken draaien in zomer\/herfst [&hellip;]<\/p>\n","protected":false},"author":2,"featured_media":0,"parent":0,"menu_order":0,"comment_status":"closed","ping_status":"closed","template":"","meta":{"_acf_changed":false,"_breakdance_hide_in_design_set":false,"_breakdance_tags":"","footnotes":""},"class_list":["post-985","page","type-page","status-publish","hentry"],"acf":[],"_links":{"self":[{"href":"https:\/\/chateaugort-wijntoerisme.nl\/de\/wp-json\/wp\/v2\/pages\/985","targetHints":{"allow":["GET"]}}],"collection":[{"href":"https:\/\/chateaugort-wijntoerisme.nl\/de\/wp-json\/wp\/v2\/pages"}],"about":[{"href":"https:\/\/chateaugort-wijntoerisme.nl\/de\/wp-json\/wp\/v2\/types\/page"}],"author":[{"embeddable":true,"href":"https:\/\/chateaugort-wijntoerisme.nl\/de\/wp-json\/wp\/v2\/users\/2"}],"replies":[{"embeddable":true,"href":"https:\/\/chateaugort-wijntoerisme.nl\/de\/wp-json\/wp\/v2\/comments?post=985"}],"version-history":[{"count":12,"href":"https:\/\/chateaugort-wijntoerisme.nl\/de\/wp-json\/wp\/v2\/pages\/985\/revisions"}],"predecessor-version":[{"id":1008,"href":"https:\/\/chateaugort-wijntoerisme.nl\/de\/wp-json\/wp\/v2\/pages\/985\/revisions\/1008"}],"wp:attachment":[{"href":"https:\/\/chateaugort-wijntoerisme.nl\/de\/wp-json\/wp\/v2\/media?parent=985"}],"curies":[{"name":"wp","href":"https:\/\/api.w.org\/{rel}","templated":true}]}}