{"id":404,"date":"2024-12-23T13:15:17","date_gmt":"2024-12-23T13:15:17","guid":{"rendered":"https:\/\/chateaugort-wijntoerisme.nl\/?page_id=404"},"modified":"2025-06-03T10:15:31","modified_gmt":"2025-06-03T10:15:31","slug":"terms-and-conditions","status":"publish","type":"page","link":"https:\/\/chateaugort-wijntoerisme.nl\/en\/gite\/algemene-voorwaarden\/","title":{"rendered":"General terms and conditions"},"content":{"rendered":"<div class='breakdance'><section class=\"bde-section-404-100 bde-section\">\n  \n  \n\t\n\n\n\n<div class=\"section-container\"><h1 class=\"bde-heading-404-101 bde-heading\">\nGeneral terms and conditions\n<\/h1><div class=\"bde-fancy-divider-404-102 bde-fancy-divider\">\n\n\n<div class=\"bde-fancy-divider__wrapper\">\n  <div class=\"bde-fancy-divider__separator has-content\">\n  \t    \t    \t    \t\t\t    \t\t<div class=\"bde-fancy-divider__content bde-fancy-divider__content--icon\"><svg xmlns=\"http:\/\/www.w3.org\/2000\/svg\" viewbox=\"0 0 288 512\"><!-- Font Awesome Free 5.15.1 by @fontawesome - https:\/\/fontawesome.com License - https:\/\/fontawesome.com\/license\/free (Icons: CC BY 4.0, Fonts: SIL OFL 1.1, Code: MIT License) --><path d=\"M216 464h-40V346.81c68.47-15.89 118.05-79.91 111.4-154.16l-15.95-178.1C270.71 6.31 263.9 0 255.74 0H32.26c-8.15 0-14.97 6.31-15.7 14.55L.6 192.66C-6.05 266.91 43.53 330.93 112 346.82V464H72c-22.09 0-40 17.91-40 40 0 4.42 3.58 8 8 8h208c4.42 0 8-3.58 8-8 0-22.09-17.91-40-40-40zM61.75 48h164.5l7.17 80H54.58l7.17-80z\"\/><\/svg><\/div>\n    \t                  <\/div>\n<\/div>\n\n<\/div><\/div>\n<\/section><section class=\"bde-section-404-103 bde-section\">\n  \n  \n\t\n\n\n\n<div class=\"section-container\"><h2 class=\"bde-heading-404-104 bde-heading\">\nSmall print<br>Ch\u00e2teau Gort G\u00eete\n<\/h2><div class=\"bde-fancy-divider-404-106 bde-fancy-divider\">\n\n\n<div class=\"bde-fancy-divider__wrapper\">\n  <div class=\"bde-fancy-divider__separator has-content\">\n  \t    \t    \t    \t\t\t    \t\t<div class=\"bde-fancy-divider__content bde-fancy-divider__content--icon\"><svg xmlns=\"http:\/\/www.w3.org\/2000\/svg\" viewbox=\"0 0 288 512\"><!-- Font Awesome Free 5.15.1 by @fontawesome - https:\/\/fontawesome.com License - https:\/\/fontawesome.com\/license\/free (Icons: CC BY 4.0, Fonts: SIL OFL 1.1, Code: MIT License) --><path d=\"M216 464h-40V346.81c68.47-15.89 118.05-79.91 111.4-154.16l-15.95-178.1C270.71 6.31 263.9 0 255.74 0H32.26c-8.15 0-14.97 6.31-15.7 14.55L.6 192.66C-6.05 266.91 43.53 330.93 112 346.82V464H72c-22.09 0-40 17.91-40 40 0 4.42 3.58 8 8 8h208c4.42 0 8-3.58 8-8 0-22.09-17.91-40-40-40zM61.75 48h164.5l7.17 80H54.58l7.17-80z\"\/><\/svg><\/div>\n    \t                  <\/div>\n<\/div>\n\n<\/div><div class=\"bde-rich-text-404-109 bde-rich-text breakdance-rich-text-styles\">\n<p style=\"text-align: left;\"><span style=\"font-weight: 400;\">Ch\u00e2teau Gort G\u00eete<\/span><span style=\"font-weight: 400;\"><br \/><\/span><span style=\"font-weight: 400;\">80 rue des P\u00eacheurs<\/span><span style=\"font-weight: 400;\"><br \/><\/span><span style=\"font-weight: 400;\">33240 Asques<\/span><span style=\"font-weight: 400;\"><br \/><\/span><span style=\"font-weight: 400;\">France\u00a0<\/span><\/p><h3 style=\"text-align: left;\"><b>Trade name<\/b><\/h3><p style=\"text-align: left;\"><span style=\"font-weight: 400;\">SARL Ch\u00e2teau Gort &amp; Gort<\/span><span style=\"font-weight: 400;\"><br \/><\/span><span style=\"font-weight: 400;\">235 route du Chemin Court<\/span><span style=\"font-weight: 400;\"><br \/><\/span><span style=\"font-weight: 400;\">33240 Saint-Romain-la-Virv\u00e9e<\/span><span style=\"font-weight: 400;\"><br \/><\/span><span style=\"font-weight: 400;\">France <\/span><span style=\"font-weight: 400;\"><br \/><\/span><span style=\"font-weight: 400;\">SIREN 398 043 778<\/span><span style=\"font-weight: 400;\"><br \/><\/span><span style=\"font-weight: 400;\">visite@chateaugort.fr<\/span><\/p><h3 style=\"text-align: left;\"><b>Rates\u00a0<\/b><\/h3><p style=\"text-align: left;\">Ch\u00e2teau Gort G\u00eete can be booked for a party of up to eight people. An additional cot and\/or baby crib can be booked. <br \/><br \/>Dogs are also welcome.\u00a0<\/p><p style=\"text-align: left;\">You can rent the holiday home for a minimum of three nights. Check-in is possible on Monday to Friday. For stays of seven nights, you get one night free.<\/p><p style=\"text-align: left;\"><span style=\"font-weight: 400;\">Rates vary by season:<\/span><span style=\"font-weight: 400;\"><br \/><\/span><span style=\"font-weight: 400;\">- High season from 1 May - 30 September<\/span><span style=\"font-weight: 400;\"><br \/><\/span><span style=\"font-weight: 400;\">- Low season from 1 October - 30 April<\/span><\/p><p style=\"text-align: left;\"><b>High season tariff <\/b><b><br \/><\/b><span style=\"font-weight: 400;\">1 May to 30 September: \u20ac 290 per night.<br \/><\/span><span style=\"font-weight: 400;\">\u20ac 1,740 for a whole week (7 nights)*<\/span><b><br \/><\/b><b><br \/><\/b><b>Low season tariff<\/b><b><br \/><\/b><span style=\"font-weight: 400;\">1 October to 30 April: \u20ac 220 per night<\/span><b><br \/><\/b><span style=\"font-weight: 400;\">\u20ac 1,320 for a whole week (7 nights)*<\/span><\/p><p style=\"text-align: left;\"><em><span style=\"font-weight: 400;\">*With a reservation of 7 nights you get 1 night discount.<\/span><\/em><\/p><p style=\"text-align: left;\"><span style=\"font-weight: 400;\">Additional options:<\/span><\/p><ul style=\"text-align: left;\"><li style=\"font-weight: 400;\" aria-level=\"1\"><span style=\"font-weight: 400;\">I like to bring a dog: \u20ac50 per booking;\u00a0<\/span><\/li><li style=\"font-weight: 400;\" aria-level=\"1\"><span style=\"font-weight: 400;\">I would like one made-up cot extra: \u20ac 50;\u00a0<\/span><\/li><li style=\"font-weight: 400;\" aria-level=\"1\"><span style=\"font-weight: 400;\">I would like one made-up cot extra: \u20ac50.\u00a0<\/span><\/li><\/ul><p style=\"text-align: left;\"><span style=\"font-weight: 400;\">The price includes:<\/span><\/p><ul style=\"text-align: left;\"><li style=\"font-weight: 400;\" aria-level=\"1\"><span style=\"font-weight: 400;\">Made beds and towels;<\/span><\/li><li style=\"font-weight: 400;\" aria-level=\"1\"><span style=\"font-weight: 400;\">Bottle of wine on arrival;\u00a0<\/span><\/li><li style=\"font-weight: 400;\" aria-level=\"1\"><span style=\"font-weight: 400;\">Final cleaning;<\/span><\/li><li style=\"font-weight: 400;\" aria-level=\"1\"><span style=\"font-weight: 400;\">Tourist tax of \u20ac1.09 per person per night;\u00a0<\/span><\/li><li style=\"font-weight: 400;\" aria-level=\"1\"><span style=\"font-weight: 400;\">Extensive guided tour with wine tasting at Ch\u00e2teau Gort &amp; Gort for all guests <\/span><span style=\"font-weight: 400;\">(bookable Monday to Friday at 4pm).\u00a0<\/span><\/li><\/ul><p style=\"text-align: left;\"><span style=\"font-weight: 400;\">There is also possibility to buy wine in the Ch\u00e2teaushop au Ch\u00e2teau Gort &amp; Gort, from Monday to Friday within opening hours. Payment is possible in cash and by pin.\u00a0<\/span><\/p><p style=\"text-align: left;\"><b>Note<\/b><span style=\"font-weight: 400;\">: on weekends, the Ch\u00e2teau is closed. Guided tours are only available Monday to Friday at 4pm.\u00a0<\/span><\/p><p style=\"text-align: left;\"><span style=\"font-weight: 400;\">The Ch\u00e2teau is also closed during harvest. The harvest closure usually falls between mid-September and mid-October. The Chateau shop is also closed during this period and we do not organise tours or tastings.<\/span> <span style=\"font-weight: 400;\">But the good news is: the G\u00eete does open and there are lots of fun things to do in the area, so you're warmly bienvenue!<\/span><\/p><h3 style=\"text-align: left;\"><b>Bookings<\/b><\/h3><p style=\"text-align: left;\"><span style=\"font-weight: 400;\">Ch\u00e2teau Gort G\u00eete can be booked via the booking module on the website: www.chateaugort-wijntoerisme.nl\/gite. Payment is made directly during the booking, available payment methods: iDeal, PayPal and credit card. Payment is processed via payment platform Mollie. Confirmation of the booking will be sent by return e-mail.<\/span><\/p><h3 style=\"text-align: left;\"><b>General terms and conditions<\/b><\/h3><p style=\"text-align: left;\"><b>Payment<\/b><b><br \/><\/b><span style=\"font-weight: 400;\">Payments are made during the booking procedure, available payment methods: iDeal, PayPal and credit card. Any extras will be settled upon departure (pin or cash).<\/span><span style=\"font-weight: 400;\"><br \/><\/span>The key deposit is \u20ac100 and is paid directly upon booking. 7 days after your stay, the deposit will be returned to your account.<\/p><p style=\"text-align: left;\"><b>Cancellation policy<\/b><b><br \/><\/b><span style=\"font-weight: 400;\">Ch\u00e2teau Gort G\u00eete is a small-scale G\u00eete, it is therefore extra annoying for us if you cancel. <\/span><span style=\"font-weight: 400;\"><br \/><\/span><span style=\"font-weight: 400;\">We apply the following conditions when cancelling:<\/span><span style=\"font-weight: 400;\"><br \/><\/span><span style=\"font-weight: 400;\">- 100% refund up to 4 weeks before arrival date;<\/span><span style=\"font-weight: 400;\"><br \/><\/span><span style=\"font-weight: 400;\">- 50% refund up to 2 weeks before arrival date;<\/span><span style=\"font-weight: 400;\"><br \/><\/span><span style=\"font-weight: 400;\">- No refunds within 2 weeks to arrival date, or if stay away without notice.<\/span><\/p><p style=\"text-align: left;\"><span style=\"font-weight: 400;\">Unfortunately, no refunds are possible in case of early departure. <\/span><span style=\"font-weight: 400;\"><br \/><\/span><span style=\"font-weight: 400;\">We recommend you take out proper travel and cancellation insurance yourself.<\/span><\/p><p style=\"text-align: left;\"><span style=\"font-weight: 400;\">Ch\u00e2teau Gort G\u00eete can cancel the reservation agreement in case of force majeure, natural disaster, extraordinary weather conditions, fire, death of the owner or close family and hospitalisation.<\/span><\/p><p style=\"text-align: left;\"><b>Arrival and departure<\/b><b><br \/><\/b>Check-in is possible between 16:00 and 19:00 at Ch\u00e2teau Gort &amp; Gort.<br \/>If there is no other way and you expect to arrive later, please email visite@chateaugort.fr in advance or call Meriam on +31 6 42 83 04 04 to make arrangements about this!<\/p><p style=\"text-align: left;\"><span style=\"font-weight: 400;\">By agreement, you can deposit your belongings earlier.<\/span><\/p><p style=\"text-align: left;\"><span style=\"font-weight: 400;\">At check-in, the main booker fills in the Fiche d'H\u00f4tel, a mandatory registration form from the French government that asks for the name, place and date of birth, nationality and contact details of the main booker.\u00a0<\/span><\/p><p style=\"text-align: left;\"><b>Check-out by 10am;<\/b><span style=\"font-weight: 400;\"> That also means handing in the keys. The deposit will be returned to your account about 7 days after check-out. Make sure the oven, fridge, freezer, dishwasher, washing machine and dryer are empty, and the rubbish is sorted in the appropriate bins in the kitchen. <\/span><span style=\"font-weight: 400;\"><br \/><\/span><span style=\"font-weight: 400;\"><br \/><\/span><span style=\"font-weight: 400;\">C'est tout! We do the rest of the cleaning.\u00a0<\/span><\/p><p style=\"text-align: left;\"><b>Deposit keys<\/b><b><br \/><\/b><span style=\"font-weight: 400;\">Upon check-in, guests will receive the keys to the Ch\u00e2teau Gort G\u00eete.<\/span><\/p><p style=\"text-align: left;\"><span style=\"font-weight: 400;\">As a deposit, the guest pays \u20ac100 when booking the stay.<\/span><span style=\"font-weight: 400;\"><br \/><\/span><span style=\"font-weight: 400;\">On departure, the guest returns the keys to Meriam or another member of the Gort &amp; Gort \u00e9quipe; for this purpose we will be present in the G\u00eete on the day of departure. The deposit will be returned to the booker's account approximately 7 days after check-out. If the keys are lost, broken or not returned, the guest will lose the deposit.<\/span><\/p><p style=\"text-align: left;\"><b>Internal regulations<\/b><b><br \/><\/b><span style=\"font-weight: 400;\">Ch\u00e2teau Gort G\u00eete has a number of house rules:<\/span><\/p><ul style=\"text-align: left;\"><li style=\"font-weight: 400;\" aria-level=\"1\"><i><span style=\"font-weight: 400;\">Refund<\/span><\/i><span style=\"font-weight: 400;\"><br \/><\/span><span style=\"font-weight: 400;\">If the guest makes a mess of things, and we have to ask this guest to leave in the worst case scenario, we cannot refund the remaining stay.<\/span><span style=\"font-weight: 400;\"><br \/><\/span><\/li><li style=\"font-weight: 400;\" aria-level=\"1\"><i><span style=\"font-weight: 400;\">Pets<\/span><\/i><i><span style=\"font-weight: 400;\"><br \/><\/span><\/i><span style=\"font-weight: 400;\">Dogs are welcome, cosy! You may bring your faithful four-legged friend to the G\u00eete, for which an additional \u20ac50 cleaning fee per booking will be charged.<\/span><span style=\"font-weight: 400;\"><br \/><\/span><\/li><li style=\"font-weight: 400;\" aria-level=\"1\"><i><span style=\"font-weight: 400;\">Smoking<\/span><\/i><i><span style=\"font-weight: 400;\"><br \/><\/span><\/i><span style=\"font-weight: 400;\">Smoking is not allowed in the premises. Please also do not leave cigarette butts on the ground in the street or garden. Please extinguish them properly and throw them in the ashtray or wastebasket.<\/span><span style=\"font-weight: 400;\"><br \/><\/span><\/li><li style=\"font-weight: 400;\" aria-level=\"1\"><i><span style=\"font-weight: 400;\">Nuisance<\/span><\/i><i><span style=\"font-weight: 400;\"><br \/><\/span><\/i><span style=\"font-weight: 400;\">The Ch\u00e2teau Gort G\u00eete is located in a small street with dear neighbours; so be careful not to make too much noise outside the G\u00eete. Also, in order not to disturb their peace, we ask you not to drive all the way down the street. If necessary, you can drop off your luggage at the G\u00eete and then drive backwards along the same path to the car park. Be careful not to drive into the ditch!\u00a0<br \/><\/span><\/li><li style=\"font-weight: 400;\" aria-level=\"1\"><i><span style=\"font-weight: 400;\">Taking visitors<\/span><\/i><i><span style=\"font-weight: 400;\"><br \/><\/span><\/i><span style=\"font-weight: 400;\">This is only allowed in consultation, and with the permission of the Gort &amp; Gort \u00e9quipe.<\/span><span style=\"font-weight: 400;\"><br \/><\/span><\/li><li style=\"font-weight: 400;\" aria-level=\"1\"><i><span style=\"font-weight: 400;\">Please do not bring furniture or other inventory outside.<\/span><\/i><i><span style=\"font-weight: 400;\"><br \/><\/span><\/i><span style=\"font-weight: 400;\">However, it is allowed to use glasses, plates, cutlery and tablecloths outside.<\/span><span style=\"font-weight: 400;\"><br \/><\/span><\/li><li style=\"font-weight: 400;\" aria-level=\"1\"><i><span style=\"font-weight: 400;\">Fire extinguishers and first aid kit are provided<\/span><\/i><span style=\"font-weight: 400;\"><br \/><\/span><span style=\"font-weight: 400;\">Fire extinguishers can be found in the kitchen, hallway and corridor on both floors. The first-aid box hangs in the stairs cupboard by the cleaning utensils.<\/span><span style=\"font-weight: 400;\"><br \/><\/span><\/li><li style=\"font-weight: 400;\" aria-level=\"1\"><i><span style=\"font-weight: 400;\">Sustainable<\/span><\/i><i><span style=\"font-weight: 400;\"><br \/><\/span><\/i><span style=\"font-weight: 400;\">We at Ch\u00e2teau Gort G\u00eete love nature and do our best to treat it as well as possible. We separate waste, will you help us? <br \/><br \/><\/span>Waste bins are located in the kitchen. Cardboard, cans and plastic may be put together in the recycling bin, organic waste in the biodegradable waste bin, glass in the bottle bank and the remaining residual waste in the designated bin.<\/li><\/ul><ul style=\"text-align: left;\"><li style=\"font-weight: 400;\" aria-level=\"1\"><i><span style=\"font-weight: 400;\">Access and locking<\/span><\/i><i><span style=\"font-weight: 400;\"><br \/><\/span><\/i><span style=\"font-weight: 400;\">The Ch\u00e2teau Gort G\u00eete is all yours during your stay, we are only present in the G\u00eete during check-out. If you are not in the immediate vicinity of the G\u00eete, please lock doors and windows. The insurance does not cover damage in case of burglary. Property of the Ch\u00e2teau Gort G\u00eete lost through your fault, we unfortunately have to recover from you.<\/span><span style=\"font-weight: 400;\"><br \/><\/span><\/li><li style=\"font-weight: 400;\" aria-level=\"1\"><i><span style=\"font-weight: 400;\">Parking<\/span><\/i><i><span style=\"font-weight: 400;\"><br \/><\/span><\/i><span style=\"font-weight: 400;\">You can park at the beginning of the street, next to the rubbish containers. If necessary, you can drop off your luggage at the G\u00eete and then drive backwards along the same path to the car park; be careful not to drive into the ditch! <\/span><span style=\"font-weight: 400;\"><br \/><\/span><span style=\"font-weight: 400;\">The Ch\u00e2teau Gort G\u00eete is on a narrow street, which we share with our dear French neighbours. In order not to disturb their peace and quiet, we ask you not to drive all the way down the street. <\/span><span style=\"font-weight: 400;\">Parking at your own risk.<\/span><\/li><\/ul><p style=\"text-align: left;\"><b>Liability<\/b><b><br \/><\/b><span style=\"font-weight: 400;\">Guests of the Ch\u00e2teau Gort G\u00eete are themselves responsible for the safety of children and pets brought along. This applies inside the G\u00eete but also on the outside, such as the garden, terrace and playground.<\/span><span style=\"font-weight: 400;\"><br \/><\/span><span style=\"font-weight: 400;\">The Ch\u00e2teau Gort G\u00eete undertakes to take appropriate measures after reporting nuisances caused by guests.<\/span><\/p><p style=\"text-align: left;\"><span style=\"font-weight: 400;\">Did something break? If so, make a report of this to the Gort &amp; Gort \u00e9quipe as soon as possible. In case of serious damage caused by the guest, the deposit may be retained and insurance may also be involved.\u00a0<\/span><\/p><p style=\"text-align: left;\"><span style=\"font-weight: 400;\">We recommend taking out a good travel and cancellation insurance policy yourself.\u00a0<\/span><\/p><p style=\"text-align: left;\"><b>Privacy<\/b><b><br \/><\/b><span style=\"font-weight: 400;\">The Ch\u00e2teau Gort G\u00eete is responsible for the processing of personal data as reflected in our <a href=\"https:\/\/chateaugort-wijntoerisme.nl\/en\/privacy-statement\/\">privacy statement<\/a>.<\/span><\/p><p style=\"text-align: left;\"><b>Complaints<\/b><b><br \/><\/b><span style=\"font-weight: 400;\">Do you have a complaint? Then report it to Meriam even during your stay; she will do everything to solve the problem as soon as possible. <\/span><span style=\"font-weight: 400;\"><br \/><\/span><span style=\"font-weight: 400;\">In case of major emergencies that cannot wait until the next day, she can be reached at +31 6 42 83 04 04.<\/span><\/p><p style=\"text-align: left;\"><span style=\"font-weight: 400;\">The terms and conditions are listed on www.chateaugort-wijntoerisme.nl and sent with the booking confirmation. A copy is also available in the room. We wish you a wonderful stay at the Ch\u00e2teau Gort G\u00eete.<\/span><\/p><p style=\"text-align: left;\"><span style=\"font-weight: 400;\">Klaas Gort and Meriam Last<\/span><span style=\"font-weight: 400;\"><br \/><\/span><em><span style=\"font-weight: 400;\">Saint-Romain-la-Virv\u00e9e\/Asques, November 2024<\/span><\/em><\/p>\n<\/div><div class=\"bde-button-404-115 bde-button\">\n    \n                        \n                        \n    \n    \n    \n    \n            \n                    \n            \n            \n\n    \n    \n    \n    \n    \n    <a class=\"breakdance-link button-atom button-atom--primary bde-button__button\" href=\"\/en\/\" target=\"_self\" data-type=\"url\"  >\n\n    \n        <span class=\"button-atom__text\">Back to home<\/span>\n\n        \n        \n                <\/a>\n\n    \n\n\n<\/div><\/div>\n<\/section><\/div>","protected":false},"excerpt":{"rendered":"<p>Algemene voorwaarden Kleine lettertjesCh\u00e2teau Gort G\u00eete Ch\u00e2teau Gort G\u00eete80 rue des P\u00eacheurs33240 AsquesFrankrijk\u00a0HandelsnaamSARL Ch\u00e2teau Gort &amp; Gort235 route du Chemin Court33240 Saint-Romain-la-Virv\u00e9eFrankrijk SIREN 398 043 778visite@chateaugort.frTarieven\u00a0Ch\u00e2teau Gort G\u00eete is te boeken voor een gezelschap tot acht personen. Een extra kinderbed en\/of babyledikantje is bij te boeken. Honden zijn ook welkom.\u00a0Je kan het vakantiehuis huren voor [&hellip;]<\/p>\n","protected":false},"author":2,"featured_media":0,"parent":25,"menu_order":0,"comment_status":"closed","ping_status":"closed","template":"","meta":{"_acf_changed":false,"_breakdance_hide_in_design_set":false,"_breakdance_tags":"","footnotes":""},"class_list":["post-404","page","type-page","status-publish","hentry"],"acf":[],"_links":{"self":[{"href":"https:\/\/chateaugort-wijntoerisme.nl\/en\/wp-json\/wp\/v2\/pages\/404","targetHints":{"allow":["GET"]}}],"collection":[{"href":"https:\/\/chateaugort-wijntoerisme.nl\/en\/wp-json\/wp\/v2\/pages"}],"about":[{"href":"https:\/\/chateaugort-wijntoerisme.nl\/en\/wp-json\/wp\/v2\/types\/page"}],"author":[{"embeddable":true,"href":"https:\/\/chateaugort-wijntoerisme.nl\/en\/wp-json\/wp\/v2\/users\/2"}],"replies":[{"embeddable":true,"href":"https:\/\/chateaugort-wijntoerisme.nl\/en\/wp-json\/wp\/v2\/comments?post=404"}],"version-history":[{"count":16,"href":"https:\/\/chateaugort-wijntoerisme.nl\/en\/wp-json\/wp\/v2\/pages\/404\/revisions"}],"predecessor-version":[{"id":778,"href":"https:\/\/chateaugort-wijntoerisme.nl\/en\/wp-json\/wp\/v2\/pages\/404\/revisions\/778"}],"up":[{"embeddable":true,"href":"https:\/\/chateaugort-wijntoerisme.nl\/en\/wp-json\/wp\/v2\/pages\/25"}],"wp:attachment":[{"href":"https:\/\/chateaugort-wijntoerisme.nl\/en\/wp-json\/wp\/v2\/media?parent=404"}],"curies":[{"name":"wp","href":"https:\/\/api.w.org\/{rel}","templated":true}]}}