{"id":406,"date":"2024-12-23T13:15:44","date_gmt":"2024-12-23T13:15:44","guid":{"rendered":"https:\/\/chateaugort-wijntoerisme.nl\/?page_id=406"},"modified":"2025-01-02T15:15:52","modified_gmt":"2025-01-02T15:15:52","slug":"privacy-statement","status":"publish","type":"page","link":"https:\/\/chateaugort-wijntoerisme.nl\/en\/privacyverklaring\/","title":{"rendered":"Privacy statement"},"content":{"rendered":"<div class='breakdance'><section class=\"bde-section-406-100 bde-section\">\n  \n  \n\t\n\n\n\n<div class=\"section-container\"><h1 class=\"bde-heading-406-101 bde-heading\">\nPrivacy statement\n<\/h1><div class=\"bde-fancy-divider-406-102 bde-fancy-divider\">\n\n\n<div class=\"bde-fancy-divider__wrapper\">\n  <div class=\"bde-fancy-divider__separator has-content\">\n  \t    \t    \t    \t\t\t    \t\t<div class=\"bde-fancy-divider__content bde-fancy-divider__content--icon\"><svg xmlns=\"http:\/\/www.w3.org\/2000\/svg\" viewbox=\"0 0 288 512\"><!-- Font Awesome Free 5.15.1 by @fontawesome - https:\/\/fontawesome.com License - https:\/\/fontawesome.com\/license\/free (Icons: CC BY 4.0, Fonts: SIL OFL 1.1, Code: MIT License) --><path d=\"M216 464h-40V346.81c68.47-15.89 118.05-79.91 111.4-154.16l-15.95-178.1C270.71 6.31 263.9 0 255.74 0H32.26c-8.15 0-14.97 6.31-15.7 14.55L.6 192.66C-6.05 266.91 43.53 330.93 112 346.82V464H72c-22.09 0-40 17.91-40 40 0 4.42 3.58 8 8 8h208c4.42 0 8-3.58 8-8 0-22.09-17.91-40-40-40zM61.75 48h164.5l7.17 80H54.58l7.17-80z\"\/><\/svg><\/div>\n    \t                  <\/div>\n<\/div>\n\n<\/div><\/div>\n<\/section><section class=\"bde-section-406-103 bde-section\">\n  \n  \n\t\n\n\n\n<div class=\"section-container\"><h2 class=\"bde-heading-406-104 bde-heading\">\nPrivacy statement Gort &amp; Gort Wine Tourism\n<\/h2><div class=\"bde-fancy-divider-406-106 bde-fancy-divider\">\n\n\n<div class=\"bde-fancy-divider__wrapper\">\n  <div class=\"bde-fancy-divider__separator has-content\">\n  \t    \t    \t    \t\t\t    \t\t<div class=\"bde-fancy-divider__content bde-fancy-divider__content--icon\"><svg xmlns=\"http:\/\/www.w3.org\/2000\/svg\" viewbox=\"0 0 288 512\"><!-- Font Awesome Free 5.15.1 by @fontawesome - https:\/\/fontawesome.com License - https:\/\/fontawesome.com\/license\/free (Icons: CC BY 4.0, Fonts: SIL OFL 1.1, Code: MIT License) --><path d=\"M216 464h-40V346.81c68.47-15.89 118.05-79.91 111.4-154.16l-15.95-178.1C270.71 6.31 263.9 0 255.74 0H32.26c-8.15 0-14.97 6.31-15.7 14.55L.6 192.66C-6.05 266.91 43.53 330.93 112 346.82V464H72c-22.09 0-40 17.91-40 40 0 4.42 3.58 8 8 8h208c4.42 0 8-3.58 8-8 0-22.09-17.91-40-40-40zM61.75 48h164.5l7.17 80H54.58l7.17-80z\"\/><\/svg><\/div>\n    \t                  <\/div>\n<\/div>\n\n<\/div><div class=\"bde-text-406-107 bde-text\">\n'Ch\u00e2teau Gort &amp; Gort Wine Tourism' is categorised under:<br><br>SARL Ch\u00e2teau Gort &amp; Gort<br>235 route du Chemin Court<br>33240 Saint-Romain-la-Virv\u00e9e<br>France <br><br>Ch\u00e2teau Gort &amp; Gort is responsible for the processing of personal data as reflected in this privacy statement.<br><br>Ch\u00e2teau Gort &amp; Gort processes the following personal data of its guests: first and last name, telephone number, e-mail address and other data that allow us to make our guests' stay as pleasant as possible. <br><br>Ch\u00e2teau Gort &amp; Gort processes these personal data for the following purposes: contact prior, during and shortly after the stay, sending a newsletter.<br><br>Ch\u00e2teau Gort &amp; Gort also processes personal data for which there is a legal obligation. The Fiche d'H\u00f4tel to be completed on arrival (name, place and date of birth, nationality and contact details) is kept for six months. Data are also kept for tax payment purposes.<br><br>Ch\u00e2teau Gort &amp; Gort will not retain personal data for longer than is strictly necessary to fulfil the purposes for which your data are collected or to which we are obliged by law. The Fiche d'H\u00f4tel registration form should be kept for six months; after that it will be destroyed. <br><br>Ch\u00e2teau Gort &amp; Gort only provides information to third parties if this is necessary for the performance of our agreement with the guests or to comply with a legal obligation.<br><br>Ch\u00e2teau Gort &amp; Gort takes the protection of your data seriously and takes appropriate measures to prevent misuse, loss, unauthorised access, unwanted disclosure and unauthorised modification.<br>If you have the impression that your data is not properly secured or there are indications of misuse, please contact Ch\u00e2teau Gort &amp; Gort at <a href=\"mailto:visite@chateaugort.fr\">visite@chateaugort.fr<\/a>.<br><br>21 November 2024\n<\/div><div class=\"bde-button-406-108 bde-button\">\n    \n                        \n                        \n    \n    \n    \n    \n            \n                    \n            \n            \n\n    \n    \n    \n    \n    \n    <a class=\"breakdance-link button-atom button-atom--primary bde-button__button\" href=\"\/en\/\" target=\"_self\" data-type=\"url\"  >\n\n    \n        <span class=\"button-atom__text\">To the homepage<\/span>\n\n        \n        \n                <\/a>\n\n    \n\n\n<\/div><\/div>\n<\/section><\/div>","protected":false},"excerpt":{"rendered":"<p>Privacy statement Privacyverklaring Gort &#038; Gort Wijntoerisme &#8216;Ch\u00e2teau Gort &#038; Gort Wijntoerisme&#8217; valt onder:SARL Ch\u00e2teau Gort &#038; Gort235 route du Chemin Court33240 Saint-Romain-la-Virv\u00e9eFrankrijk Ch\u00e2teau Gort &#038; Gort is verantwoordelijk voor de verwerking van persoonsgegevens zoals weergegeven in deze privacyverklaring.Ch\u00e2teau Gort &#038; Gort verwerkt de volgende persoonsgegevens van haar gasten: voor- en achternaam, telefoonnummer, e-mailadres en [&hellip;]<\/p>\n","protected":false},"author":2,"featured_media":0,"parent":0,"menu_order":0,"comment_status":"closed","ping_status":"closed","template":"","meta":{"_acf_changed":false,"_breakdance_hide_in_design_set":false,"_breakdance_tags":"","footnotes":""},"class_list":["post-406","page","type-page","status-publish","hentry"],"acf":[],"_links":{"self":[{"href":"https:\/\/chateaugort-wijntoerisme.nl\/en\/wp-json\/wp\/v2\/pages\/406","targetHints":{"allow":["GET"]}}],"collection":[{"href":"https:\/\/chateaugort-wijntoerisme.nl\/en\/wp-json\/wp\/v2\/pages"}],"about":[{"href":"https:\/\/chateaugort-wijntoerisme.nl\/en\/wp-json\/wp\/v2\/types\/page"}],"author":[{"embeddable":true,"href":"https:\/\/chateaugort-wijntoerisme.nl\/en\/wp-json\/wp\/v2\/users\/2"}],"replies":[{"embeddable":true,"href":"https:\/\/chateaugort-wijntoerisme.nl\/en\/wp-json\/wp\/v2\/comments?post=406"}],"version-history":[{"count":8,"href":"https:\/\/chateaugort-wijntoerisme.nl\/en\/wp-json\/wp\/v2\/pages\/406\/revisions"}],"predecessor-version":[{"id":533,"href":"https:\/\/chateaugort-wijntoerisme.nl\/en\/wp-json\/wp\/v2\/pages\/406\/revisions\/533"}],"wp:attachment":[{"href":"https:\/\/chateaugort-wijntoerisme.nl\/en\/wp-json\/wp\/v2\/media?parent=406"}],"curies":[{"name":"wp","href":"https:\/\/api.w.org\/{rel}","templated":true}]}}