{"id":113,"date":"2024-12-10T08:47:26","date_gmt":"2024-12-10T08:47:26","guid":{"rendered":"https:\/\/chateaugort-wijntoerisme.nl\/?page_id=113"},"modified":"2026-04-14T15:51:55","modified_gmt":"2026-04-14T15:51:55","slug":"chateaushop","status":"publish","type":"page","link":"https:\/\/chateaugort-wijntoerisme.nl\/es\/chateaushop\/","title":{"rendered":"Ch\u00e2teaushop"},"content":{"rendered":"<div class='breakdance'><section class=\"bde-section-113-100 bde-section\">\n  \n  \n\t\n\n\n\n<div class=\"section-container\"><h1 class=\"bde-heading-113-101 bde-heading\">\nTienda Chateau\n<\/h1><div class=\"bde-fancy-divider-113-102 bde-fancy-divider\">\n\n\n<div class=\"bde-fancy-divider__wrapper\">\n  <div class=\"bde-fancy-divider__separator has-content\">\n  \t    \t    \t    \t\t\t    \t\t<div class=\"bde-fancy-divider__content bde-fancy-divider__content--icon\"><svg xmlns=\"http:\/\/www.w3.org\/2000\/svg\" viewbox=\"0 0 288 512\"><!-- Font Awesome Free 5.15.1 by @fontawesome - https:\/\/fontawesome.com License - https:\/\/fontawesome.com\/license\/free (Icons: CC BY 4.0, Fonts: SIL OFL 1.1, Code: MIT License) --><path d=\"M216 464h-40V346.81c68.47-15.89 118.05-79.91 111.4-154.16l-15.95-178.1C270.71 6.31 263.9 0 255.74 0H32.26c-8.15 0-14.97 6.31-15.7 14.55L.6 192.66C-6.05 266.91 43.53 330.93 112 346.82V464H72c-22.09 0-40 17.91-40 40 0 4.42 3.58 8 8 8h208c4.42 0 8-3.58 8-8 0-22.09-17.91-40-40-40zM61.75 48h164.5l7.17 80H54.58l7.17-80z\"\/><\/svg><\/div>\n    \t                  <\/div>\n<\/div>\n\n<\/div><\/div>\n<\/section><section class=\"bde-section-113-130 bde-section\">\n  \n  \n\t\n\n\n\n<div class=\"section-container\"><h2 class=\"bde-heading-113-131 bde-heading\">\nComprar vino\n<\/h2><div class=\"bde-fancy-divider-113-133 bde-fancy-divider\">\n\n\n<div class=\"bde-fancy-divider__wrapper\">\n  <div class=\"bde-fancy-divider__separator has-content\">\n  \t    \t    \t    \t\t\t    \t\t<div class=\"bde-fancy-divider__content bde-fancy-divider__content--icon\"><svg xmlns=\"http:\/\/www.w3.org\/2000\/svg\" viewbox=\"0 0 288 512\"><!-- Font Awesome Free 5.15.1 by @fontawesome - https:\/\/fontawesome.com License - https:\/\/fontawesome.com\/license\/free (Icons: CC BY 4.0, Fonts: SIL OFL 1.1, Code: MIT License) --><path d=\"M216 464h-40V346.81c68.47-15.89 118.05-79.91 111.4-154.16l-15.95-178.1C270.71 6.31 263.9 0 255.74 0H32.26c-8.15 0-14.97 6.31-15.7 14.55L.6 192.66C-6.05 266.91 43.53 330.93 112 346.82V464H72c-22.09 0-40 17.91-40 40 0 4.42 3.58 8 8 8h208c4.42 0 8-3.58 8-8 0-22.09-17.91-40-40-40zM61.75 48h164.5l7.17 80H54.58l7.17-80z\"\/><\/svg><\/div>\n    \t                  <\/div>\n<\/div>\n\n<\/div><div class=\"bde-text-113-134 bde-text\">\n\u00bfQuiere abastecerse de vino?  Le invitamos a recorrer nuestra Ch\u00e2teaushop mientras disfruta de una copa de vino. Aqu\u00ed, adem\u00e1s de nuestros deliciosos vinos, tambi\u00e9n encontrar\u00e1 libros firmados por Ilja y divertidos art\u00edculos del Ch\u00e2teau.<br><br>Nuestra Ch\u00e2teaushop est\u00e1 abierta del 13 de abril a agosto, de lunes a viernes de 10.00 a 18.00 horas. De septiembre a abril, las visitas a la tienda solo son posibles con cita previa por correo electr\u00f3nico.<br><br>Enviar por correo a <a href=\"mailto:visite@chateaugort.fr?subject=shoppen-au-chateau\">visite@chateaugort.fr<\/a> para concertar una cita.\n<\/div><\/div>\n<\/section><section class=\"bde-section-113-145 bde-section\">\n  \n  \n\t\n\n\n\n<div class=\"section-container\"><div class=\"bde-columns-113-146 bde-columns\"><div class=\"bde-column-113-147 bde-column\">\n  \n  \n\t\n\n\n\n<img decoding=\"async\" class=\"bde-image2-113-148 bde-image2\" src=\"https:\/\/chateaugort-wijntoerisme.nl\/wp-content\/uploads\/2024\/12\/f53ba8be-9f90-471a-875c-ab795f1d47f0.jpg\" loading=\"lazy\" srcset=\"https:\/\/chateaugort-wijntoerisme.nl\/wp-content\/uploads\/2024\/12\/f53ba8be-9f90-471a-875c-ab795f1d47f0.jpg 1600w, https:\/\/chateaugort-wijntoerisme.nl\/wp-content\/uploads\/2024\/12\/f53ba8be-9f90-471a-875c-ab795f1d47f0-300x225.jpg 300w, https:\/\/chateaugort-wijntoerisme.nl\/wp-content\/uploads\/2024\/12\/f53ba8be-9f90-471a-875c-ab795f1d47f0-1024x768.jpg 1024w, https:\/\/chateaugort-wijntoerisme.nl\/wp-content\/uploads\/2024\/12\/f53ba8be-9f90-471a-875c-ab795f1d47f0-768x576.jpg 768w, https:\/\/chateaugort-wijntoerisme.nl\/wp-content\/uploads\/2024\/12\/f53ba8be-9f90-471a-875c-ab795f1d47f0-1536x1152.jpg 1536w\" sizes=\"(max-width: 1600px) 100vw, 1600px\">\n<\/div><div class=\"bde-column-113-149 bde-column\">\n              \n  \n  \n\t\n\n  <div class=\"section-background-overlay\"><\/div>\n\n\n<h2 class=\"bde-heading-113-150 bde-heading\">\nHorario de apertura de Ch\u00e2teaushop\n<\/h2><div class=\"bde-fancy-divider-113-152 bde-fancy-divider\">\n\n\n<div class=\"bde-fancy-divider__wrapper\">\n  <div class=\"bde-fancy-divider__separator has-content\">\n  \t    \t    \t    \t\t\t    \t\t<div class=\"bde-fancy-divider__content bde-fancy-divider__content--icon\"><svg xmlns=\"http:\/\/www.w3.org\/2000\/svg\" viewbox=\"0 0 288 512\"><!-- Font Awesome Free 5.15.1 by @fontawesome - https:\/\/fontawesome.com License - https:\/\/fontawesome.com\/license\/free (Icons: CC BY 4.0, Fonts: SIL OFL 1.1, Code: MIT License) --><path d=\"M216 464h-40V346.81c68.47-15.89 118.05-79.91 111.4-154.16l-15.95-178.1C270.71 6.31 263.9 0 255.74 0H32.26c-8.15 0-14.97 6.31-15.7 14.55L.6 192.66C-6.05 266.91 43.53 330.93 112 346.82V464H72c-22.09 0-40 17.91-40 40 0 4.42 3.58 8 8 8h208c4.42 0 8-3.58 8-8 0-22.09-17.91-40-40-40zM61.75 48h164.5l7.17 80H54.58l7.17-80z\"\/><\/svg><\/div>\n    \t                  <\/div>\n<\/div>\n\n<\/div><div class=\"bde-text-113-123 bde-text\">\nDel 5 de mayo a agosto:<br>De lunes a viernes, de 11.00 a 18.00 h.<br><br>De septiembre a abril: <br>S\u00f3lo con cita previa\n<\/div>\n<\/div><\/div><\/div>\n<\/section><section class=\"bde-section-113-136 bde-section\">\n  \n  \n\t\n\n\n\n<div class=\"section-container\"><div class=\"bde-columns-113-137 bde-columns\"><div class=\"bde-column-113-138 bde-column\">\n  \n  \n\t\n\n\n\n<h3 class=\"bde-heading-113-140 bde-heading\">\nLos s\u00e1bados, domingos y durante la vendimia, el castillo permanece cerrado.\n<\/h3><div class=\"bde-fancy-divider-113-141 bde-fancy-divider\">\n\n\n<div class=\"bde-fancy-divider__wrapper\">\n  <div class=\"bde-fancy-divider__separator has-content\">\n  \t    \t    \t    \t\t\t    \t\t<div class=\"bde-fancy-divider__content bde-fancy-divider__content--icon\"><svg xmlns=\"http:\/\/www.w3.org\/2000\/svg\" viewbox=\"0 0 288 512\"><!-- Font Awesome Free 5.15.1 by @fontawesome - https:\/\/fontawesome.com License - https:\/\/fontawesome.com\/license\/free (Icons: CC BY 4.0, Fonts: SIL OFL 1.1, Code: MIT License) --><path d=\"M216 464h-40V346.81c68.47-15.89 118.05-79.91 111.4-154.16l-15.95-178.1C270.71 6.31 263.9 0 255.74 0H32.26c-8.15 0-14.97 6.31-15.7 14.55L.6 192.66C-6.05 266.91 43.53 330.93 112 346.82V464H72c-22.09 0-40 17.91-40 40 0 4.42 3.58 8 8 8h208c4.42 0 8-3.58 8-8 0-22.09-17.91-40-40-40zM61.75 48h164.5l7.17 80H54.58l7.17-80z\"\/><\/svg><\/div>\n    \t                  <\/div>\n<\/div>\n\n<\/div><div class=\"bde-text-113-142 bde-text\">\nEl cierre de la vendimia suele producirse entre mediados de septiembre y mediados de octubre, cuando el Ch\u00e2teau no puede visitarse en absoluto. <br><br>El Ch\u00e2teaushop tambi\u00e9n permanece cerrado durante este periodo y no organizamos visitas ni degustaciones.<br>\n<\/div>\n<\/div><div class=\"bde-column-113-144 bde-column\">\n  \n  \n\t\n\n\n\n\n<\/div><\/div><\/div>\n<\/section><\/div>","protected":false},"excerpt":{"rendered":"<p>De Ch\u00e2teaushop Wijnkopen Wil je een voorraadje wijn inslaan? Je bent van harte welkom om onder het genot van een glaasje wijn rond te snuffelen in onze Ch\u00e2teaushop. Hier vind je naast onze heerlijke wijnen, ook gesigneerde boeken van Ilja en leuke Ch\u00e2teau-merchandise.Onze Ch\u00e2teaushop is open vanaf 13 april tot en met augustus, van maandagt\/m [&hellip;]<\/p>\n","protected":false},"author":2,"featured_media":0,"parent":0,"menu_order":0,"comment_status":"closed","ping_status":"closed","template":"","meta":{"_acf_changed":false,"_breakdance_hide_in_design_set":false,"_breakdance_tags":"","footnotes":""},"class_list":["post-113","page","type-page","status-publish","hentry"],"acf":[],"_links":{"self":[{"href":"https:\/\/chateaugort-wijntoerisme.nl\/es\/wp-json\/wp\/v2\/pages\/113","targetHints":{"allow":["GET"]}}],"collection":[{"href":"https:\/\/chateaugort-wijntoerisme.nl\/es\/wp-json\/wp\/v2\/pages"}],"about":[{"href":"https:\/\/chateaugort-wijntoerisme.nl\/es\/wp-json\/wp\/v2\/types\/page"}],"author":[{"embeddable":true,"href":"https:\/\/chateaugort-wijntoerisme.nl\/es\/wp-json\/wp\/v2\/users\/2"}],"replies":[{"embeddable":true,"href":"https:\/\/chateaugort-wijntoerisme.nl\/es\/wp-json\/wp\/v2\/comments?post=113"}],"version-history":[{"count":26,"href":"https:\/\/chateaugort-wijntoerisme.nl\/es\/wp-json\/wp\/v2\/pages\/113\/revisions"}],"predecessor-version":[{"id":1011,"href":"https:\/\/chateaugort-wijntoerisme.nl\/es\/wp-json\/wp\/v2\/pages\/113\/revisions\/1011"}],"wp:attachment":[{"href":"https:\/\/chateaugort-wijntoerisme.nl\/es\/wp-json\/wp\/v2\/media?parent=113"}],"curies":[{"name":"wp","href":"https:\/\/api.w.org\/{rel}","templated":true}]}}