{"id":406,"date":"2024-12-23T13:15:44","date_gmt":"2024-12-23T13:15:44","guid":{"rendered":"https:\/\/chateaugort-wijntoerisme.nl\/?page_id=406"},"modified":"2025-01-02T15:15:52","modified_gmt":"2025-01-02T15:15:52","slug":"declaracion-de-privacidad","status":"publish","type":"page","link":"https:\/\/chateaugort-wijntoerisme.nl\/es\/privacyverklaring\/","title":{"rendered":"Declaraci\u00f3n de confidencialidad"},"content":{"rendered":"<div class='breakdance'><section class=\"bde-section-406-100 bde-section\">\n  \n  \n\t\n\n\n\n<div class=\"section-container\"><h1 class=\"bde-heading-406-101 bde-heading\">\nDeclaraci\u00f3n de confidencialidad\n<\/h1><div class=\"bde-fancy-divider-406-102 bde-fancy-divider\">\n\n\n<div class=\"bde-fancy-divider__wrapper\">\n  <div class=\"bde-fancy-divider__separator has-content\">\n  \t    \t    \t    \t\t\t    \t\t<div class=\"bde-fancy-divider__content bde-fancy-divider__content--icon\"><svg xmlns=\"http:\/\/www.w3.org\/2000\/svg\" viewbox=\"0 0 288 512\"><!-- Font Awesome Free 5.15.1 by @fontawesome - https:\/\/fontawesome.com License - https:\/\/fontawesome.com\/license\/free (Icons: CC BY 4.0, Fonts: SIL OFL 1.1, Code: MIT License) --><path d=\"M216 464h-40V346.81c68.47-15.89 118.05-79.91 111.4-154.16l-15.95-178.1C270.71 6.31 263.9 0 255.74 0H32.26c-8.15 0-14.97 6.31-15.7 14.55L.6 192.66C-6.05 266.91 43.53 330.93 112 346.82V464H72c-22.09 0-40 17.91-40 40 0 4.42 3.58 8 8 8h208c4.42 0 8-3.58 8-8 0-22.09-17.91-40-40-40zM61.75 48h164.5l7.17 80H54.58l7.17-80z\"\/><\/svg><\/div>\n    \t                  <\/div>\n<\/div>\n\n<\/div><\/div>\n<\/section><section class=\"bde-section-406-103 bde-section\">\n  \n  \n\t\n\n\n\n<div class=\"section-container\"><h2 class=\"bde-heading-406-104 bde-heading\">\nDeclaraci\u00f3n de privacidad Gort &amp; Gort Enoturismo\n<\/h2><div class=\"bde-fancy-divider-406-106 bde-fancy-divider\">\n\n\n<div class=\"bde-fancy-divider__wrapper\">\n  <div class=\"bde-fancy-divider__separator has-content\">\n  \t    \t    \t    \t\t\t    \t\t<div class=\"bde-fancy-divider__content bde-fancy-divider__content--icon\"><svg xmlns=\"http:\/\/www.w3.org\/2000\/svg\" viewbox=\"0 0 288 512\"><!-- Font Awesome Free 5.15.1 by @fontawesome - https:\/\/fontawesome.com License - https:\/\/fontawesome.com\/license\/free (Icons: CC BY 4.0, Fonts: SIL OFL 1.1, Code: MIT License) --><path d=\"M216 464h-40V346.81c68.47-15.89 118.05-79.91 111.4-154.16l-15.95-178.1C270.71 6.31 263.9 0 255.74 0H32.26c-8.15 0-14.97 6.31-15.7 14.55L.6 192.66C-6.05 266.91 43.53 330.93 112 346.82V464H72c-22.09 0-40 17.91-40 40 0 4.42 3.58 8 8 8h208c4.42 0 8-3.58 8-8 0-22.09-17.91-40-40-40zM61.75 48h164.5l7.17 80H54.58l7.17-80z\"\/><\/svg><\/div>\n    \t                  <\/div>\n<\/div>\n\n<\/div><div class=\"bde-text-406-107 bde-text\">\n'Ch\u00e2teau Gort &amp; Gort Turismo Enol\u00f3gico' se clasifica en:<br><br>SARL Ch\u00e2teau Gort &amp; Gort<br>235 route du Chemin Court<br>33240 Saint-Romain-la-Virv\u00e9e<br>Francia <br><br>Ch\u00e2teau Gort &amp; Gort es responsable del tratamiento de los datos personales reflejados en esta declaraci\u00f3n de privacidad.<br><br>Ch\u00e2teau Gort &amp; Gort trata los siguientes datos personales de sus hu\u00e9spedes: nombre y apellidos, n\u00famero de tel\u00e9fono, direcci\u00f3n de correo electr\u00f3nico y otros datos para que la estancia de nuestros hu\u00e9spedes sea lo m\u00e1s agradable posible. <br><br>Ch\u00e2teau Gort &amp; Gort trata estos datos personales para los siguientes fines: contacto antes, durante y poco despu\u00e9s de la estancia, env\u00edo de un bolet\u00edn informativo.<br><br>Ch\u00e2teau Gort &amp; Gort tambi\u00e9n trata datos personales para los que existe una obligaci\u00f3n legal. La Fiche d'H\u00f4tel que debe rellenarse a la llegada (nombre, lugar y fecha de nacimiento, nacionalidad y datos de contacto) se conserva durante seis meses. Los datos tambi\u00e9n se conservan a efectos del pago de impuestos.<br><br>Ch\u00e2teau Gort &amp; Gort no conservar\u00e1 los datos personales durante m\u00e1s tiempo del estrictamente necesario para cumplir los fines para los que se recogieron sus datos o a los que estamos obligados por ley. El formulario de inscripci\u00f3n en la Fiche d'H\u00f4tel deber\u00e1 conservarse durante seis meses; transcurrido este plazo, ser\u00e1 destruido. <br><br>Ch\u00e2teau Gort &amp; Gort s\u00f3lo facilita informaci\u00f3n a terceros si ello es necesario para la ejecuci\u00f3n de nuestro acuerdo con los hu\u00e9spedes o para cumplir una obligaci\u00f3n legal.<br><br>Ch\u00e2teau Gort &amp; Gort se toma muy en serio la protecci\u00f3n de sus datos y adopta las medidas adecuadas para evitar el uso indebido, la p\u00e9rdida, el acceso no autorizado, la divulgaci\u00f3n no deseada y la modificaci\u00f3n no autorizada.<br>Si tiene la impresi\u00f3n de que sus datos no est\u00e1n debidamente protegidos o existen indicios de uso indebido, p\u00f3ngase en contacto con Ch\u00e2teau Gort &amp; Gort en la direcci\u00f3n siguiente <a href=\"mailto:visite@chateaugort.fr\">visite@chateaugort.fr<\/a>.<br><br>21 de noviembre de 2024\n<\/div><div class=\"bde-button-406-108 bde-button\">\n    \n                        \n                        \n    \n    \n    \n    \n            \n                    \n            \n            \n\n    \n    \n    \n    \n    \n    <a class=\"breakdance-link button-atom button-atom--primary bde-button__button\" href=\"\/es\/\" target=\"_self\" data-type=\"url\"  >\n\n    \n        <span class=\"button-atom__text\">A la p\u00e1gina de inicio<\/span>\n\n        \n        \n                <\/a>\n\n    \n\n\n<\/div><\/div>\n<\/section><\/div>","protected":false},"excerpt":{"rendered":"<p>Privacy statement Privacyverklaring Gort &#038; Gort Wijntoerisme &#8216;Ch\u00e2teau Gort &#038; Gort Wijntoerisme&#8217; valt onder:SARL Ch\u00e2teau Gort &#038; Gort235 route du Chemin Court33240 Saint-Romain-la-Virv\u00e9eFrankrijk Ch\u00e2teau Gort &#038; Gort is verantwoordelijk voor de verwerking van persoonsgegevens zoals weergegeven in deze privacyverklaring.Ch\u00e2teau Gort &#038; Gort verwerkt de volgende persoonsgegevens van haar gasten: voor- en achternaam, telefoonnummer, e-mailadres en [&hellip;]<\/p>\n","protected":false},"author":2,"featured_media":0,"parent":0,"menu_order":0,"comment_status":"closed","ping_status":"closed","template":"","meta":{"_acf_changed":false,"_breakdance_hide_in_design_set":false,"_breakdance_tags":"","footnotes":""},"class_list":["post-406","page","type-page","status-publish","hentry"],"acf":[],"_links":{"self":[{"href":"https:\/\/chateaugort-wijntoerisme.nl\/es\/wp-json\/wp\/v2\/pages\/406","targetHints":{"allow":["GET"]}}],"collection":[{"href":"https:\/\/chateaugort-wijntoerisme.nl\/es\/wp-json\/wp\/v2\/pages"}],"about":[{"href":"https:\/\/chateaugort-wijntoerisme.nl\/es\/wp-json\/wp\/v2\/types\/page"}],"author":[{"embeddable":true,"href":"https:\/\/chateaugort-wijntoerisme.nl\/es\/wp-json\/wp\/v2\/users\/2"}],"replies":[{"embeddable":true,"href":"https:\/\/chateaugort-wijntoerisme.nl\/es\/wp-json\/wp\/v2\/comments?post=406"}],"version-history":[{"count":8,"href":"https:\/\/chateaugort-wijntoerisme.nl\/es\/wp-json\/wp\/v2\/pages\/406\/revisions"}],"predecessor-version":[{"id":533,"href":"https:\/\/chateaugort-wijntoerisme.nl\/es\/wp-json\/wp\/v2\/pages\/406\/revisions\/533"}],"wp:attachment":[{"href":"https:\/\/chateaugort-wijntoerisme.nl\/es\/wp-json\/wp\/v2\/media?parent=406"}],"curies":[{"name":"wp","href":"https:\/\/api.w.org\/{rel}","templated":true}]}}