{"id":874,"date":"2025-06-27T14:07:12","date_gmt":"2025-06-27T14:07:12","guid":{"rendered":"https:\/\/chateaugort-wijntoerisme.nl\/?page_id=874"},"modified":"2025-06-27T14:07:12","modified_gmt":"2025-06-27T14:07:12","slug":"condiciones-generales","status":"publish","type":"page","link":"https:\/\/chateaugort-wijntoerisme.nl\/es\/wijncursussen\/algemene-voorwaarden\/","title":{"rendered":"Condiciones generales"},"content":{"rendered":"<div class='breakdance'><section class=\"bde-section-874-100 bde-section\">\n  \n  \n\t\n\n\n\n<div class=\"section-container\"><h1 class=\"bde-heading-874-101 bde-heading\">\nCondiciones generales\n<\/h1><div class=\"bde-fancy-divider-874-102 bde-fancy-divider\">\n\n\n<div class=\"bde-fancy-divider__wrapper\">\n  <div class=\"bde-fancy-divider__separator has-content\">\n  \t    \t    \t    \t\t\t    \t\t<div class=\"bde-fancy-divider__content bde-fancy-divider__content--icon\"><svg xmlns=\"http:\/\/www.w3.org\/2000\/svg\" viewbox=\"0 0 288 512\"><!-- Font Awesome Free 5.15.1 by @fontawesome - https:\/\/fontawesome.com License - https:\/\/fontawesome.com\/license\/free (Icons: CC BY 4.0, Fonts: SIL OFL 1.1, Code: MIT License) --><path d=\"M216 464h-40V346.81c68.47-15.89 118.05-79.91 111.4-154.16l-15.95-178.1C270.71 6.31 263.9 0 255.74 0H32.26c-8.15 0-14.97 6.31-15.7 14.55L.6 192.66C-6.05 266.91 43.53 330.93 112 346.82V464H72c-22.09 0-40 17.91-40 40 0 4.42 3.58 8 8 8h208c4.42 0 8-3.58 8-8 0-22.09-17.91-40-40-40zM61.75 48h164.5l7.17 80H54.58l7.17-80z\"\/><\/svg><\/div>\n    \t                  <\/div>\n<\/div>\n\n<\/div><\/div>\n<\/section><section class=\"bde-section-874-103 bde-section\">\n  \n  \n\t\n\n\n\n<div class=\"section-container\"><h2 class=\"bde-heading-874-104 bde-heading\">\nLetra peque\u00f1a<br>Curso de supervivencia del vino\n<\/h2><div class=\"bde-fancy-divider-874-106 bde-fancy-divider\">\n\n\n<div class=\"bde-fancy-divider__wrapper\">\n  <div class=\"bde-fancy-divider__separator has-content\">\n  \t    \t    \t    \t\t\t    \t\t<div class=\"bde-fancy-divider__content bde-fancy-divider__content--icon\"><svg xmlns=\"http:\/\/www.w3.org\/2000\/svg\" viewbox=\"0 0 288 512\"><!-- Font Awesome Free 5.15.1 by @fontawesome - https:\/\/fontawesome.com License - https:\/\/fontawesome.com\/license\/free (Icons: CC BY 4.0, Fonts: SIL OFL 1.1, Code: MIT License) --><path d=\"M216 464h-40V346.81c68.47-15.89 118.05-79.91 111.4-154.16l-15.95-178.1C270.71 6.31 263.9 0 255.74 0H32.26c-8.15 0-14.97 6.31-15.7 14.55L.6 192.66C-6.05 266.91 43.53 330.93 112 346.82V464H72c-22.09 0-40 17.91-40 40 0 4.42 3.58 8 8 8h208c4.42 0 8-3.58 8-8 0-22.09-17.91-40-40-40zM61.75 48h164.5l7.17 80H54.58l7.17-80z\"\/><\/svg><\/div>\n    \t                  <\/div>\n<\/div>\n\n<\/div><div class=\"bde-rich-text-874-109 bde-rich-text breakdance-rich-text-styles\">\n<p class=\"p1\"><b>Nombre comercial<\/b><br \/>SARL Ch\u00e2teau Gort &amp; Gort <br \/>SIRENA 398043778<br \/><a href=\"mailto:visite@chateaugort.fr\"><span class=\"s1\">visite@chateaugort.fr<\/span><\/a><br \/><br \/>235 Route du Chemin Court<br \/>33240 Saint-Romain-la-Virv\u00e9e<\/p><p class=\"p1\"><b>Condiciones generales de los cursos y casas de vacaciones<\/b><\/p><p class=\"p1\"><b>Inscripci\u00f3n<br \/><\/b>Puede utilizar el formulario de contacto del sitio web y la direcci\u00f3n de correo electr\u00f3nico <a href=\"mailto:visite@chateaugort.fr\"><span class=\"s1\">visite@chateaugort.fr<\/span><\/a> indique su inter\u00e9s en un curso de vino. Meriam se pondr\u00e1 en contacto con usted, le solicitar\u00e1 los datos necesarios y le reservar\u00e1 una plaza. La inscripci\u00f3n en el curso se realiza \u00fanicamente por correo electr\u00f3nico y no puede reservarse en ning\u00fan sitio en l\u00ednea.<\/p><p class=\"p1\"><b>Reserva y pago<\/b><br \/>Meriam le enviar\u00e1 una factura y los datos bancarios de Ch\u00e2teau Gort &amp; Gort tras recibir los datos de la reserva. El dep\u00f3sito consiste en 20% del importe total y deber\u00e1 abonarse en el plazo de un mes a partir de la reserva, tras lo cual \u00e9sta ser\u00e1 definitiva. El importe restante deber\u00e1 abonarse a m\u00e1s tardar 8 semanas antes del inicio del curso.<\/p><p class=\"p1\"><b>Pol\u00edtica de anulaci\u00f3n<\/b><br \/>Aplicamos las siguientes normas a la hora de cancelar:<br \/>- 100% reembolso hasta 8 semanas antes de la fecha de inicio<br \/>- 50% reembolso hasta 4 semanas antes de la fecha de inicio<br \/>- No se admiten devoluciones si faltan menos de 4 semanas para la fecha de llegada o si no se avisa con antelaci\u00f3n.<\/p><p class=\"p1\">Lamentablemente, no es posible efectuar reembolsos en caso de salida anticipada.<br \/>Le recomendamos que contrate su propio seguro de viaje y anulaci\u00f3n.<br \/>Ch\u00e2teau Gort &amp; Gort podr\u00e1 anular el contrato de reserva en caso de fuerza mayor, cat\u00e1strofe natural, condiciones meteorol\u00f3gicas extraordinarias, incendio, fallecimiento del propietario o de familiares directos y enfermedad y hospitalizaci\u00f3n del tutor.<br \/><br \/><b>Devoluciones<br \/><\/b>Si, debido a circunstancias como las mencionadas, Ch\u00e2teau Gort &amp; Gort procede a un reembolso (parcial), \u00e9ste se abonar\u00e1 \u00fanicamente en el n\u00famero de cuenta a partir del cual se efectu\u00f3 el pago.<\/p><p class=\"p1\"><b>Programa<\/b><br \/>El programa publicado en l\u00ednea es orientativo y no puede derivarse de \u00e9l ning\u00fan derecho. Los horarios, el orden, los componentes del programa y los lugares pueden cambiar en funci\u00f3n de la disponibilidad. Por supuesto, haremos todo lo posible por informarle lo m\u00e1s clara y r\u00e1pidamente posible en caso de que algo cambie.<\/p><p class=\"p1\"><b>Llegada y salida<br \/><\/b>Antes del comienzo del curso, recibir\u00e1 un correo electr\u00f3nico de bienvenida con el programa definitivo. En \u00e9l se indicar\u00e1n las horas de inicio y finalizaci\u00f3n del curso y el lugar donde podr\u00e1 registrarse. Le rogamos que respete estos horarios para que las clases y otras actividades del castillo puedan desarrollarse sin interrupciones.<br \/>Si no hay otro remedio y tiene previsto llegar m\u00e1s tarde, env\u00ede un correo electr\u00f3nico con antelaci\u00f3n a <a href=\"mailto:visite@chateaugort.fr\">visite@chateaugort.fr<\/a> o llame a Meriam al +316 42 83 04 04 para organizar algo al respecto.<\/p><p class=\"p1\"><b>Aparcamiento<\/b><br \/>Aparque su coche o veh\u00edculo de dos ruedas en el aparcamiento, cerca de los dem\u00e1s coches. Por favor, mantenga despejada la entrada a la tienda y a la bodega. Tenga cuidado de no aparcar demasiado cerca del vi\u00f1edo: a veces tenemos que pasar con el tractor. El aparcamiento es por su cuenta y riesgo.<\/p><p class=\"p1\"><b>Acceda a <\/b><i><br \/><\/i>Tiene acceso a la sala designada para el curso, al bloque de aseos asociado, al aparcamiento y a la zona p\u00fablica fuera de la valla. Al resto s\u00f3lo se puede acceder con el personal de Ch\u00e2teau Gort &amp; Gort. Le rogamos que respete nuestra intimidad y nuestros hogares y no deambule por el Ch\u00e2teau o el jard\u00edn por su cuenta.<br \/>No est\u00e1 permitido acampar en la propiedad ni dentro ni fuera de la valla. Hay un camping a 5 minutos a pie del Ch\u00e2teau o pregunte a Meriam por la direcci\u00f3n de bonitos campings cercanos.<\/p><p class=\"p1\"><b>Sin responsabilidad por consumo de alcohol<\/b><br \/>Ch\u00e2teau Gort &amp; Gort\/Meriam nunca fomentar\u00e1 el consumo excesivo de alcohol por parte de los participantes en los cursos. Los vinos servidos son vinos de degustaci\u00f3n; hay crachoirs disponibles para escupir el vino. Ch\u00e2teau Gort &amp; Gort no se hace responsable de las consecuencias del consumo de alcohol antes, durante y despu\u00e9s del curso. El participante en el curso es personalmente responsable del consumo prudente de alcohol, especialmente en lo que respecta a la seguridad vial y la medicaci\u00f3n.<br \/><br \/><b>Fumar<\/b><br \/>No est\u00e1 permitido fumar en la entrada o delante de ella. Por favor, no tire las colillas de cigarrillos en el suelo fuera por favor, pero tirarlos debidamente extinguido en la basura o en un cenicero.<\/p><p class=\"p1\"><b>En caso de emergencia<\/b><br \/>Se proporcionan extintores y caja de E.H.B.O.<br \/>Informe siempre a Meriam o a otro empleado de Ch\u00e2teau Gort &amp; Gort en caso de emergencia. Estos son los n\u00fameros de emergencia en Francia:<br \/>15: Ambulancia para emergencias m\u00e9dicas<br \/>17: Polic\u00eda <br \/>18: Cuerpo de bomberos <br \/>114: Notificaci\u00f3n de emergencia v\u00eda app (para personas sordas o con dificultades auditivas)<br \/>112: N\u00famero general de emergencias<\/p><p class=\"p1\"><b>Responsabilidad<\/b><br \/>Invitados de Ch\u00e2teau Gort &amp; Gort<span class=\"Apple-converted-space\">\u00a0 <\/span>son responsables de su propia seguridad.<br \/>Los hu\u00e9spedes de la casa de vacaciones de Ch\u00e2teau Gort &amp; Gort son responsables de la seguridad de los ni\u00f1os y los animales dom\u00e9sticos que lleven consigo. Esto se aplica tanto al interior de la casa como al exterior, como el jard\u00edn, el parque infantil y la terraza.<br \/>Ch\u00e2teau Gort &amp; Gort se compromete a tomar las medidas oportunas tras informar de las molestias causadas por los hu\u00e9spedes. Si el hu\u00e9sped ensucia, y en el peor de los casos tenemos que pedir a este hu\u00e9sped que se vaya, no podemos reembolsar el resto de la estancia.<\/p><p class=\"p1\">\u00bfSe ha estropeado algo? Notif\u00edquelo a nuestro equipo lo antes posible. En caso de da\u00f1os graves causados por el hu\u00e9sped, el dep\u00f3sito puede ser retenido y el seguro tambi\u00e9n puede estar involucrado.<\/p><p class=\"p1\"><b>Seguro de viaje y anulaci\u00f3n<\/b><br \/>Recomendamos encarecidamente a todos los participantes en los cursos que contraten su propio seguro (de viaje y) de cancelaci\u00f3n. Ch\u00e2teau Gort &amp; Gort no contrata seguros para los participantes en los cursos.<\/p><p class=\"p1\"><b>Privacidad<\/b><br \/>Castillo Gort<span class=\"Apple-converted-space\">\u00a0 <\/span>es responsable del tratamiento de los datos personales tal y como se refleja en nuestra declaraci\u00f3n de privacidad que se encuentra en nuestro sitio web.<\/p><p class=\"p1\"><b>Quejas<\/b><br \/>\u00bfTiene alguna queja? Si es as\u00ed, comun\u00edquesela a Meriam incluso durante su estancia; ella har\u00e1 todo lo posible por resolver el problema lo antes posible.<br \/>En caso de emergencias importantes que no puedan esperar hasta el d\u00eda siguiente, puede ponerse en contacto con ella en el +31 6 42 83 04 04.<\/p><p class=\"p1\"><b>Normativa interna<br \/><\/b>La casa de vacaciones de Ch\u00e2teau Gort &amp; Gort tiene una serie de normas de la casa:<\/p><ul class=\"ul1\"><li class=\"li2\"><i>Reembolso<\/i><br \/>Si el hu\u00e9sped la l\u00eda parda y, en el peor de los casos, tenemos que pedirle que se marche, no podemos reembolsarle el resto de la estancia.<\/li><li class=\"li2\"><i>Mascotas<br \/><\/i>Los perros son bienvenidos, \u00a1acogedor! Puede traer a su fiel amigo de cuatro patas a la casa de vacaciones, por lo que se cobrar\u00e1 una tarifa de limpieza adicional de 50 \u20ac por reserva. <\/li><li class=\"li2\"><i>Fumar<br \/><\/i>No est\u00e1 permitido fumar en las instalaciones. Le rogamos que no deje colillas en el suelo, en la calle o en el jard\u00edn. Ap\u00e1guelas correctamente y t\u00edrelas a la papelera o al cenicero. <\/li><li class=\"li2\"><i>Molestias<br \/><\/i>Ch\u00e2teau Gort &amp; Gort Holiday Home est\u00e1 situado en una peque\u00f1a calle con vecinos encantadores; tenga cuidado de no hacer demasiado ruido fuera. Cuando haya descargado su equipaje a la llegada, conduzca hacia atr\u00e1s por el mismo camino hasta el aparcamiento (as\u00ed que mejor no continuar por el camino girando a la izquierda a la vuelta de la esquina). <span class=\"s2\">\u00a1Ten cuidado de no caer en la cuneta!<\/span> <\/li><li class=\"li2\"><i>Recibir visitas<br \/><\/i>Esto s\u00f3lo se permite previo acuerdo y con el permiso del equipo. <\/li><li class=\"li2\"><i>Le rogamos que no saque muebles ni otros objetos al exterior.<br \/><\/i>Sin embargo, est\u00e1 permitido utilizar vasos, platos, cubiertos y manteles en el exterior. <\/li><li class=\"li2\"><i>Se proporcionan extintores y botiqu\u00edn de primeros auxilios<\/i><br \/>Hay extintores en la cocina, el vest\u00edbulo y el pasillo de ambas plantas. El botiqu\u00edn est\u00e1 colgado en el armario de la escalera, junto a los utensilios de limpieza. <\/li><li class=\"li1\"><i>Sostenible<br \/><\/i>En Ch\u00e2teau Gort &amp; Gort amamos la naturaleza y nos esforzamos por tratarla lo mejor posible. Separamos los residuos, \u00bfnos ayudas? El pase SMICVAL que se encuentra en el caj\u00f3n del escritorio del sal\u00f3n abre los contenedores de residuos situados cerca del aparcamiento. Por favor, aseg\u00farate de que el pase est\u00e1 en su sitio.<\/li><\/ul><p class=\"p3\">El cart\u00f3n, las latas y el pl\u00e1stico pueden ir juntos en el contenedor verde de reciclaje designado que se encuentra en la casa de vacaciones. Los residuos de VGF se depositan en el contenedor de biorresiduos, los residuos en el contenedor normal y el vidrio en el contenedor para botellas.<\/p><ul class=\"ul1\"><li class=\"li2\"><i>Acceso y cierre<br \/><\/i>Si no se encuentra en las inmediaciones de la vivienda de vacaciones, cierre puertas y ventanas. El seguro no cubre los da\u00f1os en caso de robo. Los bienes pertenecientes a Ch\u00e2teau Gort &amp; Gort que se pierdan por su culpa lamentablemente tendr\u00e1n que ser recuperados por usted.<\/li><li class=\"li1\"><i>Aparcamiento<br \/><\/i>La casa est\u00e1 en una calle estrecha, que compartimos con nuestros queridos vecinos franceses. Para no perturbar su paz y tranquilidad, le rogamos que no conduzca hasta el final de la calle. Si es necesario, puede dejar su equipaje delante de la puerta y luego dar marcha atr\u00e1s por el mismo camino hasta el aparcamiento; puede aparcar su coche al principio de la calle. Tenga cuidado de no caer en la cuneta.<\/li><\/ul><p class=\"p3\">El aparcamiento es por su cuenta y riesgo.<\/p><p class=\"p1\">Encontrar\u00e1 estas condiciones en www.chateaugort-wijntoerisme.nl. Le deseamos una maravillosa estancia en Ch\u00e2teau Gort &amp; Gort.<\/p><p class=\"p1\">Klaas Gort y Meriam Last<br \/>Saint-Romain-la-Virv\u00e9e\/Asques, junio de 2025<\/p>\n<\/div><div class=\"bde-button-874-115 bde-button\">\n    \n                        \n                        \n    \n    \n    \n    \n            \n                    \n            \n            \n\n    \n    \n    \n    \n    \n    <a class=\"breakdance-link button-atom button-atom--primary bde-button__button\" href=\"\/es\/\" target=\"_self\" data-type=\"url\"  >\n\n    \n        <span class=\"button-atom__text\">Volver a la p\u00e1gina de inicio<\/span>\n\n        \n        \n                <\/a>\n\n    \n\n\n<\/div><\/div>\n<\/section><\/div>","protected":false},"excerpt":{"rendered":"<p>Algemene voorwaarden Kleine lettertjesWijnsurvivalcursus HandelsnaamSARL Ch\u00e2teau Gort &amp; Gort SIREN 398043778visite@chateaugort.fr235 Route du Chemin Court33240 Saint-Romain-la-Virv\u00e9eAlgemene voorwaarden Cursussen en VakantiehuisInschrijvingJe kunt via het contactformulier op de website en via e-mailadres visite@chateaugort.fr aangeven dat je interesse hebt in een wijncursus. Meriam zal vervolgens contact met je opnemen, de benodigde gegevens bij je opvragen en een plekje [&hellip;]<\/p>\n","protected":false},"author":2,"featured_media":0,"parent":723,"menu_order":0,"comment_status":"closed","ping_status":"closed","template":"","meta":{"_acf_changed":false,"_breakdance_hide_in_design_set":false,"_breakdance_tags":"","footnotes":""},"class_list":["post-874","page","type-page","status-publish","hentry"],"acf":[],"_links":{"self":[{"href":"https:\/\/chateaugort-wijntoerisme.nl\/es\/wp-json\/wp\/v2\/pages\/874","targetHints":{"allow":["GET"]}}],"collection":[{"href":"https:\/\/chateaugort-wijntoerisme.nl\/es\/wp-json\/wp\/v2\/pages"}],"about":[{"href":"https:\/\/chateaugort-wijntoerisme.nl\/es\/wp-json\/wp\/v2\/types\/page"}],"author":[{"embeddable":true,"href":"https:\/\/chateaugort-wijntoerisme.nl\/es\/wp-json\/wp\/v2\/users\/2"}],"replies":[{"embeddable":true,"href":"https:\/\/chateaugort-wijntoerisme.nl\/es\/wp-json\/wp\/v2\/comments?post=874"}],"version-history":[{"count":2,"href":"https:\/\/chateaugort-wijntoerisme.nl\/es\/wp-json\/wp\/v2\/pages\/874\/revisions"}],"predecessor-version":[{"id":876,"href":"https:\/\/chateaugort-wijntoerisme.nl\/es\/wp-json\/wp\/v2\/pages\/874\/revisions\/876"}],"up":[{"embeddable":true,"href":"https:\/\/chateaugort-wijntoerisme.nl\/es\/wp-json\/wp\/v2\/pages\/723"}],"wp:attachment":[{"href":"https:\/\/chateaugort-wijntoerisme.nl\/es\/wp-json\/wp\/v2\/media?parent=874"}],"curies":[{"name":"wp","href":"https:\/\/api.w.org\/{rel}","templated":true}]}}