{"id":23,"date":"2024-09-21T10:29:41","date_gmt":"2024-09-21T10:29:41","guid":{"rendered":"https:\/\/chateaugort-visite.nl\/?page_id=23"},"modified":"2026-02-24T13:59:52","modified_gmt":"2026-02-24T13:59:52","slug":"bnb","status":"publish","type":"page","link":"https:\/\/chateaugort-wijntoerisme.nl\/fr\/bnb\/","title":{"rendered":"B&amp;B"},"content":{"rendered":"<div class='breakdance'><section class=\"bde-section-23-100 bde-section\">\n  \n  \n\t\n\n\n\n<div class=\"section-container\"><h1 class=\"bde-heading-23-101 bde-heading\">\nChambres d'h\u00f4tes\n<\/h1><div class=\"bde-fancy-divider-23-102 bde-fancy-divider\">\n\n\n<div class=\"bde-fancy-divider__wrapper\">\n  <div class=\"bde-fancy-divider__separator has-content\">\n  \t    \t    \t    \t\t\t    \t\t<div class=\"bde-fancy-divider__content bde-fancy-divider__content--icon\"><svg xmlns=\"http:\/\/www.w3.org\/2000\/svg\" viewbox=\"0 0 288 512\"><!-- Font Awesome Free 5.15.1 by @fontawesome - https:\/\/fontawesome.com License - https:\/\/fontawesome.com\/license\/free (Icons: CC BY 4.0, Fonts: SIL OFL 1.1, Code: MIT License) --><path d=\"M216 464h-40V346.81c68.47-15.89 118.05-79.91 111.4-154.16l-15.95-178.1C270.71 6.31 263.9 0 255.74 0H32.26c-8.15 0-14.97 6.31-15.7 14.55L.6 192.66C-6.05 266.91 43.53 330.93 112 346.82V464H72c-22.09 0-40 17.91-40 40 0 4.42 3.58 8 8 8h208c4.42 0 8-3.58 8-8 0-22.09-17.91-40-40-40zM61.75 48h164.5l7.17 80H54.58l7.17-80z\"\/><\/svg><\/div>\n    \t                  <\/div>\n<\/div>\n\n<\/div><\/div>\n<\/section><section class=\"bde-section-23-122 bde-section\">\n  \n  \n\t\n\n\n\n<div class=\"section-container\"><h2 class=\"bde-heading-23-123 bde-heading\">\nNuit\u00e9e dans une annexe du ch\u00e2teau\n<\/h2><h3 class=\"bde-heading-23-124 bde-heading\">\n\n<\/h3><div class=\"bde-fancy-divider-23-125 bde-fancy-divider\">\n\n\n<div class=\"bde-fancy-divider__wrapper\">\n  <div class=\"bde-fancy-divider__separator has-content\">\n  \t    \t    \t    \t\t\t    \t\t<div class=\"bde-fancy-divider__content bde-fancy-divider__content--icon\"><svg xmlns=\"http:\/\/www.w3.org\/2000\/svg\" viewbox=\"0 0 288 512\"><!-- Font Awesome Free 5.15.1 by @fontawesome - https:\/\/fontawesome.com License - https:\/\/fontawesome.com\/license\/free (Icons: CC BY 4.0, Fonts: SIL OFL 1.1, Code: MIT License) --><path d=\"M216 464h-40V346.81c68.47-15.89 118.05-79.91 111.4-154.16l-15.95-178.1C270.71 6.31 263.9 0 255.74 0H32.26c-8.15 0-14.97 6.31-15.7 14.55L.6 192.66C-6.05 266.91 43.53 330.93 112 346.82V464H72c-22.09 0-40 17.91-40 40 0 4.42 3.58 8 8 8h208c4.42 0 8-3.58 8-8 0-22.09-17.91-40-40-40zM61.75 48h164.5l7.17 80H54.58l7.17-80z\"\/><\/svg><\/div>\n    \t                  <\/div>\n<\/div>\n\n<\/div><div class=\"bde-text-23-126 bde-text\">\n\u00c0 quelques kilom\u00e8tres du Ch\u00e2teau Gort &amp; Gort, dans le charmant village de p\u00eacheurs d'Asques, se trouve une magnifique maison de ma\u00eetre du XVIIIe si\u00e8cle, au bord de la Dordogne. Construite en blocs de pierre blanche dans le style des chais bordelais traditionnels, elle abrite quatre salles de vinification pleines d'ambiance, une cuisine bien \u00e9quip\u00e9e, un jardin luxuriant et une terrasse panoramique sur l'eau. <br><br>Depuis le 1er mai 2025, cet endroit idyllique peut \u00eatre lou\u00e9 dans son int\u00e9gralit\u00e9 en tant que maison de vacances, et nous ne louons plus de chambres d'h\u00f4tes individuelles avec petit-d\u00e9jeuner.<br><br>Un s\u00e9jour dans cette fantastique maison de vacances comprend une visite du Ch\u00e2teau Gort &amp; Gort - accompagn\u00e9e, bien s\u00fbr, d'une d\u00e9gustation de vins.\n<\/div><\/div>\n<\/section><section class=\"bde-section-23-156 bde-section\">\n  \n  \n\t\n\n\n\n<div class=\"section-container\"><div class=\"bde-columns-23-157 bde-columns\"><div class=\"bde-column-23-158 bde-column\">\n              \n  \n  \n\t\n\n  <div class=\"section-background-overlay\"><\/div>\n\n\n<h2 class=\"bde-heading-23-159 bde-heading\">\nNotre nouvelle maison de vacances\n<\/h2><h3 class=\"bde-heading-23-160 bde-heading\">\nsur la Dordogne\n<\/h3><div class=\"bde-fancy-divider-23-161 bde-fancy-divider\">\n\n\n<div class=\"bde-fancy-divider__wrapper\">\n  <div class=\"bde-fancy-divider__separator has-content\">\n  \t    \t    \t    \t\t\t    \t\t<div class=\"bde-fancy-divider__content bde-fancy-divider__content--icon\"><svg xmlns=\"http:\/\/www.w3.org\/2000\/svg\" viewbox=\"0 0 288 512\"><!-- Font Awesome Free 5.15.1 by @fontawesome - https:\/\/fontawesome.com License - https:\/\/fontawesome.com\/license\/free (Icons: CC BY 4.0, Fonts: SIL OFL 1.1, Code: MIT License) --><path d=\"M216 464h-40V346.81c68.47-15.89 118.05-79.91 111.4-154.16l-15.95-178.1C270.71 6.31 263.9 0 255.74 0H32.26c-8.15 0-14.97 6.31-15.7 14.55L.6 192.66C-6.05 266.91 43.53 330.93 112 346.82V464H72c-22.09 0-40 17.91-40 40 0 4.42 3.58 8 8 8h208c4.42 0 8-3.58 8-8 0-22.09-17.91-40-40-40zM61.75 48h164.5l7.17 80H54.58l7.17-80z\"\/><\/svg><\/div>\n    \t                  <\/div>\n<\/div>\n\n<\/div><div class=\"bde-text-23-162 bde-text\">\n\u00c0 partir du 1er mai 2025, le B&amp;B sera un g\u00eete ; une maison de vacances que vous pouvez louer dans son int\u00e9gralit\u00e9. \n<\/div><div class=\"bde-button-23-163 bde-button\">\n    \n                        \n                        \n    \n    \n    \n    \n            \n                    \n            \n            \n\n    \n    \n    \n    \n    \n    <a class=\"breakdance-link button-atom button-atom--primary bde-button__button\" href=\"\/fr\/gite\/\" target=\"_self\" data-type=\"url\"  >\n\n    \n        <span class=\"button-atom__text\">Vers la maison de vacances<\/span>\n\n        \n        \n                <\/a>\n\n    \n\n\n<\/div>\n<\/div><div class=\"bde-column-23-164 bde-column\">\n  \n  \n\t\n\n\n\n<img decoding=\"async\" class=\"bde-image2-23-165 bde-image2\" src=\"https:\/\/chateaugort-wijntoerisme.nl\/wp-content\/uploads\/2024\/12\/BB_HuisTerrasedit_HR.jpg\" loading=\"lazy\" srcset=\"https:\/\/chateaugort-wijntoerisme.nl\/wp-content\/uploads\/2024\/12\/BB_HuisTerrasedit_HR.jpg 1600w, https:\/\/chateaugort-wijntoerisme.nl\/wp-content\/uploads\/2024\/12\/BB_HuisTerrasedit_HR-300x225.jpg 300w, https:\/\/chateaugort-wijntoerisme.nl\/wp-content\/uploads\/2024\/12\/BB_HuisTerrasedit_HR-1024x768.jpg 1024w, https:\/\/chateaugort-wijntoerisme.nl\/wp-content\/uploads\/2024\/12\/BB_HuisTerrasedit_HR-768x576.jpg 768w, https:\/\/chateaugort-wijntoerisme.nl\/wp-content\/uploads\/2024\/12\/BB_HuisTerrasedit_HR-1536x1152.jpg 1536w\" sizes=\"(max-width: 1600px) 100vw, 1600px\">\n<\/div><\/div><\/div>\n<\/section><\/div>","protected":false},"excerpt":{"rendered":"<p>Bed &#038; Breakfast Overnachten in een d\u00e9pendance van het Ch\u00e2teau Op een paar kilometer afstand van Ch\u00e2teau Gort &#038; Gort, in het dromerige vissersdorpje Asques, ligt een prachtig achttiende-eeuws Maison de Ma\u00eetre, direct aan de oever van de Dordogne. Opgetrokken uit witte steenblokken in de stijl van de traditionele Bordeaux-wijnhuizen, herbergt het vier sfeervolle wijnboerenkamers, [&hellip;]<\/p>\n","protected":false},"author":2,"featured_media":0,"parent":0,"menu_order":0,"comment_status":"closed","ping_status":"closed","template":"","meta":{"_acf_changed":false,"_breakdance_hide_in_design_set":false,"_breakdance_tags":"","footnotes":""},"class_list":["post-23","page","type-page","status-publish","hentry"],"acf":[],"_links":{"self":[{"href":"https:\/\/chateaugort-wijntoerisme.nl\/fr\/wp-json\/wp\/v2\/pages\/23","targetHints":{"allow":["GET"]}}],"collection":[{"href":"https:\/\/chateaugort-wijntoerisme.nl\/fr\/wp-json\/wp\/v2\/pages"}],"about":[{"href":"https:\/\/chateaugort-wijntoerisme.nl\/fr\/wp-json\/wp\/v2\/types\/page"}],"author":[{"embeddable":true,"href":"https:\/\/chateaugort-wijntoerisme.nl\/fr\/wp-json\/wp\/v2\/users\/2"}],"replies":[{"embeddable":true,"href":"https:\/\/chateaugort-wijntoerisme.nl\/fr\/wp-json\/wp\/v2\/comments?post=23"}],"version-history":[{"count":22,"href":"https:\/\/chateaugort-wijntoerisme.nl\/fr\/wp-json\/wp\/v2\/pages\/23\/revisions"}],"predecessor-version":[{"id":960,"href":"https:\/\/chateaugort-wijntoerisme.nl\/fr\/wp-json\/wp\/v2\/pages\/23\/revisions\/960"}],"wp:attachment":[{"href":"https:\/\/chateaugort-wijntoerisme.nl\/fr\/wp-json\/wp\/v2\/media?parent=23"}],"curies":[{"name":"wp","href":"https:\/\/api.w.org\/{rel}","templated":true}]}}