{"id":29,"date":"2024-09-21T10:31:40","date_gmt":"2024-09-21T10:31:40","guid":{"rendered":"https:\/\/chateaugort-visite.nl\/?page_id=29"},"modified":"2025-11-13T09:36:48","modified_gmt":"2025-11-13T09:36:48","slug":"visite-guidee","status":"publish","type":"page","link":"https:\/\/chateaugort-wijntoerisme.nl\/fr\/rondleiding\/","title":{"rendered":"Visite guid\u00e9e au ch\u00e2teau"},"content":{"rendered":"<div class='breakdance'><section class=\"bde-section-29-100 bde-section\">\n  \n  \n\t\n\n\n\n<div class=\"section-container\"><h1 class=\"bde-heading-29-101 bde-heading\">\nVisite guid\u00e9e au ch\u00e2teau\n<\/h1><div class=\"bde-fancy-divider-29-102 bde-fancy-divider\">\n\n\n<div class=\"bde-fancy-divider__wrapper\">\n  <div class=\"bde-fancy-divider__separator has-content\">\n  \t    \t    \t    \t\t\t    \t\t<div class=\"bde-fancy-divider__content bde-fancy-divider__content--icon\"><svg xmlns=\"http:\/\/www.w3.org\/2000\/svg\" viewbox=\"0 0 288 512\"><!-- Font Awesome Free 5.15.1 by @fontawesome - https:\/\/fontawesome.com License - https:\/\/fontawesome.com\/license\/free (Icons: CC BY 4.0, Fonts: SIL OFL 1.1, Code: MIT License) --><path d=\"M216 464h-40V346.81c68.47-15.89 118.05-79.91 111.4-154.16l-15.95-178.1C270.71 6.31 263.9 0 255.74 0H32.26c-8.15 0-14.97 6.31-15.7 14.55L.6 192.66C-6.05 266.91 43.53 330.93 112 346.82V464H72c-22.09 0-40 17.91-40 40 0 4.42 3.58 8 8 8h208c4.42 0 8-3.58 8-8 0-22.09-17.91-40-40-40zM61.75 48h164.5l7.17 80H54.58l7.17-80z\"\/><\/svg><\/div>\n    \t                  <\/div>\n<\/div>\n\n<\/div><\/div>\n<\/section><section class=\"bde-section-29-130 bde-section\">\n  \n  \n\t\n\n\n\n<div class=\"section-container\"><h2 class=\"bde-heading-29-131 bde-heading\">\nVisite guid\u00e9e avec d\u00e9gustation de vins\n<\/h2><div class=\"bde-fancy-divider-29-133 bde-fancy-divider\">\n\n\n<div class=\"bde-fancy-divider__wrapper\">\n  <div class=\"bde-fancy-divider__separator has-content\">\n  \t    \t    \t    \t\t\t    \t\t<div class=\"bde-fancy-divider__content bde-fancy-divider__content--icon\"><svg xmlns=\"http:\/\/www.w3.org\/2000\/svg\" viewbox=\"0 0 288 512\"><!-- Font Awesome Free 5.15.1 by @fontawesome - https:\/\/fontawesome.com License - https:\/\/fontawesome.com\/license\/free (Icons: CC BY 4.0, Fonts: SIL OFL 1.1, Code: MIT License) --><path d=\"M216 464h-40V346.81c68.47-15.89 118.05-79.91 111.4-154.16l-15.95-178.1C270.71 6.31 263.9 0 255.74 0H32.26c-8.15 0-14.97 6.31-15.7 14.55L.6 192.66C-6.05 266.91 43.53 330.93 112 346.82V464H72c-22.09 0-40 17.91-40 40 0 4.42 3.58 8 8 8h208c4.42 0 8-3.58 8-8 0-22.09-17.91-40-40-40zM61.75 48h164.5l7.17 80H54.58l7.17-80z\"\/><\/svg><\/div>\n    \t                  <\/div>\n<\/div>\n\n<\/div><div class=\"bde-text-29-134 bde-text\">\nDu lundi au vendredi, une visite compl\u00e8te avec d\u00e9gustation de vin est propos\u00e9e. La visite commence \u00e0 15 heures et dure environ 2 heures. Nous parlons de nos vignobles, visitons le chai \u00e0 barriques et d\u00e9gustons les meilleurs vins du ch\u00e2teau. <br>\n<\/div><\/div>\n<\/section><section class=\"bde-section-29-136 bde-section\">\n  \n  \n\t\n\n\n\n<div class=\"section-container\"><div class=\"bde-columns-29-137 bde-columns\"><div class=\"bde-column-29-138 bde-column\">\n  \n  \n\t\n\n\n\n\n<\/div><div class=\"bde-column-29-139 bde-column\">\n  \n  \n\t\n\n\n\n<div class=\"bde-text-29-143 bde-text\">\nLe prix de la visite guid\u00e9e avec d\u00e9gustation de 4 vins est le plus bas possible : 20 euros par personne. Il est toutefois n\u00e9cessaire de r\u00e9server \u00e0 l'avance :\n<\/div><div class=\"bde-button-29-172 bde-button\">\n    \n                                    \n    \n    \n    \n    \n            \n                    \n            \n            \n\n    \n    \n    \n    \n    \n    <a class=\"breakdance-link button-atom button-atom--primary bde-button__button\" href=\"mailto:visite@chateaugort.fr\" target=\"_self\" data-type=\"url\"  >\n\n    \n        <span class=\"button-atom__text\">R\u00e9servez ici la visite guid\u00e9e<\/span>\n\n        \n        \n                <\/a>\n\n    \n\n\n<\/div><div class=\"bde-text-29-173 bde-text\">\nOu par courrier \u00e0 l'adresse suivante <a href=\"mailto:visite@chateaugort.fr?subject=Ik%20wil%20me%20aanmelden%20voor%20een%20rondleiding%20met%20wijnproeverij\">visite@chateaugort.fr<\/a>.\n<\/div>\n<\/div><\/div><\/div>\n<\/section><section class=\"bde-section-29-155 bde-section\">\n  \n  \n\t\n\n\n\n<div class=\"section-container\"><div class=\"bde-columns-29-156 bde-columns\"><div class=\"bde-column-29-157 bde-column\">\n              \n  \n  \n\t\n\n  <div class=\"section-background-overlay\"><\/div>\n\n\n<div class=\"bde-text-29-161 bde-text\">\nIl y a de la place pour un maximum de 15 visiteurs par tour. Vous pouvez \u00e9galement venir seul ou en couple, et vous joindre \u00e0 d'autres visiteurs. Vous souhaitez venir avec un groupe plus important ? N'h\u00e9sitez pas \u00e0 nous envoyer un e-mail et nous nous ferons un plaisir de convenir d'un rendez-vous s\u00e9par\u00e9.\n<\/div>\n<\/div><div class=\"bde-column-29-163 bde-column\">\n  \n  \n\t\n\n\n\n<img decoding=\"async\" class=\"bde-image2-29-164 bde-image2\" src=\"https:\/\/chateaugort-wijntoerisme.nl\/wp-content\/uploads\/2024\/12\/06.-Toeristen-meertje.jpg\" loading=\"lazy\" srcset=\"https:\/\/chateaugort-wijntoerisme.nl\/wp-content\/uploads\/2024\/12\/06.-Toeristen-meertje.jpg 1544w, https:\/\/chateaugort-wijntoerisme.nl\/wp-content\/uploads\/2024\/12\/06.-Toeristen-meertje-300x225.jpg 300w, https:\/\/chateaugort-wijntoerisme.nl\/wp-content\/uploads\/2024\/12\/06.-Toeristen-meertje-1024x768.jpg 1024w, https:\/\/chateaugort-wijntoerisme.nl\/wp-content\/uploads\/2024\/12\/06.-Toeristen-meertje-768x576.jpg 768w, https:\/\/chateaugort-wijntoerisme.nl\/wp-content\/uploads\/2024\/12\/06.-Toeristen-meertje-1536x1152.jpg 1536w\" sizes=\"(max-width: 1544px) 100vw, 1544px\">\n<\/div><\/div><\/div>\n<\/section><section class=\"bde-section-29-165 bde-section\">\n  \n  \n\t\n\n\n\n<div class=\"section-container\"><div class=\"bde-columns-29-166 bde-columns\"><div class=\"bde-column-29-167 bde-column\">\n  \n  \n\t\n\n\n\n<h3 class=\"bde-heading-29-168 bde-heading\">\nSamedi, dimanche et pendant les vendanges, le ch\u00e2teau est ferm\u00e9.\n<\/h3><div class=\"bde-fancy-divider-29-169 bde-fancy-divider\">\n\n\n<div class=\"bde-fancy-divider__wrapper\">\n  <div class=\"bde-fancy-divider__separator has-content\">\n  \t    \t    \t    \t\t\t    \t\t<div class=\"bde-fancy-divider__content bde-fancy-divider__content--icon\"><svg xmlns=\"http:\/\/www.w3.org\/2000\/svg\" viewbox=\"0 0 288 512\"><!-- Font Awesome Free 5.15.1 by @fontawesome - https:\/\/fontawesome.com License - https:\/\/fontawesome.com\/license\/free (Icons: CC BY 4.0, Fonts: SIL OFL 1.1, Code: MIT License) --><path d=\"M216 464h-40V346.81c68.47-15.89 118.05-79.91 111.4-154.16l-15.95-178.1C270.71 6.31 263.9 0 255.74 0H32.26c-8.15 0-14.97 6.31-15.7 14.55L.6 192.66C-6.05 266.91 43.53 330.93 112 346.82V464H72c-22.09 0-40 17.91-40 40 0 4.42 3.58 8 8 8h208c4.42 0 8-3.58 8-8 0-22.09-17.91-40-40-40zM61.75 48h164.5l7.17 80H54.58l7.17-80z\"\/><\/svg><\/div>\n    \t                  <\/div>\n<\/div>\n\n<\/div><div class=\"bde-text-29-170 bde-text\">\n Le ch\u00e2teau ne peut pas \u00eatre visit\u00e9, le magasin est ferm\u00e9 et les visites et d\u00e9gustations ne sont pas organis\u00e9es. Les vendanges se d\u00e9roulent g\u00e9n\u00e9ralement entre la deuxi\u00e8me semaine de septembre et la deuxi\u00e8me semaine d'octobre.<br><br>\n<\/div>\n<\/div><div class=\"bde-column-29-171 bde-column\">\n  \n  \n\t\n\n\n\n\n<\/div><\/div><\/div>\n<\/section><\/div>","protected":false},"excerpt":{"rendered":"<p>Rondleiding au ch\u00e2teau Rondleiding met wijnproeverij Van maandag tot en met vrijdag is er een uitgebreide rondleiding met wijnproeverij. De rondleiding begint om 15.00 uur en het duurt ongeveer 2 uur. We vertellen alles over onze wijngaarden, bezoeken de vatenkelder en proeven de lekkerste wijnen van het Ch\u00e2teau. De kosten van een rondleiding met proeverij [&hellip;]<\/p>\n","protected":false},"author":2,"featured_media":0,"parent":0,"menu_order":0,"comment_status":"closed","ping_status":"closed","template":"","meta":{"_acf_changed":false,"_breakdance_hide_in_design_set":false,"_breakdance_tags":"","footnotes":""},"class_list":["post-29","page","type-page","status-publish","hentry"],"acf":[],"_links":{"self":[{"href":"https:\/\/chateaugort-wijntoerisme.nl\/fr\/wp-json\/wp\/v2\/pages\/29","targetHints":{"allow":["GET"]}}],"collection":[{"href":"https:\/\/chateaugort-wijntoerisme.nl\/fr\/wp-json\/wp\/v2\/pages"}],"about":[{"href":"https:\/\/chateaugort-wijntoerisme.nl\/fr\/wp-json\/wp\/v2\/types\/page"}],"author":[{"embeddable":true,"href":"https:\/\/chateaugort-wijntoerisme.nl\/fr\/wp-json\/wp\/v2\/users\/2"}],"replies":[{"embeddable":true,"href":"https:\/\/chateaugort-wijntoerisme.nl\/fr\/wp-json\/wp\/v2\/comments?post=29"}],"version-history":[{"count":27,"href":"https:\/\/chateaugort-wijntoerisme.nl\/fr\/wp-json\/wp\/v2\/pages\/29\/revisions"}],"predecessor-version":[{"id":945,"href":"https:\/\/chateaugort-wijntoerisme.nl\/fr\/wp-json\/wp\/v2\/pages\/29\/revisions\/945"}],"wp:attachment":[{"href":"https:\/\/chateaugort-wijntoerisme.nl\/fr\/wp-json\/wp\/v2\/media?parent=29"}],"curies":[{"name":"wp","href":"https:\/\/api.w.org\/{rel}","templated":true}]}}