{"id":33,"date":"2024-09-21T10:55:51","date_gmt":"2024-09-21T10:55:51","guid":{"rendered":"https:\/\/chateaugort-visite.nl\/?page_id=33"},"modified":"2026-04-14T16:01:19","modified_gmt":"2026-04-14T16:01:19","slug":"home","status":"publish","type":"page","link":"https:\/\/chateaugort-wijntoerisme.nl\/fr\/","title":{"rendered":"Accueil"},"content":{"rendered":"<div class='breakdance'><section class=\"bde-section-33-163 bde-section\">\n              \n  \n  \n\t\n\n  <div class=\"section-background-overlay\"><\/div>\n\n\n<div class=\"section-container\"><div class=\"bde-image-33-164 bde-image\" data-parallax=\"true\">\n<figure class=\"breakdance-image breakdance-image--70\">\n\t<div class=\"breakdance-image-container\">\n\t\t<div class=\"breakdance-image-clip\"><img decoding=\"async\" class=\"breakdance-image-object\" src=\"https:\/\/chateaugort-wijntoerisme.nl\/wp-content\/uploads\/2024\/09\/Logo-Chateau-GortGort_Wijntoerisme.svg\" width=\"\" height=\"\"><\/div>\n\t<\/div><\/figure>\n\n<\/div><\/div>\n<\/section><section class=\"bde-section-33-165 bde-section\">\n  \n  \n\t\n\n\n\n<div class=\"section-container\"><h2 class=\"bde-heading-33-166 bde-heading\">\nBienvenue au Ch\u00e2teau Gort &amp; Gort !\n<\/h2><div class=\"bde-fancy-divider-33-168 bde-fancy-divider\">\n\n\n<div class=\"bde-fancy-divider__wrapper\">\n  <div class=\"bde-fancy-divider__separator has-content\">\n  \t    \t    \t    \t\t\t    \t\t<div class=\"bde-fancy-divider__content bde-fancy-divider__content--icon\"><svg xmlns=\"http:\/\/www.w3.org\/2000\/svg\" viewbox=\"0 0 288 512\"><!-- Font Awesome Free 5.15.1 by @fontawesome - https:\/\/fontawesome.com License - https:\/\/fontawesome.com\/license\/free (Icons: CC BY 4.0, Fonts: SIL OFL 1.1, Code: MIT License) --><path d=\"M216 464h-40V346.81c68.47-15.89 118.05-79.91 111.4-154.16l-15.95-178.1C270.71 6.31 263.9 0 255.74 0H32.26c-8.15 0-14.97 6.31-15.7 14.55L.6 192.66C-6.05 266.91 43.53 330.93 112 346.82V464H72c-22.09 0-40 17.91-40 40 0 4.42 3.58 8 8 8h208c4.42 0 8-3.58 8-8 0-22.09-17.91-40-40-40zM61.75 48h164.5l7.17 80H54.58l7.17-80z\"\/><\/svg><\/div>\n    \t                  <\/div>\n<\/div>\n\n<\/div><div class=\"bde-text-33-169 bde-text\">\nAu Ch\u00e2teau Gort &amp; Gort, nous ne nous contentons pas de produire des vins d\u00e9licieux, nous aimons aussi choyer nos visiteurs !<br><br>Vous pouvez faire une visite guid\u00e9e avec d\u00e9gustation, acheter du vin et des livres d\u00e9dicac\u00e9s au Ch\u00e2teaushop ou passer la nuit dans notre maison de vacances \u00e0 Asques. Nous organisons \u00e9galement des cours inoubliables pour tous ceux qui souhaitent en savoir plus sur le vin \u00e0 sa source : un v\u00e9ritable ch\u00e2teau viticole en pleine activit\u00e9, au milieu des vignes bordelaises mondialement connues.<br><br><b>Nous sommes ouverts toute l'ann\u00e9e pour des visites et des d\u00e9gustations sur rendez-vous !  Du 13 avril au 31 ao\u00fbt, le Ch\u00e2teaushop est ouvert du lundi au vendredi de 10h \u00e0 18h.  <\/b><br>\n<\/div><\/div>\n<\/section><div class=\"bde-globalblock-33-349 bde-globalblock\"><div class='breakdance'><section class=\"bde-section-880-100-880-1 bde-section bde-section-880-100\">\n  \n  \n\t\n\n\n\n<div class=\"section-container\"><div class=\"bde-columns-880-101-880-1 bde-columns bde-columns-880-101\"><div class=\"bde-column-880-102-880-1 bde-column bde-column-880-102\">\n  \n  \n\t\n\n\n\n<div class=\"bde-image-box-880-103-880-1 bde-image-box bde-image-box-880-103 bde-image-box-content-padding-only\">\n<div class=\"ee-imagebox-image\">\n  <img loading=\"lazy\" decoding=\"async\" class=\"breakdance-image-object\" src=\"https:\/\/chateaugort-wijntoerisme.nl\/wp-content\/uploads\/2024\/12\/IMG_4396-300x225.jpg\" width=\"300\" height=\"225\" srcset=\"https:\/\/chateaugort-wijntoerisme.nl\/wp-content\/uploads\/2024\/12\/IMG_4396-300x225.jpg 300w, https:\/\/chateaugort-wijntoerisme.nl\/wp-content\/uploads\/2024\/12\/IMG_4396-1024x768.jpg 1024w, https:\/\/chateaugort-wijntoerisme.nl\/wp-content\/uploads\/2024\/12\/IMG_4396-768x576.jpg 768w, https:\/\/chateaugort-wijntoerisme.nl\/wp-content\/uploads\/2024\/12\/IMG_4396-1536x1152.jpg 1536w, https:\/\/chateaugort-wijntoerisme.nl\/wp-content\/uploads\/2024\/12\/IMG_4396-2048x1536.jpg 2048w\" sizes=\"auto, (max-width: 300px) 100vw, 300px\">\n<\/div>\n<div class=\"ee-imagebox-content\">\n      <p class=\"ee-imagebox-title bde-h3\" >Boutique du ch\u00e2teau et achat de vin<\/p>\n    \n      <div class=\"ee-imagebox-text\" >Faire le plein de vin ou de livres ? De mai \u00e0 ao\u00fbt, notre boutique au ch\u00e2teau est ouverte de 11h \u00e0 18h. Le reste de l'ann\u00e9e sur rendez-vous<\/div>\n    \n          \n                        \n                        \n    \n    \n    \n    \n            \n                    \n            \n            \n\n    \n    \n    \n    \n    \n    <a class=\"breakdance-link button-atom button-atom--primary ee-imagebox-button\" href=\"\/fr\/chateaushop\/\" target=\"_self\" data-type=\"url\"  >\n\n    \n        <span class=\"button-atom__text\">En savoir plus sur le ch\u00e2teaushop<\/span>\n\n        \n        \n                <\/a>\n\n    \n\n  <\/div>\n\n<\/div>\n<\/div><div class=\"bde-column-880-104-880-1 bde-column bde-column-880-104\">\n  \n  \n\t\n\n\n\n<div class=\"bde-image-box-880-105-880-1 bde-image-box bde-image-box-880-105 bde-image-box-content-padding-only\">\n<div class=\"ee-imagebox-image\">\n  <img loading=\"lazy\" decoding=\"async\" class=\"breakdance-image-object\" src=\"https:\/\/chateaugort-wijntoerisme.nl\/wp-content\/uploads\/2024\/12\/PROEVENNN-300x170.png\" width=\"300\" height=\"170\" srcset=\"https:\/\/chateaugort-wijntoerisme.nl\/wp-content\/uploads\/2024\/12\/PROEVENNN.png 1440w, https:\/\/chateaugort-wijntoerisme.nl\/wp-content\/uploads\/2024\/12\/PROEVENNN-300x170.png 300w, https:\/\/chateaugort-wijntoerisme.nl\/wp-content\/uploads\/2024\/12\/PROEVENNN-1024x580.png 1024w, https:\/\/chateaugort-wijntoerisme.nl\/wp-content\/uploads\/2024\/12\/PROEVENNN-768x435.png 768w\" sizes=\"auto, (max-width: 1440px) 100vw, 1440px\">\n<\/div>\n<div class=\"ee-imagebox-content\">\n      <p class=\"ee-imagebox-title bde-h3\" >Visite guid\u00e9e et d\u00e9gustation de vins<\/p>\n    \n      <div class=\"ee-imagebox-text\" >Cinq jours par semaine, une visite compl\u00e8te avec d\u00e9gustation de vin est propos\u00e9e. Cliquez ici pour plus d'informations et pour r\u00e9server.<\/div>\n    \n          \n                        \n                        \n    \n    \n    \n    \n            \n                    \n            \n            \n\n    \n    \n    \n    \n    \n    <a class=\"breakdance-link button-atom button-atom--primary ee-imagebox-button\" href=\"\/fr\/visite-guidee\/\" target=\"_self\" data-type=\"url\"  >\n\n    \n        <span class=\"button-atom__text\">R\u00e9server une visite guid\u00e9e<\/span>\n\n        \n        \n                <\/a>\n\n    \n\n  <\/div>\n\n<\/div>\n<\/div><div class=\"bde-column-880-106-880-1 bde-column bde-column-880-106\">\n  \n  \n\t\n\n\n\n<div class=\"bde-image-box-880-107-880-1 bde-image-box bde-image-box-880-107 bde-image-box-content-padding-only\">\n<div class=\"ee-imagebox-image\">\n  <img loading=\"lazy\" decoding=\"async\" class=\"breakdance-image-object\" src=\"https:\/\/chateaugort-wijntoerisme.nl\/wp-content\/uploads\/2024\/12\/bnbbuiten-300x225.jpg\" width=\"300\" height=\"225\" srcset=\"https:\/\/chateaugort-wijntoerisme.nl\/wp-content\/uploads\/2024\/12\/bnbbuiten-scaled.jpg 2560w, https:\/\/chateaugort-wijntoerisme.nl\/wp-content\/uploads\/2024\/12\/bnbbuiten-300x225.jpg 300w, https:\/\/chateaugort-wijntoerisme.nl\/wp-content\/uploads\/2024\/12\/bnbbuiten-1024x768.jpg 1024w, https:\/\/chateaugort-wijntoerisme.nl\/wp-content\/uploads\/2024\/12\/bnbbuiten-768x576.jpg 768w, https:\/\/chateaugort-wijntoerisme.nl\/wp-content\/uploads\/2024\/12\/bnbbuiten-1536x1152.jpg 1536w, https:\/\/chateaugort-wijntoerisme.nl\/wp-content\/uploads\/2024\/12\/bnbbuiten-2048x1536.jpg 2048w\" sizes=\"auto, (max-width: 2560px) 100vw, 2560px\">\n<\/div>\n<div class=\"ee-imagebox-content\">\n      <p class=\"ee-imagebox-title bde-h3\" >S\u00e9jour dans notre maison de vacances<\/p>\n    \n      <div class=\"ee-imagebox-text\" >Venez s\u00e9journer dans notre g\u00eete, une fantastique maison de vacances avec terrasse au bord de la Dordogne, avec quatre chambres pour tout le monde.<\/div>\n    \n          \n                                    \n    \n    \n    \n    \n            \n                    \n            \n            \n\n    \n    \n    \n    \n    \n    <a class=\"breakdance-link button-atom button-atom--primary ee-imagebox-button\" href=\"\/fr\/gite\/\" target=\"_self\" data-type=\"url\"  >\n\n    \n        <span class=\"button-atom__text\">R\u00e9server la maison de vacances<\/span>\n\n        \n        \n                <\/a>\n\n    \n\n  <\/div>\n\n<\/div>\n<\/div><div class=\"bde-column-880-108-880-1 bde-column bde-column-880-108\">\n  \n  \n\t\n\n\n\n<div class=\"bde-image-box-880-109-880-1 bde-image-box bde-image-box-880-109 bde-image-box-content-padding-only\">\n<div class=\"ee-imagebox-image\">\n  <img loading=\"lazy\" decoding=\"async\" class=\"breakdance-image-object\" src=\"https:\/\/chateaugort-wijntoerisme.nl\/wp-content\/uploads\/2024\/12\/IMG_8265-225x300.jpeg\" width=\"225\" height=\"300\" srcset=\"https:\/\/chateaugort-wijntoerisme.nl\/wp-content\/uploads\/2024\/12\/IMG_8265-scaled.jpeg 1920w, https:\/\/chateaugort-wijntoerisme.nl\/wp-content\/uploads\/2024\/12\/IMG_8265-225x300.jpeg 225w, https:\/\/chateaugort-wijntoerisme.nl\/wp-content\/uploads\/2024\/12\/IMG_8265-768x1024.jpeg 768w, https:\/\/chateaugort-wijntoerisme.nl\/wp-content\/uploads\/2024\/12\/IMG_8265-1152x1536.jpeg 1152w, https:\/\/chateaugort-wijntoerisme.nl\/wp-content\/uploads\/2024\/12\/IMG_8265-1536x2048.jpeg 1536w\" sizes=\"auto, (max-width: 1920px) 100vw, 1920px\">\n<\/div>\n<div class=\"ee-imagebox-content\">\n      <p class=\"ee-imagebox-title bde-h3\" >Cours de survie dans le domaine du vin<\/p>\n    \n      <div class=\"ee-imagebox-text\" >Vous voulez en savoir plus sur le vin ? Quoi de mieux que d'aller \u00e0 la source, dans un v\u00e9ritable ch\u00e2teau viticole ? Cliquez ici pour toutes les informations sur nos cours de vin.<\/div>\n    \n          \n                                    \n    \n    \n    \n    \n            \n                    \n            \n            \n\n    \n    \n    \n    \n    \n    <a class=\"breakdance-link button-atom button-atom--primary ee-imagebox-button\" href=\"\/fr\/cours-sur-le-vin\/\" target=\"_self\" data-type=\"url\"  >\n\n    \n        <span class=\"button-atom__text\">Voir tous les cours sur le vin<\/span>\n\n        \n        \n                <\/a>\n\n    \n\n  <\/div>\n\n<\/div>\n<\/div><\/div><\/div>\n<\/section><\/div><\/div><section class=\"bde-section-33-140 bde-section\">\n  \n  \n\t\n\n\n\n<div class=\"section-container\"><h2 class=\"bde-heading-33-145 bde-heading\">\nL'\u00e9quipe\n<\/h2><div class=\"bde-fancy-divider-33-200 bde-fancy-divider\">\n\n\n<div class=\"bde-fancy-divider__wrapper\">\n  <div class=\"bde-fancy-divider__separator has-content\">\n  \t    \t    \t    \t\t\t    \t\t<div class=\"bde-fancy-divider__content bde-fancy-divider__content--icon\"><svg xmlns=\"http:\/\/www.w3.org\/2000\/svg\" viewbox=\"0 0 288 512\"><!-- Font Awesome Free 5.15.1 by @fontawesome - https:\/\/fontawesome.com License - https:\/\/fontawesome.com\/license\/free (Icons: CC BY 4.0, Fonts: SIL OFL 1.1, Code: MIT License) --><path d=\"M216 464h-40V346.81c68.47-15.89 118.05-79.91 111.4-154.16l-15.95-178.1C270.71 6.31 263.9 0 255.74 0H32.26c-8.15 0-14.97 6.31-15.7 14.55L.6 192.66C-6.05 266.91 43.53 330.93 112 346.82V464H72c-22.09 0-40 17.91-40 40 0 4.42 3.58 8 8 8h208c4.42 0 8-3.58 8-8 0-22.09-17.91-40-40-40zM61.75 48h164.5l7.17 80H54.58l7.17-80z\"\/><\/svg><\/div>\n    \t                  <\/div>\n<\/div>\n\n<\/div><div class=\"bde-text-33-146 bde-text\">\nVoil\u00e0 vos h\u00f4tes. Klaas organise les activit\u00e9s quotidiennes au Ch\u00e2teau et fournit les vins les plus savoureux lors des d\u00e9gustations. Meriam, second\u00e9e par Karlijn, re\u00e7oit les h\u00f4tes, fait visiter le ch\u00e2teau et organise des cours d'\u0153nologie. Vous pouvez lui poser toutes les questions concernant le vin et le processus de production.\n<\/div><div class=\"bde-columns-33-154 bde-columns\"><div class=\"bde-column-33-155 bde-column\">\n  \n  \n\t\n\n\n\n<div class=\"bde-image-hover-card-33-156 bde-image-hover-card\">\n<figure class=\"ee-imagehover c4-izmir c4-border-ccc-2 c4-image-zoom-in\">\n    <img loading=\"lazy\" decoding=\"async\" class=\"breakdance-image-object\" src=\"https:\/\/chateaugort-wijntoerisme.nl\/wp-content\/uploads\/2025\/07\/KlaasPortret-wijngaard_smal-scaled.jpg\" width=\"1698\" height=\"2560\" srcset=\"https:\/\/chateaugort-wijntoerisme.nl\/wp-content\/uploads\/2025\/07\/KlaasPortret-wijngaard_smal-scaled.jpg 1698w, https:\/\/chateaugort-wijntoerisme.nl\/wp-content\/uploads\/2025\/07\/KlaasPortret-wijngaard_smal-199x300.jpg 199w, https:\/\/chateaugort-wijntoerisme.nl\/wp-content\/uploads\/2025\/07\/KlaasPortret-wijngaard_smal-679x1024.jpg 679w, https:\/\/chateaugort-wijntoerisme.nl\/wp-content\/uploads\/2025\/07\/KlaasPortret-wijngaard_smal-768x1158.jpg 768w, https:\/\/chateaugort-wijntoerisme.nl\/wp-content\/uploads\/2025\/07\/KlaasPortret-wijngaard_smal-1019x1536.jpg 1019w, https:\/\/chateaugort-wijntoerisme.nl\/wp-content\/uploads\/2025\/07\/KlaasPortret-wijngaard_smal-1358x2048.jpg 1358w\" sizes=\"auto, (max-width: 1698px) 100vw, 1698px\">\n  <figcaption class=\"c4-layout-bottom-center\">\n                <div class=\"c4-reveal-right c4-delay-200\">\n              <h4 class=\"ee-imagehover-title\">Klaas<\/h4>\n      <\/div>\n      <\/figcaption>\n<\/figure>\n<\/div>\n<\/div><div class=\"bde-column-33-157 bde-column\">\n  \n  \n\t\n\n\n\n<div class=\"bde-image-hover-card-33-158 bde-image-hover-card\">\n<figure class=\"ee-imagehover c4-izmir c4-border-ccc-2 c4-image-zoom-in\">\n    <img loading=\"lazy\" decoding=\"async\" class=\"breakdance-image-object\" src=\"https:\/\/chateaugort-wijntoerisme.nl\/wp-content\/uploads\/2025\/07\/MeertjeInschenkBordogne_smal-scaled.jpg\" width=\"1698\" height=\"2560\" srcset=\"https:\/\/chateaugort-wijntoerisme.nl\/wp-content\/uploads\/2025\/07\/MeertjeInschenkBordogne_smal-scaled.jpg 1698w, https:\/\/chateaugort-wijntoerisme.nl\/wp-content\/uploads\/2025\/07\/MeertjeInschenkBordogne_smal-199x300.jpg 199w, https:\/\/chateaugort-wijntoerisme.nl\/wp-content\/uploads\/2025\/07\/MeertjeInschenkBordogne_smal-679x1024.jpg 679w, https:\/\/chateaugort-wijntoerisme.nl\/wp-content\/uploads\/2025\/07\/MeertjeInschenkBordogne_smal-768x1158.jpg 768w, https:\/\/chateaugort-wijntoerisme.nl\/wp-content\/uploads\/2025\/07\/MeertjeInschenkBordogne_smal-1019x1536.jpg 1019w, https:\/\/chateaugort-wijntoerisme.nl\/wp-content\/uploads\/2025\/07\/MeertjeInschenkBordogne_smal-1358x2048.jpg 1358w\" sizes=\"auto, (max-width: 1698px) 100vw, 1698px\">\n  <figcaption class=\"c4-layout-bottom-center\">\n                <div class=\"c4-reveal-right c4-delay-200\">\n              <h4 class=\"ee-imagehover-title\">Meriam<\/h4>\n      <\/div>\n      <\/figcaption>\n<\/figure>\n<\/div>\n<\/div><div class=\"bde-column-33-159 bde-column\">\n  \n  \n\t\n\n\n\n<div class=\"bde-image-hover-card-33-160 bde-image-hover-card\">\n<figure class=\"ee-imagehover c4-izmir c4-border-ccc-2 c4-image-zoom-in\">\n    <img loading=\"lazy\" decoding=\"async\" class=\"breakdance-image-object\" src=\"https:\/\/chateaugort-wijntoerisme.nl\/wp-content\/uploads\/2025\/07\/KarlijnSmal-scaled.jpg\" width=\"1698\" height=\"2560\" srcset=\"https:\/\/chateaugort-wijntoerisme.nl\/wp-content\/uploads\/2025\/07\/KarlijnSmal-scaled.jpg 1698w, https:\/\/chateaugort-wijntoerisme.nl\/wp-content\/uploads\/2025\/07\/KarlijnSmal-199x300.jpg 199w, https:\/\/chateaugort-wijntoerisme.nl\/wp-content\/uploads\/2025\/07\/KarlijnSmal-679x1024.jpg 679w, https:\/\/chateaugort-wijntoerisme.nl\/wp-content\/uploads\/2025\/07\/KarlijnSmal-768x1158.jpg 768w, https:\/\/chateaugort-wijntoerisme.nl\/wp-content\/uploads\/2025\/07\/KarlijnSmal-1019x1536.jpg 1019w, https:\/\/chateaugort-wijntoerisme.nl\/wp-content\/uploads\/2025\/07\/KarlijnSmal-1358x2048.jpg 1358w\" sizes=\"auto, (max-width: 1698px) 100vw, 1698px\">\n  <figcaption class=\"c4-layout-bottom-center\">\n                <div class=\"c4-reveal-right c4-delay-200\">\n              <h4 class=\"ee-imagehover-title\">Karlijn<\/h4>\n      <\/div>\n      <\/figcaption>\n<\/figure>\n<\/div>\n<\/div><\/div><\/div>\n<\/section><\/div>","protected":false},"excerpt":{"rendered":"<p>Bienvenue au Ch\u00e2teau Gort &#038; Gort! Op Ch\u00e2teau Gort &#038; Gort maken we niet alleen heerlijke wijn, we leggen ook graag onze bezoekers in de watten!Je kunt langskomen voor een rondleiding met uitgebreide proeverij, wijn en gesigneerde boeken kopen in de Ch\u00e2teaushop of overnachten in ons vakantiehuis in Asques. Ook organiseren we onvergetelijke cursussen voor [&hellip;]<\/p>\n","protected":false},"author":2,"featured_media":0,"parent":0,"menu_order":0,"comment_status":"closed","ping_status":"closed","template":"","meta":{"_acf_changed":false,"_breakdance_hide_in_design_set":false,"_breakdance_tags":"","footnotes":""},"class_list":["post-33","page","type-page","status-publish","hentry"],"acf":[],"_links":{"self":[{"href":"https:\/\/chateaugort-wijntoerisme.nl\/fr\/wp-json\/wp\/v2\/pages\/33","targetHints":{"allow":["GET"]}}],"collection":[{"href":"https:\/\/chateaugort-wijntoerisme.nl\/fr\/wp-json\/wp\/v2\/pages"}],"about":[{"href":"https:\/\/chateaugort-wijntoerisme.nl\/fr\/wp-json\/wp\/v2\/types\/page"}],"author":[{"embeddable":true,"href":"https:\/\/chateaugort-wijntoerisme.nl\/fr\/wp-json\/wp\/v2\/users\/2"}],"replies":[{"embeddable":true,"href":"https:\/\/chateaugort-wijntoerisme.nl\/fr\/wp-json\/wp\/v2\/comments?post=33"}],"version-history":[{"count":98,"href":"https:\/\/chateaugort-wijntoerisme.nl\/fr\/wp-json\/wp\/v2\/pages\/33\/revisions"}],"predecessor-version":[{"id":1012,"href":"https:\/\/chateaugort-wijntoerisme.nl\/fr\/wp-json\/wp\/v2\/pages\/33\/revisions\/1012"}],"wp:attachment":[{"href":"https:\/\/chateaugort-wijntoerisme.nl\/fr\/wp-json\/wp\/v2\/media?parent=33"}],"curies":[{"name":"wp","href":"https:\/\/api.w.org\/{rel}","templated":true}]}}