{"id":404,"date":"2024-12-23T13:15:17","date_gmt":"2024-12-23T13:15:17","guid":{"rendered":"https:\/\/chateaugort-wijntoerisme.nl\/?page_id=404"},"modified":"2025-06-03T10:15:31","modified_gmt":"2025-06-03T10:15:31","slug":"conditions-generales","status":"publish","type":"page","link":"https:\/\/chateaugort-wijntoerisme.nl\/fr\/gite\/algemene-voorwaarden\/","title":{"rendered":"Conditions g\u00e9n\u00e9rales d'utilisation"},"content":{"rendered":"<div class='breakdance'><section class=\"bde-section-404-100 bde-section\">\n  \n  \n\t\n\n\n\n<div class=\"section-container\"><h1 class=\"bde-heading-404-101 bde-heading\">\nConditions g\u00e9n\u00e9rales d'utilisation\n<\/h1><div class=\"bde-fancy-divider-404-102 bde-fancy-divider\">\n\n\n<div class=\"bde-fancy-divider__wrapper\">\n  <div class=\"bde-fancy-divider__separator has-content\">\n  \t    \t    \t    \t\t\t    \t\t<div class=\"bde-fancy-divider__content bde-fancy-divider__content--icon\"><svg xmlns=\"http:\/\/www.w3.org\/2000\/svg\" viewbox=\"0 0 288 512\"><!-- Font Awesome Free 5.15.1 by @fontawesome - https:\/\/fontawesome.com License - https:\/\/fontawesome.com\/license\/free (Icons: CC BY 4.0, Fonts: SIL OFL 1.1, Code: MIT License) --><path d=\"M216 464h-40V346.81c68.47-15.89 118.05-79.91 111.4-154.16l-15.95-178.1C270.71 6.31 263.9 0 255.74 0H32.26c-8.15 0-14.97 6.31-15.7 14.55L.6 192.66C-6.05 266.91 43.53 330.93 112 346.82V464H72c-22.09 0-40 17.91-40 40 0 4.42 3.58 8 8 8h208c4.42 0 8-3.58 8-8 0-22.09-17.91-40-40-40zM61.75 48h164.5l7.17 80H54.58l7.17-80z\"\/><\/svg><\/div>\n    \t                  <\/div>\n<\/div>\n\n<\/div><\/div>\n<\/section><section class=\"bde-section-404-103 bde-section\">\n  \n  \n\t\n\n\n\n<div class=\"section-container\"><h2 class=\"bde-heading-404-104 bde-heading\">\nPetits caract\u00e8res<br>Ch\u00e2teau Gort G\u00eete\n<\/h2><div class=\"bde-fancy-divider-404-106 bde-fancy-divider\">\n\n\n<div class=\"bde-fancy-divider__wrapper\">\n  <div class=\"bde-fancy-divider__separator has-content\">\n  \t    \t    \t    \t\t\t    \t\t<div class=\"bde-fancy-divider__content bde-fancy-divider__content--icon\"><svg xmlns=\"http:\/\/www.w3.org\/2000\/svg\" viewbox=\"0 0 288 512\"><!-- Font Awesome Free 5.15.1 by @fontawesome - https:\/\/fontawesome.com License - https:\/\/fontawesome.com\/license\/free (Icons: CC BY 4.0, Fonts: SIL OFL 1.1, Code: MIT License) --><path d=\"M216 464h-40V346.81c68.47-15.89 118.05-79.91 111.4-154.16l-15.95-178.1C270.71 6.31 263.9 0 255.74 0H32.26c-8.15 0-14.97 6.31-15.7 14.55L.6 192.66C-6.05 266.91 43.53 330.93 112 346.82V464H72c-22.09 0-40 17.91-40 40 0 4.42 3.58 8 8 8h208c4.42 0 8-3.58 8-8 0-22.09-17.91-40-40-40zM61.75 48h164.5l7.17 80H54.58l7.17-80z\"\/><\/svg><\/div>\n    \t                  <\/div>\n<\/div>\n\n<\/div><div class=\"bde-rich-text-404-109 bde-rich-text breakdance-rich-text-styles\">\n<p style=\"text-align: left;\"><span style=\"font-weight: 400;\">Ch\u00e2teau Gort G\u00eete<\/span><span style=\"font-weight: 400;\"><br \/><\/span><span style=\"font-weight: 400;\">80 rue des P\u00eacheurs<\/span><span style=\"font-weight: 400;\"><br \/><\/span><span style=\"font-weight: 400;\">33240 Asques<\/span><span style=\"font-weight: 400;\"><br \/><\/span><span style=\"font-weight: 400;\">France\u00a0<\/span><\/p><h3 style=\"text-align: left;\"><b>Nom commercial<\/b><\/h3><p style=\"text-align: left;\"><span style=\"font-weight: 400;\">SARL Ch\u00e2teau Gort &amp; Gort<\/span><span style=\"font-weight: 400;\"><br \/><\/span><span style=\"font-weight: 400;\">235 route du Chemin Court<\/span><span style=\"font-weight: 400;\"><br \/><\/span><span style=\"font-weight: 400;\">33240 Saint-Romain-la-Virv\u00e9e<\/span><span style=\"font-weight: 400;\"><br \/><\/span><span style=\"font-weight: 400;\">France <\/span><span style=\"font-weight: 400;\"><br \/><\/span><span style=\"font-weight: 400;\">SIR\u00c8NE 398 043 778<\/span><span style=\"font-weight: 400;\"><br \/><\/span><span style=\"font-weight: 400;\">visite@chateaugort.fr<\/span><\/p><h3 style=\"text-align: left;\"><b>Tarifs\u00a0<\/b><\/h3><p style=\"text-align: left;\">Le g\u00eete Ch\u00e2teau Gort peut \u00eatre r\u00e9serv\u00e9 pour un groupe de huit personnes maximum. Il est possible de r\u00e9server un lit d'enfant et\/ou un berceau suppl\u00e9mentaire. <br \/><br \/>Les chiens sont \u00e9galement les bienvenus.\u00a0<\/p><p style=\"text-align: left;\">Vous pouvez louer la maison de vacances pour un minimum de trois nuits. L'enregistrement est possible du lundi au vendredi. Pour les s\u00e9jours de sept nuits, vous b\u00e9n\u00e9ficiez d'une nuit gratuite.<\/p><p style=\"text-align: left;\"><span style=\"font-weight: 400;\">Les tarifs varient selon la saison :<\/span><span style=\"font-weight: 400;\"><br \/><\/span><span style=\"font-weight: 400;\">- Haute saison du 1er mai au 30 septembre<\/span><span style=\"font-weight: 400;\"><br \/><\/span><span style=\"font-weight: 400;\">- Basse saison du 1er octobre au 30 avril<\/span><\/p><p style=\"text-align: left;\"><b>Tarif haute saison <\/b><b><br \/><\/b><span style=\"font-weight: 400;\">Du 1er mai au 30 septembre : 290 \u20ac par nuit.<br \/><\/span><span style=\"font-weight: 400;\">1 740 \u20ac pour une semaine enti\u00e8re (7 nuits)*<\/span><b><br \/><\/b><b><br \/><\/b><b>Tarif basse saison<\/b><b><br \/><\/b><span style=\"font-weight: 400;\">Du 1er octobre au 30 avril : 220 \u20ac par nuit<\/span><b><br \/><\/b><span style=\"font-weight: 400;\">1 320 \u20ac pour une semaine enti\u00e8re (7 nuits)*<\/span><\/p><p style=\"text-align: left;\"><em><span style=\"font-weight: 400;\">*Avec une r\u00e9servation de 7 nuits, vous b\u00e9n\u00e9ficiez d'une r\u00e9duction d'une nuit.<\/span><\/em><\/p><p style=\"text-align: left;\"><span style=\"font-weight: 400;\">Options suppl\u00e9mentaires :<\/span><\/p><ul style=\"text-align: left;\"><li style=\"font-weight: 400;\" aria-level=\"1\"><span style=\"font-weight: 400;\">J'aimerais amener un chien : \u20ac50 par r\u00e9servation ;\u00a0<\/span><\/li><li style=\"font-weight: 400;\" aria-level=\"1\"><span style=\"font-weight: 400;\">Je souhaite un lit d'enfant confectionn\u00e9 en plus : \u20ac 50 ;\u00a0<\/span><\/li><li style=\"font-weight: 400;\" aria-level=\"1\"><span style=\"font-weight: 400;\">Je souhaite un lit d'enfant confectionn\u00e9 en plus : \u20ac50.\u00a0<\/span><\/li><\/ul><p style=\"text-align: left;\"><span style=\"font-weight: 400;\">Le prix comprend<\/span><\/p><ul style=\"text-align: left;\"><li style=\"font-weight: 400;\" aria-level=\"1\"><span style=\"font-weight: 400;\">Les lits et les serviettes ont \u00e9t\u00e9 faits ;<\/span><\/li><li style=\"font-weight: 400;\" aria-level=\"1\"><span style=\"font-weight: 400;\">Bouteille de vin \u00e0 l'arriv\u00e9e ;\u00a0<\/span><\/li><li style=\"font-weight: 400;\" aria-level=\"1\"><span style=\"font-weight: 400;\">Nettoyage final ;<\/span><\/li><li style=\"font-weight: 400;\" aria-level=\"1\"><span style=\"font-weight: 400;\">Taxe de s\u00e9jour de 1,09 \u20ac par personne et par nuit ;\u00a0<\/span><\/li><li style=\"font-weight: 400;\" aria-level=\"1\"><span style=\"font-weight: 400;\">Visite guid\u00e9e approfondie avec d\u00e9gustation de vins au Ch\u00e2teau Gort &amp; Gort pour tous les invit\u00e9s <\/span><span style=\"font-weight: 400;\">(r\u00e9servation du lundi au vendredi \u00e0 partir de 16 heures).\u00a0<\/span><\/li><\/ul><p style=\"text-align: left;\"><span style=\"font-weight: 400;\">Il est \u00e9galement possible d'acheter du vin au Ch\u00e2teaushop au Ch\u00e2teau Gort &amp; Gort, du lundi au vendredi pendant les heures d'ouverture. Le paiement est possible en esp\u00e8ces et par carte bancaire.\u00a0<\/span><\/p><p style=\"text-align: left;\"><b>Note<\/b><span style=\"font-weight: 400;\">Le week-end, le ch\u00e2teau est ferm\u00e9. Les visites guid\u00e9es ne sont possibles que du lundi au vendredi \u00e0 16h.\u00a0<\/span><\/p><p style=\"text-align: left;\"><span style=\"font-weight: 400;\">Le ch\u00e2teau est \u00e9galement ferm\u00e9 pendant les vendanges. La fermeture des vendanges se situe g\u00e9n\u00e9ralement entre la mi-septembre et la mi-octobre. La boutique du ch\u00e2teau est \u00e9galement ferm\u00e9e pendant cette p\u00e9riode et nous n'organisons pas de visites ou de d\u00e9gustations.<\/span> <span style=\"font-weight: 400;\">Mais la bonne nouvelle, c'est que le G\u00eete est ouvert et qu'il y a beaucoup de choses amusantes \u00e0 faire dans la r\u00e9gion, alors bienvenue !<\/span><\/p><h3 style=\"text-align: left;\"><b>R\u00e9servations<\/b><\/h3><p style=\"text-align: left;\"><span style=\"font-weight: 400;\">Le g\u00eete Ch\u00e2teau Gort peut \u00eatre r\u00e9serv\u00e9 via le module de r\u00e9servation du site web : www.chateaugort-wijntoerisme.nl\/gite. Le paiement s'effectue directement lors de la r\u00e9servation. Les m\u00e9thodes de paiement disponibles sont : iDeal, PayPal et carte de cr\u00e9dit. Le paiement est trait\u00e9 via la plateforme de paiement Mollie. La confirmation de la r\u00e9servation sera envoy\u00e9e par retour d'e-mail.<\/span><\/p><h3 style=\"text-align: left;\"><b>Conditions g\u00e9n\u00e9rales d'utilisation<\/b><\/h3><p style=\"text-align: left;\"><b>Paiement<\/b><b><br \/><\/b><span style=\"font-weight: 400;\">Les paiements sont effectu\u00e9s au cours de la proc\u00e9dure de r\u00e9servation. Les m\u00e9thodes de paiement disponibles sont : iDeal, PayPal et carte de cr\u00e9dit. Les \u00e9ventuels suppl\u00e9ments seront r\u00e9gl\u00e9s au moment du d\u00e9part (en esp\u00e8ces ou par carte de cr\u00e9dit).<\/span><span style=\"font-weight: 400;\"><br \/><\/span>Le d\u00e9p\u00f4t de garantie est de 100 \u20ac et est pay\u00e9 directement lors de la r\u00e9servation. 7 jours apr\u00e8s votre s\u00e9jour, la caution vous sera renvoy\u00e9e sur votre compte.<\/p><p style=\"text-align: left;\"><b>Politique d'annulation<\/b><b><br \/><\/b><span style=\"font-weight: 400;\">Ch\u00e2teau Gort G\u00eete est un g\u00eete de petite taille, c'est donc tr\u00e8s ennuyeux pour nous si vous annulez. <\/span><span style=\"font-weight: 400;\"><br \/><\/span><span style=\"font-weight: 400;\">Nous appliquons les conditions suivantes en cas d'annulation :<\/span><span style=\"font-weight: 400;\"><br \/><\/span><span style=\"font-weight: 400;\">- 100% remboursement jusqu'\u00e0 4 semaines avant la date d'arriv\u00e9e ;<\/span><span style=\"font-weight: 400;\"><br \/><\/span><span style=\"font-weight: 400;\">- 50% remboursement jusqu'\u00e0 2 semaines avant la date d'arriv\u00e9e ;<\/span><span style=\"font-weight: 400;\"><br \/><\/span><span style=\"font-weight: 400;\">- Aucun remboursement dans les 2 semaines pr\u00e9c\u00e9dant la date d'arriv\u00e9e, ou en cas d'absence sans pr\u00e9avis.<\/span><\/p><p style=\"text-align: left;\"><span style=\"font-weight: 400;\">Malheureusement, aucun remboursement n'est possible en cas de d\u00e9part anticip\u00e9. <\/span><span style=\"font-weight: 400;\"><br \/><\/span><span style=\"font-weight: 400;\">Nous vous recommandons de souscrire vous-m\u00eame une assurance voyage et annulation ad\u00e9quate.<\/span><\/p><p style=\"text-align: left;\"><span style=\"font-weight: 400;\">Ch\u00e2teau Gort G\u00eete peut annuler le contrat de r\u00e9servation en cas de force majeure, de catastrophe naturelle, de conditions m\u00e9t\u00e9orologiques exceptionnelles, d'incendie, de d\u00e9c\u00e8s du propri\u00e9taire ou de sa famille proche et d'hospitalisation.<\/span><\/p><p style=\"text-align: left;\"><b>Arriv\u00e9e et d\u00e9part<\/b><b><br \/><\/b>L'enregistrement est possible entre 16h00 et 19h00 au Ch\u00e2teau Gort &amp; Gort.<br \/>S'il n'y a pas d'autre possibilit\u00e9 et que vous pr\u00e9voyez d'arriver plus tard, veuillez envoyer un courriel \u00e0 visite@chateaugort.fr ou appeler Meriam au +31 6 42 83 04 04 pour prendre des dispositions \u00e0 ce sujet !<\/p><p style=\"text-align: left;\"><span style=\"font-weight: 400;\">Par accord, vous pouvez d\u00e9poser vos biens plus t\u00f4t.<\/span><\/p><p style=\"text-align: left;\"><span style=\"font-weight: 400;\">Lors de l'enregistrement, le r\u00e9servataire principal remplit la fiche d'h\u00f4tel, un formulaire d'enregistrement obligatoire du gouvernement fran\u00e7ais qui demande le nom, le lieu et la date de naissance, la nationalit\u00e9 et les coordonn\u00e9es du r\u00e9servataire principal.\u00a0<\/span><\/p><p style=\"text-align: left;\"><b>D\u00e9part avant 10 heures ;<\/b><span style=\"font-weight: 400;\"> Cela signifie \u00e9galement qu'il faut remettre les cl\u00e9s. La caution vous sera restitu\u00e9e environ 7 jours apr\u00e8s le d\u00e9part. Assurez-vous que le four, le r\u00e9frig\u00e9rateur, le cong\u00e9lateur, le lave-vaisselle, le lave-linge et le s\u00e8che-linge sont vides et que les d\u00e9chets sont tri\u00e9s dans les poubelles pr\u00e9vues \u00e0 cet effet dans la cuisine. <\/span><span style=\"font-weight: 400;\"><br \/><\/span><span style=\"font-weight: 400;\"><br \/><\/span><span style=\"font-weight: 400;\">C'est tout ! Nous nous occupons du reste du nettoyage.\u00a0<\/span><\/p><p style=\"text-align: left;\"><b>D\u00e9p\u00f4t de cl\u00e9s<\/b><b><br \/><\/b><span style=\"font-weight: 400;\">Lors de l'enregistrement, les h\u00f4tes recevront les cl\u00e9s du G\u00eete Ch\u00e2teau Gort.<\/span><\/p><p style=\"text-align: left;\"><span style=\"font-weight: 400;\">Le client verse 100 euros \u00e0 titre d'acompte lors de la r\u00e9servation du s\u00e9jour.<\/span><span style=\"font-weight: 400;\"><br \/><\/span><span style=\"font-weight: 400;\">Au moment du d\u00e9part, le client rend les cl\u00e9s \u00e0 Meriam ou \u00e0 un autre membre de l'\u00e9quipe de Gort &amp; Gort ; \u00e0 cet effet, nous serons pr\u00e9sents dans le g\u00eete le jour du d\u00e9part. La caution sera revers\u00e9e sur le compte du r\u00e9servataire environ 7 jours apr\u00e8s le d\u00e9part. Si les cl\u00e9s sont perdues, cass\u00e9es ou non rendues, le client perdra la caution.<\/span><\/p><p style=\"text-align: left;\"><b>R\u00e8glement int\u00e9rieur<\/b><b><br \/><\/b><span style=\"font-weight: 400;\">Le g\u00eete Ch\u00e2teau Gort a un certain nombre de r\u00e8gles de vie :<\/span><\/p><ul style=\"text-align: left;\"><li style=\"font-weight: 400;\" aria-level=\"1\"><i><span style=\"font-weight: 400;\">Remboursement<\/span><\/i><span style=\"font-weight: 400;\"><br \/><\/span><span style=\"font-weight: 400;\">Si l'invit\u00e9 fait des d\u00e9g\u00e2ts et que nous devons lui demander de partir dans le pire des cas, nous ne pouvons pas rembourser le reste du s\u00e9jour.<\/span><span style=\"font-weight: 400;\"><br \/><\/span><\/li><li style=\"font-weight: 400;\" aria-level=\"1\"><i><span style=\"font-weight: 400;\">Animaux de compagnie<\/span><\/i><i><span style=\"font-weight: 400;\"><br \/><\/span><\/i><span style=\"font-weight: 400;\">Les chiens sont les bienvenus. Vous pouvez amener votre fid\u00e8le compagnon \u00e0 quatre pattes au G\u00eete, mais des frais de nettoyage suppl\u00e9mentaires de 50 \u20ac par r\u00e9servation seront factur\u00e9s.<\/span><span style=\"font-weight: 400;\"><br \/><\/span><\/li><li style=\"font-weight: 400;\" aria-level=\"1\"><i><span style=\"font-weight: 400;\">Fumer<\/span><\/i><i><span style=\"font-weight: 400;\"><br \/><\/span><\/i><span style=\"font-weight: 400;\">Il est interdit de fumer dans les locaux. Veuillez \u00e9galement ne pas laisser de m\u00e9gots de cigarettes sur le sol dans la rue ou le jardin. Veuillez les \u00e9teindre correctement et les jeter dans le cendrier ou la poubelle.<\/span><span style=\"font-weight: 400;\"><br \/><\/span><\/li><li style=\"font-weight: 400;\" aria-level=\"1\"><i><span style=\"font-weight: 400;\">Nuisances<\/span><\/i><i><span style=\"font-weight: 400;\"><br \/><\/span><\/i><span style=\"font-weight: 400;\">Le g\u00eete du Ch\u00e2teau Gort est situ\u00e9 dans une petite rue avec des voisins aimables ; veillez donc \u00e0 ne pas faire trop de bruit \u00e0 l'ext\u00e9rieur du g\u00eete. De m\u00eame, pour ne pas troubler leur tranquillit\u00e9, nous vous demandons de ne pas rouler dans la rue. Si n\u00e9cessaire, vous pouvez d\u00e9poser vos bagages au G\u00eete et revenir en arri\u00e8re par le m\u00eame chemin jusqu'au parking. Attention \u00e0 ne pas rouler dans le foss\u00e9 !\u00a0<br \/><\/span><\/li><li style=\"font-weight: 400;\" aria-level=\"1\"><i><span style=\"font-weight: 400;\">Accueil des visiteurs<\/span><\/i><i><span style=\"font-weight: 400;\"><br \/><\/span><\/i><span style=\"font-weight: 400;\">Cela n'est possible qu'en concertation et avec l'autorisation de l'\u00e9quipe de Gort &amp; Gort.<\/span><span style=\"font-weight: 400;\"><br \/><\/span><\/li><li style=\"font-weight: 400;\" aria-level=\"1\"><i><span style=\"font-weight: 400;\">Veuillez ne pas apporter de meubles ou d'autres objets \u00e0 l'ext\u00e9rieur.<\/span><\/i><i><span style=\"font-weight: 400;\"><br \/><\/span><\/i><span style=\"font-weight: 400;\">Toutefois, il est permis d'utiliser des verres, des assiettes, des couverts et des nappes \u00e0 l'ext\u00e9rieur.<\/span><span style=\"font-weight: 400;\"><br \/><\/span><\/li><li style=\"font-weight: 400;\" aria-level=\"1\"><i><span style=\"font-weight: 400;\">Des extincteurs et une trousse de premiers secours sont fournis.<\/span><\/i><span style=\"font-weight: 400;\"><br \/><\/span><span style=\"font-weight: 400;\">Des extincteurs se trouvent dans la cuisine, le couloir et le corridor des deux \u00e9tages. La bo\u00eete de premiers secours est suspendue dans le placard de l'escalier, \u00e0 c\u00f4t\u00e9 des ustensiles de nettoyage.<\/span><span style=\"font-weight: 400;\"><br \/><\/span><\/li><li style=\"font-weight: 400;\" aria-level=\"1\"><i><span style=\"font-weight: 400;\">Durable<\/span><\/i><i><span style=\"font-weight: 400;\"><br \/><\/span><\/i><span style=\"font-weight: 400;\">Au Ch\u00e2teau Gort G\u00eete, nous aimons la nature et nous nous effor\u00e7ons de la traiter le mieux possible. Nous trions les d\u00e9chets, voulez-vous nous aider ? <br \/><br \/><\/span>Les poubelles sont situ\u00e9es dans la cuisine. Le carton, les bo\u00eetes de conserve et le plastique peuvent \u00eatre mis ensemble dans la poubelle de recyclage, les d\u00e9chets organiques dans la poubelle de d\u00e9chets biod\u00e9gradables, le verre dans le conteneur \u00e0 bouteilles et le reste des d\u00e9chets r\u00e9siduels dans la poubelle pr\u00e9vue \u00e0 cet effet.<\/li><\/ul><ul style=\"text-align: left;\"><li style=\"font-weight: 400;\" aria-level=\"1\"><i><span style=\"font-weight: 400;\">Acc\u00e8s et verrouillage<\/span><\/i><i><span style=\"font-weight: 400;\"><br \/><\/span><\/i><span style=\"font-weight: 400;\">Le g\u00eete du Ch\u00e2teau Gort vous appartient pendant votre s\u00e9jour, nous ne sommes pr\u00e9sents dans le g\u00eete qu'au moment du d\u00e9part. Si vous n'\u00eates pas \u00e0 proximit\u00e9 imm\u00e9diate du g\u00eete, veuillez fermer les portes et les fen\u00eatres \u00e0 cl\u00e9. L'assurance ne couvre pas les dommages en cas de cambriolage. Les biens du G\u00eete Ch\u00e2teau Gort perdus par votre faute, nous devons malheureusement les r\u00e9cup\u00e9rer aupr\u00e8s de vous.<\/span><span style=\"font-weight: 400;\"><br \/><\/span><\/li><li style=\"font-weight: 400;\" aria-level=\"1\"><i><span style=\"font-weight: 400;\">Parking<\/span><\/i><i><span style=\"font-weight: 400;\"><br \/><\/span><\/i><span style=\"font-weight: 400;\">Vous pouvez vous garer au d\u00e9but de la rue, \u00e0 c\u00f4t\u00e9 des containers \u00e0 ordures. Si n\u00e9cessaire, vous pouvez d\u00e9poser vos bagages au G\u00eete et revenir en arri\u00e8re par le m\u00eame chemin jusqu'au parking ; attention \u00e0 ne pas rouler dans le foss\u00e9 ! <\/span><span style=\"font-weight: 400;\"><br \/><\/span><span style=\"font-weight: 400;\">Le g\u00eete du Ch\u00e2teau Gort se trouve dans une rue \u00e9troite que nous partageons avec nos chers voisins fran\u00e7ais. Afin de ne pas troubler leur tranquillit\u00e9, nous vous demandons de ne pas descendre la rue en voiture. <\/span><span style=\"font-weight: 400;\">Stationnement \u00e0 vos risques et p\u00e9rils.<\/span><\/li><\/ul><p style=\"text-align: left;\"><b>Responsabilit\u00e9<\/b><b><br \/><\/b><span style=\"font-weight: 400;\">Les h\u00f4tes du G\u00eete Ch\u00e2teau Gort sont eux-m\u00eames responsables de la s\u00e9curit\u00e9 des enfants et des animaux domestiques qu'ils am\u00e8nent avec eux. Ceci s'applique \u00e0 l'int\u00e9rieur du g\u00eete mais aussi \u00e0 l'ext\u00e9rieur, comme le jardin, la terrasse et l'aire de jeux.<\/span><span style=\"font-weight: 400;\"><br \/><\/span><span style=\"font-weight: 400;\">Le G\u00eete Ch\u00e2teau Gort s'engage \u00e0 prendre les mesures appropri\u00e9es apr\u00e8s avoir signal\u00e9 les nuisances caus\u00e9es par les h\u00f4tes.<\/span><\/p><p style=\"text-align: left;\"><span style=\"font-weight: 400;\">Quelque chose s'est cass\u00e9 ? Si oui, faites-en part \u00e0 l'\u00e9quipe de Gort &amp; Gort dans les plus brefs d\u00e9lais. En cas de dommages graves caus\u00e9s par le locataire, la caution peut \u00eatre retenue et l'assurance peut \u00e9galement intervenir.\u00a0<\/span><\/p><p style=\"text-align: left;\"><span style=\"font-weight: 400;\">Nous vous recommandons de souscrire vous-m\u00eame une bonne assurance voyage et annulation.\u00a0<\/span><\/p><p style=\"text-align: left;\"><b>Vie priv\u00e9e<\/b><b><br \/><\/b><span style=\"font-weight: 400;\">Le G\u00eete du Ch\u00e2teau Gort est responsable du traitement des donn\u00e9es \u00e0 caract\u00e8re personnel telles qu'elles figurent dans notre <a href=\"https:\/\/chateaugort-wijntoerisme.nl\/fr\/declaration-de-confidentialite\/\">d\u00e9claration de confidentialit\u00e9<\/a>.<\/span><\/p><p style=\"text-align: left;\"><b>Plaintes<\/b><b><br \/><\/b><span style=\"font-weight: 400;\">Vous avez une plainte \u00e0 formuler ? Signalez-la \u00e0 Meriam m\u00eame pendant votre s\u00e9jour ; elle fera tout pour r\u00e9soudre le probl\u00e8me le plus rapidement possible. <\/span><span style=\"font-weight: 400;\"><br \/><\/span><span style=\"font-weight: 400;\">En cas d'urgence majeure ne pouvant attendre le lendemain, elle peut \u00eatre jointe au +31 6 42 83 04 04.<\/span><\/p><p style=\"text-align: left;\"><span style=\"font-weight: 400;\">Les conditions g\u00e9n\u00e9rales sont indiqu\u00e9es sur le site www.chateaugort-wijntoerisme.nl et envoy\u00e9es avec la confirmation de r\u00e9servation. Une copie est \u00e9galement disponible dans la chambre. Nous vous souhaitons un excellent s\u00e9jour au G\u00eete Ch\u00e2teau Gort.<\/span><\/p><p style=\"text-align: left;\"><span style=\"font-weight: 400;\">Klaas Gort et Meriam Last<\/span><span style=\"font-weight: 400;\"><br \/><\/span><em><span style=\"font-weight: 400;\">Saint-Romain-la-Virv\u00e9e\/Asques, novembre 2024<\/span><\/em><\/p>\n<\/div><div class=\"bde-button-404-115 bde-button\">\n    \n                        \n                        \n    \n    \n    \n    \n            \n                    \n            \n            \n\n    \n    \n    \n    \n    \n    <a class=\"breakdance-link button-atom button-atom--primary bde-button__button\" href=\"\/fr\/\" target=\"_self\" data-type=\"url\"  >\n\n    \n        <span class=\"button-atom__text\">Retour \u00e0 l'accueil<\/span>\n\n        \n        \n                <\/a>\n\n    \n\n\n<\/div><\/div>\n<\/section><\/div>","protected":false},"excerpt":{"rendered":"<p>Algemene voorwaarden Kleine lettertjesCh\u00e2teau Gort G\u00eete Ch\u00e2teau Gort G\u00eete80 rue des P\u00eacheurs33240 AsquesFrankrijk\u00a0HandelsnaamSARL Ch\u00e2teau Gort &amp; Gort235 route du Chemin Court33240 Saint-Romain-la-Virv\u00e9eFrankrijk SIREN 398 043 778visite@chateaugort.frTarieven\u00a0Ch\u00e2teau Gort G\u00eete is te boeken voor een gezelschap tot acht personen. Een extra kinderbed en\/of babyledikantje is bij te boeken. Honden zijn ook welkom.\u00a0Je kan het vakantiehuis huren voor [&hellip;]<\/p>\n","protected":false},"author":2,"featured_media":0,"parent":25,"menu_order":0,"comment_status":"closed","ping_status":"closed","template":"","meta":{"_acf_changed":false,"_breakdance_hide_in_design_set":false,"_breakdance_tags":"","footnotes":""},"class_list":["post-404","page","type-page","status-publish","hentry"],"acf":[],"_links":{"self":[{"href":"https:\/\/chateaugort-wijntoerisme.nl\/fr\/wp-json\/wp\/v2\/pages\/404","targetHints":{"allow":["GET"]}}],"collection":[{"href":"https:\/\/chateaugort-wijntoerisme.nl\/fr\/wp-json\/wp\/v2\/pages"}],"about":[{"href":"https:\/\/chateaugort-wijntoerisme.nl\/fr\/wp-json\/wp\/v2\/types\/page"}],"author":[{"embeddable":true,"href":"https:\/\/chateaugort-wijntoerisme.nl\/fr\/wp-json\/wp\/v2\/users\/2"}],"replies":[{"embeddable":true,"href":"https:\/\/chateaugort-wijntoerisme.nl\/fr\/wp-json\/wp\/v2\/comments?post=404"}],"version-history":[{"count":16,"href":"https:\/\/chateaugort-wijntoerisme.nl\/fr\/wp-json\/wp\/v2\/pages\/404\/revisions"}],"predecessor-version":[{"id":778,"href":"https:\/\/chateaugort-wijntoerisme.nl\/fr\/wp-json\/wp\/v2\/pages\/404\/revisions\/778"}],"up":[{"embeddable":true,"href":"https:\/\/chateaugort-wijntoerisme.nl\/fr\/wp-json\/wp\/v2\/pages\/25"}],"wp:attachment":[{"href":"https:\/\/chateaugort-wijntoerisme.nl\/fr\/wp-json\/wp\/v2\/media?parent=404"}],"curies":[{"name":"wp","href":"https:\/\/api.w.org\/{rel}","templated":true}]}}