{"id":406,"date":"2024-12-23T13:15:44","date_gmt":"2024-12-23T13:15:44","guid":{"rendered":"https:\/\/chateaugort-wijntoerisme.nl\/?page_id=406"},"modified":"2025-01-02T15:15:52","modified_gmt":"2025-01-02T15:15:52","slug":"declaration-de-confidentialite","status":"publish","type":"page","link":"https:\/\/chateaugort-wijntoerisme.nl\/fr\/privacyverklaring\/","title":{"rendered":"D\u00e9claration de confidentialit\u00e9"},"content":{"rendered":"<div class='breakdance'><section class=\"bde-section-406-100 bde-section\">\n  \n  \n\t\n\n\n\n<div class=\"section-container\"><h1 class=\"bde-heading-406-101 bde-heading\">\nD\u00e9claration de confidentialit\u00e9\n<\/h1><div class=\"bde-fancy-divider-406-102 bde-fancy-divider\">\n\n\n<div class=\"bde-fancy-divider__wrapper\">\n  <div class=\"bde-fancy-divider__separator has-content\">\n  \t    \t    \t    \t\t\t    \t\t<div class=\"bde-fancy-divider__content bde-fancy-divider__content--icon\"><svg xmlns=\"http:\/\/www.w3.org\/2000\/svg\" viewbox=\"0 0 288 512\"><!-- Font Awesome Free 5.15.1 by @fontawesome - https:\/\/fontawesome.com License - https:\/\/fontawesome.com\/license\/free (Icons: CC BY 4.0, Fonts: SIL OFL 1.1, Code: MIT License) --><path d=\"M216 464h-40V346.81c68.47-15.89 118.05-79.91 111.4-154.16l-15.95-178.1C270.71 6.31 263.9 0 255.74 0H32.26c-8.15 0-14.97 6.31-15.7 14.55L.6 192.66C-6.05 266.91 43.53 330.93 112 346.82V464H72c-22.09 0-40 17.91-40 40 0 4.42 3.58 8 8 8h208c4.42 0 8-3.58 8-8 0-22.09-17.91-40-40-40zM61.75 48h164.5l7.17 80H54.58l7.17-80z\"\/><\/svg><\/div>\n    \t                  <\/div>\n<\/div>\n\n<\/div><\/div>\n<\/section><section class=\"bde-section-406-103 bde-section\">\n  \n  \n\t\n\n\n\n<div class=\"section-container\"><h2 class=\"bde-heading-406-104 bde-heading\">\nD\u00e9claration de confidentialit\u00e9 Gort &amp; Gort Wine Tourism\n<\/h2><div class=\"bde-fancy-divider-406-106 bde-fancy-divider\">\n\n\n<div class=\"bde-fancy-divider__wrapper\">\n  <div class=\"bde-fancy-divider__separator has-content\">\n  \t    \t    \t    \t\t\t    \t\t<div class=\"bde-fancy-divider__content bde-fancy-divider__content--icon\"><svg xmlns=\"http:\/\/www.w3.org\/2000\/svg\" viewbox=\"0 0 288 512\"><!-- Font Awesome Free 5.15.1 by @fontawesome - https:\/\/fontawesome.com License - https:\/\/fontawesome.com\/license\/free (Icons: CC BY 4.0, Fonts: SIL OFL 1.1, Code: MIT License) --><path d=\"M216 464h-40V346.81c68.47-15.89 118.05-79.91 111.4-154.16l-15.95-178.1C270.71 6.31 263.9 0 255.74 0H32.26c-8.15 0-14.97 6.31-15.7 14.55L.6 192.66C-6.05 266.91 43.53 330.93 112 346.82V464H72c-22.09 0-40 17.91-40 40 0 4.42 3.58 8 8 8h208c4.42 0 8-3.58 8-8 0-22.09-17.91-40-40-40zM61.75 48h164.5l7.17 80H54.58l7.17-80z\"\/><\/svg><\/div>\n    \t                  <\/div>\n<\/div>\n\n<\/div><div class=\"bde-text-406-107 bde-text\">\n'Ch\u00e2teau Gort &amp; Gort Wine Tourism' est class\u00e9 dans la cat\u00e9gorie :<br><br>SARL Ch\u00e2teau Gort &amp; Gort<br>235 route du Chemin Court<br>33240 Saint-Romain-la-Virv\u00e9e<br>France <br><br>Ch\u00e2teau Gort &amp; Gort est responsable du traitement des donn\u00e9es \u00e0 caract\u00e8re personnel tel qu'il est d\u00e9crit dans la pr\u00e9sente d\u00e9claration de confidentialit\u00e9.<br><br>Le Ch\u00e2teau Gort &amp; Gort traite les donn\u00e9es personnelles suivantes de ses h\u00f4tes : nom et pr\u00e9nom, num\u00e9ro de t\u00e9l\u00e9phone, adresse e-mail et autres donn\u00e9es afin de rendre le s\u00e9jour de nos h\u00f4tes le plus agr\u00e9able possible. <br><br>Le Ch\u00e2teau Gort &amp; Gort traite ces donn\u00e9es personnelles pour les finalit\u00e9s suivantes : contact avant, pendant et peu apr\u00e8s le s\u00e9jour, envoi d'une lettre d'information.<br><br>Ch\u00e2teau Gort &amp; Gort traite \u00e9galement des donn\u00e9es personnelles pour lesquelles il existe une obligation l\u00e9gale. La fiche d'h\u00f4tel \u00e0 remplir \u00e0 l'arriv\u00e9e (nom, lieu et date de naissance, nationalit\u00e9 et coordonn\u00e9es) est conserv\u00e9e pendant six mois. Les donn\u00e9es sont \u00e9galement conserv\u00e9es \u00e0 des fins de paiement des imp\u00f4ts.<br><br>Ch\u00e2teau Gort &amp; Gort ne conservera pas les donn\u00e9es personnelles plus longtemps que ce qui est strictement n\u00e9cessaire pour atteindre les objectifs pour lesquels vos donn\u00e9es sont collect\u00e9es ou pour lesquels nous sommes oblig\u00e9s par la loi. La fiche d'h\u00f4tel doit \u00eatre conserv\u00e9e pendant six mois, apr\u00e8s quoi elle sera d\u00e9truite. <br><br>Le Ch\u00e2teau Gort &amp; Gort ne fournit des informations \u00e0 des tiers que si cela est n\u00e9cessaire \u00e0 l'ex\u00e9cution de notre contrat avec les h\u00f4tes ou pour se conformer \u00e0 une obligation l\u00e9gale.<br><br>Ch\u00e2teau Gort &amp; Gort prend au s\u00e9rieux la protection de vos donn\u00e9es et prend des mesures appropri\u00e9es pour emp\u00eacher toute utilisation abusive, perte, acc\u00e8s non autoris\u00e9, divulgation non d\u00e9sir\u00e9e et modification non autoris\u00e9e.<br>Si vous avez l'impression que vos donn\u00e9es ne sont pas correctement s\u00e9curis\u00e9es ou qu'il existe des indices d'utilisation abusive, veuillez contacter Ch\u00e2teau Gort &amp; Gort \u00e0 l'adresse suivante <a href=\"mailto:visite@chateaugort.fr\">visite@chateaugort.fr<\/a>.<br><br>21 novembre 2024\n<\/div><div class=\"bde-button-406-108 bde-button\">\n    \n                        \n                        \n    \n    \n    \n    \n            \n                    \n            \n            \n\n    \n    \n    \n    \n    \n    <a class=\"breakdance-link button-atom button-atom--primary bde-button__button\" href=\"\/fr\/\" target=\"_self\" data-type=\"url\"  >\n\n    \n        <span class=\"button-atom__text\">Vers la page d'accueil<\/span>\n\n        \n        \n                <\/a>\n\n    \n\n\n<\/div><\/div>\n<\/section><\/div>","protected":false},"excerpt":{"rendered":"<p>Privacy statement Privacyverklaring Gort &#038; Gort Wijntoerisme &#8216;Ch\u00e2teau Gort &#038; Gort Wijntoerisme&#8217; valt onder:SARL Ch\u00e2teau Gort &#038; Gort235 route du Chemin Court33240 Saint-Romain-la-Virv\u00e9eFrankrijk Ch\u00e2teau Gort &#038; Gort is verantwoordelijk voor de verwerking van persoonsgegevens zoals weergegeven in deze privacyverklaring.Ch\u00e2teau Gort &#038; Gort verwerkt de volgende persoonsgegevens van haar gasten: voor- en achternaam, telefoonnummer, e-mailadres en [&hellip;]<\/p>\n","protected":false},"author":2,"featured_media":0,"parent":0,"menu_order":0,"comment_status":"closed","ping_status":"closed","template":"","meta":{"_acf_changed":false,"_breakdance_hide_in_design_set":false,"_breakdance_tags":"","footnotes":""},"class_list":["post-406","page","type-page","status-publish","hentry"],"acf":[],"_links":{"self":[{"href":"https:\/\/chateaugort-wijntoerisme.nl\/fr\/wp-json\/wp\/v2\/pages\/406","targetHints":{"allow":["GET"]}}],"collection":[{"href":"https:\/\/chateaugort-wijntoerisme.nl\/fr\/wp-json\/wp\/v2\/pages"}],"about":[{"href":"https:\/\/chateaugort-wijntoerisme.nl\/fr\/wp-json\/wp\/v2\/types\/page"}],"author":[{"embeddable":true,"href":"https:\/\/chateaugort-wijntoerisme.nl\/fr\/wp-json\/wp\/v2\/users\/2"}],"replies":[{"embeddable":true,"href":"https:\/\/chateaugort-wijntoerisme.nl\/fr\/wp-json\/wp\/v2\/comments?post=406"}],"version-history":[{"count":8,"href":"https:\/\/chateaugort-wijntoerisme.nl\/fr\/wp-json\/wp\/v2\/pages\/406\/revisions"}],"predecessor-version":[{"id":533,"href":"https:\/\/chateaugort-wijntoerisme.nl\/fr\/wp-json\/wp\/v2\/pages\/406\/revisions\/533"}],"wp:attachment":[{"href":"https:\/\/chateaugort-wijntoerisme.nl\/fr\/wp-json\/wp\/v2\/media?parent=406"}],"curies":[{"name":"wp","href":"https:\/\/api.w.org\/{rel}","templated":true}]}}