{"id":874,"date":"2025-06-27T14:07:12","date_gmt":"2025-06-27T14:07:12","guid":{"rendered":"https:\/\/chateaugort-wijntoerisme.nl\/?page_id=874"},"modified":"2025-06-27T14:07:12","modified_gmt":"2025-06-27T14:07:12","slug":"conditions-generales","status":"publish","type":"page","link":"https:\/\/chateaugort-wijntoerisme.nl\/fr\/wijncursussen\/algemene-voorwaarden\/","title":{"rendered":"Conditions g\u00e9n\u00e9rales d'utilisation"},"content":{"rendered":"<div class='breakdance'><section class=\"bde-section-874-100 bde-section\">\n  \n  \n\t\n\n\n\n<div class=\"section-container\"><h1 class=\"bde-heading-874-101 bde-heading\">\nConditions g\u00e9n\u00e9rales d'utilisation\n<\/h1><div class=\"bde-fancy-divider-874-102 bde-fancy-divider\">\n\n\n<div class=\"bde-fancy-divider__wrapper\">\n  <div class=\"bde-fancy-divider__separator has-content\">\n  \t    \t    \t    \t\t\t    \t\t<div class=\"bde-fancy-divider__content bde-fancy-divider__content--icon\"><svg xmlns=\"http:\/\/www.w3.org\/2000\/svg\" viewbox=\"0 0 288 512\"><!-- Font Awesome Free 5.15.1 by @fontawesome - https:\/\/fontawesome.com License - https:\/\/fontawesome.com\/license\/free (Icons: CC BY 4.0, Fonts: SIL OFL 1.1, Code: MIT License) --><path d=\"M216 464h-40V346.81c68.47-15.89 118.05-79.91 111.4-154.16l-15.95-178.1C270.71 6.31 263.9 0 255.74 0H32.26c-8.15 0-14.97 6.31-15.7 14.55L.6 192.66C-6.05 266.91 43.53 330.93 112 346.82V464H72c-22.09 0-40 17.91-40 40 0 4.42 3.58 8 8 8h208c4.42 0 8-3.58 8-8 0-22.09-17.91-40-40-40zM61.75 48h164.5l7.17 80H54.58l7.17-80z\"\/><\/svg><\/div>\n    \t                  <\/div>\n<\/div>\n\n<\/div><\/div>\n<\/section><section class=\"bde-section-874-103 bde-section\">\n  \n  \n\t\n\n\n\n<div class=\"section-container\"><h2 class=\"bde-heading-874-104 bde-heading\">\nPetits caract\u00e8res<br>Cours de survie dans le domaine du vin\n<\/h2><div class=\"bde-fancy-divider-874-106 bde-fancy-divider\">\n\n\n<div class=\"bde-fancy-divider__wrapper\">\n  <div class=\"bde-fancy-divider__separator has-content\">\n  \t    \t    \t    \t\t\t    \t\t<div class=\"bde-fancy-divider__content bde-fancy-divider__content--icon\"><svg xmlns=\"http:\/\/www.w3.org\/2000\/svg\" viewbox=\"0 0 288 512\"><!-- Font Awesome Free 5.15.1 by @fontawesome - https:\/\/fontawesome.com License - https:\/\/fontawesome.com\/license\/free (Icons: CC BY 4.0, Fonts: SIL OFL 1.1, Code: MIT License) --><path d=\"M216 464h-40V346.81c68.47-15.89 118.05-79.91 111.4-154.16l-15.95-178.1C270.71 6.31 263.9 0 255.74 0H32.26c-8.15 0-14.97 6.31-15.7 14.55L.6 192.66C-6.05 266.91 43.53 330.93 112 346.82V464H72c-22.09 0-40 17.91-40 40 0 4.42 3.58 8 8 8h208c4.42 0 8-3.58 8-8 0-22.09-17.91-40-40-40zM61.75 48h164.5l7.17 80H54.58l7.17-80z\"\/><\/svg><\/div>\n    \t                  <\/div>\n<\/div>\n\n<\/div><div class=\"bde-rich-text-874-109 bde-rich-text breakdance-rich-text-styles\">\n<p class=\"p1\"><b>Nom commercial<\/b><br \/>SARL Ch\u00e2teau Gort &amp; Gort <br \/>SIREN 398043778<br \/><a href=\"mailto:visite@chateaugort.fr\"><span class=\"s1\">visite@chateaugort.fr<\/span><\/a><br \/><br \/>235 Route du Chemin Court<br \/>33240 Saint-Romain-la-Virv\u00e9e<\/p><p class=\"p1\"><b>Conditions g\u00e9n\u00e9rales des cours et des maisons de vacances<\/b><\/p><p class=\"p1\"><b>Inscription<br \/><\/b>Vous pouvez utiliser le formulaire de contact sur le site web et l'adresse \u00e9lectronique <a href=\"mailto:visite@chateaugort.fr\"><span class=\"s1\">visite@chateaugort.fr<\/span><\/a> indiquez votre int\u00e9r\u00eat pour un cours sur le vin. Meriam vous contactera alors, vous demandera les d\u00e9tails n\u00e9cessaires et vous r\u00e9servera une place. L'inscription au cours se fait uniquement par courrier \u00e9lectronique et ne peut \u00eatre r\u00e9serv\u00e9e nulle part en ligne.<\/p><p class=\"p1\"><b>R\u00e9servation et paiement<\/b><br \/>Meriam vous enverra une facture et les coordonn\u00e9es bancaires du Ch\u00e2teau Gort &amp; Gort apr\u00e8s avoir re\u00e7u les d\u00e9tails de la r\u00e9servation. L'acompte s'\u00e9l\u00e8ve \u00e0 20% du montant total et doit \u00eatre pay\u00e9 dans le mois qui suit la r\u00e9servation, apr\u00e8s quoi la r\u00e9servation est d\u00e9finitive. Le solde doit \u00eatre pay\u00e9 au plus tard 8 semaines avant le d\u00e9but du cours.<\/p><p class=\"p1\"><b>Politique d'annulation<\/b><br \/>Nous appliquons les r\u00e8gles suivantes pour les annulations :<br \/>- 100% remboursement jusqu'\u00e0 8 semaines avant le d\u00e9but des cours<br \/>- 50% remboursement jusqu'\u00e0 4 semaines avant le d\u00e9but des cours<br \/>- Aucun remboursement dans les 4 semaines pr\u00e9c\u00e9dant la date d'arriv\u00e9e, ou en cas d'absence sans pr\u00e9avis.<\/p><p class=\"p1\">Malheureusement, aucun remboursement n'est possible en cas de d\u00e9part anticip\u00e9.<br \/>Nous vous recommandons de souscrire votre propre assurance voyage et annulation.<br \/>Ch\u00e2teau Gort &amp; Gort peut annuler le contrat de r\u00e9servation en cas de force majeure, de catastrophe naturelle, de conditions m\u00e9t\u00e9orologiques exceptionnelles, d'incendie, de d\u00e9c\u00e8s du propri\u00e9taire ou de sa famille imm\u00e9diate et de maladie ou d'hospitalisation du tuteur.<br \/><br \/><b>Paiements de retour<br \/><\/b>Si, en raison de circonstances telles que celles mentionn\u00e9es, Ch\u00e2teau Gort &amp; Gort proc\u00e8de \u00e0 un remboursement (partiel), celui-ci sera vers\u00e9 uniquement sur le num\u00e9ro de compte \u00e0 partir duquel le paiement a \u00e9t\u00e9 effectu\u00e9.<\/p><p class=\"p1\"><b>Programme<\/b><br \/>Le programme publi\u00e9 en ligne est une indication et aucun droit ne peut en \u00eatre tir\u00e9. Les horaires, l'ordre, les \u00e9l\u00e9ments du programme et les lieux peuvent \u00eatre modifi\u00e9s en fonction des disponibilit\u00e9s. Nous nous efforcerons bien entendu de vous informer le plus clairement et le plus rapidement possible en cas de changement.<\/p><p class=\"p1\"><b>Arriv\u00e9e et d\u00e9part<br \/><\/b>Avant le d\u00e9but du cours, vous recevrez un e-mail de bienvenue contenant le programme d\u00e9finitif. Celui-ci indiquera les heures de d\u00e9but et de fin des cours ainsi que l'endroit o\u00f9 vous pourrez vous enregistrer. Nous vous demandons de respecter ces horaires afin que les cours et autres travaux au ch\u00e2teau puissent se d\u00e9rouler sans encombre.<br \/>S'il n'y a pas d'autre solution et que vous pr\u00e9voyez d'arriver plus tard, veuillez envoyer un courriel \u00e0 l'avance \u00e0 l'adresse suivante <a href=\"mailto:visite@chateaugort.fr\">visite@chateaugort.fr<\/a> ou appelez Meriam au +316 42 83 04 04 pour prendre des dispositions \u00e0 ce sujet !<\/p><p class=\"p1\"><b>Parking<\/b><br \/>Garez votre voiture ou votre deux-roues sur le parking, pr\u00e8s des autres voitures. Veillez \u00e0 ce que l'entr\u00e9e du magasin et de la cave soit d\u00e9gag\u00e9e. Veillez \u00e0 ne pas vous garer trop pr\u00e8s de la vigne : nous devons parfois la d\u00e9passer avec le tracteur. Le stationnement se fait \u00e0 vos risques et p\u00e9rils.<\/p><p class=\"p1\"><b>Acc\u00e8s <\/b><i><br \/><\/i>Vous avez acc\u00e8s \u00e0 la salle de cours d\u00e9sign\u00e9e, au bloc sanitaire associ\u00e9, au parking et \u00e0 la zone publique \u00e0 l'ext\u00e9rieur de la cl\u00f4ture. Le reste n'est accessible qu'avec le personnel du Ch\u00e2teau Gort &amp; Gort. Nous vous demandons de respecter notre intimit\u00e9 et nos maisons et de ne pas vous promener seuls dans le ch\u00e2teau ou le jardin.<br \/>Il est interdit de camper sur la propri\u00e9t\u00e9 \u00e0 l'int\u00e9rieur ou \u00e0 l'ext\u00e9rieur de la cl\u00f4ture. Il y a un terrain de camping \u00e0 5 minutes \u00e0 pied du ch\u00e2teau ou demandez \u00e0 Meriam l'adresse de campings agr\u00e9ables \u00e0 proximit\u00e9.<\/p><p class=\"p1\"><b>Pas de responsabilit\u00e9 en cas de consommation d'alcool<\/b><br \/>Ch\u00e2teau Gort &amp; Gort\/Meriam n'encouragera jamais la consommation excessive d'alcool par les participants aux cours. Les vins servis sont des vins de d\u00e9gustation ; des crachoirs sont disponibles pour recracher le vin. Ch\u00e2teau Gort &amp; Gort n'est pas responsable des cons\u00e9quences de la consommation d'alcool avant, pendant et apr\u00e8s le cours. Le participant au cours est personnellement responsable d'une consommation prudente d'alcool, notamment en ce qui concerne la s\u00e9curit\u00e9 routi\u00e8re et les m\u00e9dicaments.<br \/><br \/><b>Fumer<\/b><br \/>Il est interdit de fumer \u00e0 l'int\u00e9rieur ou devant l'entr\u00e9e des locaux. Veuillez ne pas jeter vos m\u00e9gots par terre \u00e0 l'ext\u00e9rieur, mais les jeter correctement \u00e9teints dans la poubelle ou dans un cendrier.<\/p><p class=\"p1\"><b>En cas d'urgence<\/b><br \/>Des extincteurs et une bo\u00eete E.H.B.O. sont fournis.<br \/>En cas d'urgence, pr\u00e9venez toujours Meriam ou l'un des employ\u00e9s de Ch\u00e2teau Gort &amp; Gort. Voici les num\u00e9ros d'urgence en France :<br \/>15 : Ambulance pour les urgences m\u00e9dicales<br \/>17 : Police <br \/>18 : Pompiers <br \/>114 : Notification d'urgence via une application (pour les personnes sourdes ou malentendantes)<br \/>112 : Num\u00e9ro d'urgence g\u00e9n\u00e9ral<\/p><p class=\"p1\"><b>Responsabilit\u00e9<\/b><br \/>Les h\u00f4tes du Ch\u00e2teau Gort &amp; Gort<span class=\"Apple-converted-space\">\u00a0 <\/span>sont responsables de leur propre s\u00e9curit\u00e9.<br \/>Les h\u00f4tes de la maison de vacances du Ch\u00e2teau Gort &amp; Gort sont eux-m\u00eames responsables de la s\u00e9curit\u00e9 des enfants et des animaux de compagnie qu'ils am\u00e8nent avec eux. Ceci s'applique \u00e0 l'int\u00e9rieur de la maison de vacances mais aussi \u00e0 l'ext\u00e9rieur, comme le jardin, l'aire de jeux et la terrasse.<br \/>Le Ch\u00e2teau Gort &amp; Gort s'engage \u00e0 prendre les mesures appropri\u00e9es apr\u00e8s avoir signal\u00e9 les nuisances caus\u00e9es par les h\u00f4tes. Si le client fait du d\u00e9sordre, et que dans le pire des cas nous devons demander \u00e0 ce client de partir, nous ne pouvons pas rembourser le reste du s\u00e9jour.<\/p><p class=\"p1\">Une panne est survenue ? Veuillez en informer notre \u00e9quipe le plus rapidement possible. En cas de dommages graves caus\u00e9s par le locataire, la caution peut \u00eatre retenue et l'assurance peut \u00e9galement intervenir.<\/p><p class=\"p1\"><b>Assurance voyage et annulation<\/b><br \/>Nous conseillons vivement \u00e0 chaque participant de contracter sa propre assurance (voyage et annulation). Ch\u00e2teau Gort &amp; Gort ne souscrit pas d'assurance pour les participants aux cours.<\/p><p class=\"p1\"><b>Vie priv\u00e9e<\/b><br \/>Ch\u00e2teau Gort<span class=\"Apple-converted-space\">\u00a0 <\/span>est responsable du traitement des donn\u00e9es \u00e0 caract\u00e8re personnel, comme indiqu\u00e9 dans notre d\u00e9claration de confidentialit\u00e9 figurant sur notre site web.<\/p><p class=\"p1\"><b>Plaintes<\/b><br \/>Vous avez une plainte \u00e0 formuler ? Si c'est le cas, signalez-le \u00e0 Meriam m\u00eame pendant votre s\u00e9jour ; elle fera tout pour r\u00e9soudre le probl\u00e8me dans les plus brefs d\u00e9lais.<br \/>En cas d'urgence majeure ne pouvant attendre le lendemain, elle peut \u00eatre jointe au +31 6 42 83 04 04.<\/p><p class=\"p1\"><b>R\u00e8glement int\u00e9rieur<br \/><\/b>La maison de vacances du Ch\u00e2teau Gort &amp; Gort est soumise \u00e0 un certain nombre de r\u00e8gles :<\/p><ul class=\"ul1\"><li class=\"li2\"><i>Remboursement<\/i><br \/>Si l'invit\u00e9 fait des d\u00e9g\u00e2ts et que nous devons lui demander de partir dans le pire des cas, nous ne pouvons pas rembourser le reste du s\u00e9jour.<\/li><li class=\"li2\"><i>Animaux de compagnie<br \/><\/i>Les chiens sont les bienvenus. Vous pouvez amener votre fid\u00e8le compagnon \u00e0 quatre pattes dans la maison de vacances, moyennant des frais de nettoyage suppl\u00e9mentaires de 50 \u20ac par r\u00e9servation. <\/li><li class=\"li2\"><i>Fumer<br \/><\/i>Il est interdit de fumer dans les locaux. Veuillez \u00e9galement ne pas laisser de m\u00e9gots de cigarettes par terre dans la rue ou le jardin. Veuillez les \u00e9teindre correctement et les jeter dans la poubelle ou le cendrier. <\/li><li class=\"li2\"><i>Nuisances<br \/><\/i>Le Ch\u00e2teau Gort &amp; Gort Holiday Home est situ\u00e9 dans une petite rue avec de charmants voisins ; veillez \u00e0 ne pas faire trop de bruit \u00e0 l'ext\u00e9rieur. Apr\u00e8s avoir d\u00e9charg\u00e9 vos bagages \u00e0 l'arriv\u00e9e, revenez en arri\u00e8re par le m\u00eame chemin jusqu'au parking (ne continuez donc pas le chemin en tournant \u00e0 gauche au coin de la rue). <span class=\"s2\">Attention \u00e0 ne pas rouler dans le foss\u00e9 !<\/span> <\/li><li class=\"li2\"><i>Accueil des visiteurs<br \/><\/i>Cela n'est possible qu'avec l'accord et l'autorisation de l'\u00e9quipe. <\/li><li class=\"li2\"><i>Veuillez ne pas apporter de meubles ou d'autres objets \u00e0 l'ext\u00e9rieur.<br \/><\/i>Toutefois, il est permis d'utiliser des verres, des assiettes, des couverts et des nappes \u00e0 l'ext\u00e9rieur. <\/li><li class=\"li2\"><i>Des extincteurs et une trousse de premiers secours sont fournis.<\/i><br \/>Des extincteurs se trouvent dans la cuisine, le couloir et le corridor des deux \u00e9tages. La bo\u00eete de premiers secours est suspendue dans le placard de l'escalier, \u00e0 c\u00f4t\u00e9 des ustensiles de nettoyage. <\/li><li class=\"li1\"><i>Durable<br \/><\/i>Au Ch\u00e2teau Gort &amp; Gort, nous aimons la nature et nous nous effor\u00e7ons de la traiter le mieux possible. Nous trions les d\u00e9chets, vous nous aidez ? La carte SMICVAL qui se trouve dans le tiroir du bureau du salon permet d'ouvrir les conteneurs \u00e0 d\u00e9chets situ\u00e9s pr\u00e8s du parking. Veillez \u00e0 ce qu'il soit remis en place.<\/li><\/ul><p class=\"p3\">Le carton, les bo\u00eetes de conserve et le plastique peuvent \u00eatre mis ensemble dans la poubelle verte de recyclage situ\u00e9e dans la maison de vacances. Les d\u00e9chets VGF vont dans la poubelle des biod\u00e9chets, les d\u00e9chets r\u00e9siduels dans le conteneur normal et le verre dans le conteneur \u00e0 bouteilles.<\/p><ul class=\"ul1\"><li class=\"li2\"><i>Acc\u00e8s et verrouillage<br \/><\/i>Si vous ne vous trouvez pas \u00e0 proximit\u00e9 imm\u00e9diate de la maison de vacances, fermez les portes et les fen\u00eatres \u00e0 cl\u00e9. L'assurance ne couvre pas les dommages en cas de cambriolage. Les biens appartenant \u00e0 Ch\u00e2teau Gort &amp; Gort perdus par votre faute devront malheureusement \u00eatre r\u00e9cup\u00e9r\u00e9s aupr\u00e8s de vous.<\/li><li class=\"li1\"><i>Parking<br \/><\/i>Le g\u00eete se trouve dans une rue \u00e9troite que nous partageons avec nos chers voisins fran\u00e7ais. Afin de ne pas troubler leur tranquillit\u00e9, nous vous demandons de ne pas descendre la rue en voiture. Vous pouvez d\u00e9poser vos bagages devant la porte et revenir en arri\u00e8re par le m\u00eame chemin jusqu'au parking ; vous pouvez garer votre voiture au d\u00e9but de la rue. Attention \u00e0 ne pas rouler dans le foss\u00e9 !<\/li><\/ul><p class=\"p3\">Le stationnement est \u00e0 vos risques et p\u00e9rils.<\/p><p class=\"p1\">Ces conditions g\u00e9n\u00e9rales peuvent \u00eatre consult\u00e9es sur le site www.chateaugort-wijntoerisme.nl. Nous vous souhaitons un excellent s\u00e9jour au Ch\u00e2teau Gort &amp; Gort.<\/p><p class=\"p1\">Klaas Gort et Meriam Last<br \/>Saint-Romain-la-Virv\u00e9e\/Asques, juin 2025<\/p>\n<\/div><div class=\"bde-button-874-115 bde-button\">\n    \n                        \n                        \n    \n    \n    \n    \n            \n                    \n            \n            \n\n    \n    \n    \n    \n    \n    <a class=\"breakdance-link button-atom button-atom--primary bde-button__button\" href=\"\/fr\/\" target=\"_self\" data-type=\"url\"  >\n\n    \n        <span class=\"button-atom__text\">Retour \u00e0 l'accueil<\/span>\n\n        \n        \n                <\/a>\n\n    \n\n\n<\/div><\/div>\n<\/section><\/div>","protected":false},"excerpt":{"rendered":"<p>Algemene voorwaarden Kleine lettertjesWijnsurvivalcursus HandelsnaamSARL Ch\u00e2teau Gort &amp; Gort SIREN 398043778visite@chateaugort.fr235 Route du Chemin Court33240 Saint-Romain-la-Virv\u00e9eAlgemene voorwaarden Cursussen en VakantiehuisInschrijvingJe kunt via het contactformulier op de website en via e-mailadres visite@chateaugort.fr aangeven dat je interesse hebt in een wijncursus. Meriam zal vervolgens contact met je opnemen, de benodigde gegevens bij je opvragen en een plekje [&hellip;]<\/p>\n","protected":false},"author":2,"featured_media":0,"parent":723,"menu_order":0,"comment_status":"closed","ping_status":"closed","template":"","meta":{"_acf_changed":false,"_breakdance_hide_in_design_set":false,"_breakdance_tags":"","footnotes":""},"class_list":["post-874","page","type-page","status-publish","hentry"],"acf":[],"_links":{"self":[{"href":"https:\/\/chateaugort-wijntoerisme.nl\/fr\/wp-json\/wp\/v2\/pages\/874","targetHints":{"allow":["GET"]}}],"collection":[{"href":"https:\/\/chateaugort-wijntoerisme.nl\/fr\/wp-json\/wp\/v2\/pages"}],"about":[{"href":"https:\/\/chateaugort-wijntoerisme.nl\/fr\/wp-json\/wp\/v2\/types\/page"}],"author":[{"embeddable":true,"href":"https:\/\/chateaugort-wijntoerisme.nl\/fr\/wp-json\/wp\/v2\/users\/2"}],"replies":[{"embeddable":true,"href":"https:\/\/chateaugort-wijntoerisme.nl\/fr\/wp-json\/wp\/v2\/comments?post=874"}],"version-history":[{"count":2,"href":"https:\/\/chateaugort-wijntoerisme.nl\/fr\/wp-json\/wp\/v2\/pages\/874\/revisions"}],"predecessor-version":[{"id":876,"href":"https:\/\/chateaugort-wijntoerisme.nl\/fr\/wp-json\/wp\/v2\/pages\/874\/revisions\/876"}],"up":[{"embeddable":true,"href":"https:\/\/chateaugort-wijntoerisme.nl\/fr\/wp-json\/wp\/v2\/pages\/723"}],"wp:attachment":[{"href":"https:\/\/chateaugort-wijntoerisme.nl\/fr\/wp-json\/wp\/v2\/media?parent=874"}],"curies":[{"name":"wp","href":"https:\/\/api.w.org\/{rel}","templated":true}]}}